{"id":6322,"date":"2018-12-21T09:53:45","date_gmt":"2018-12-21T09:53:45","guid":{"rendered":"http:\/\/get.agcoconnect.com\/terms-of-use\/"},"modified":"2021-01-21T11:15:16","modified_gmt":"2021-01-21T11:15:16","slug":"kullanim-kosullari","status":"publish","type":"page","link":"https:\/\/get.agcoconnect.com\/tr\/kullanim-kosullari\/","title":{"rendered":"Kullan\u0131m ko\u015fullar\u0131"},"content":{"rendered":"<p>Bu AGCO web sitesi size a\u015fa\u011f\u0131da belirtilen ko\u015fullarda sunulmaktad\u0131r. Bu web sitesine eri\u015fmeniz ve kullanman\u0131z, bu ko\u015fullar\u0131 kabul etti\u011finiz anlam\u0131na gelir. Bu ko\u015fullar\u0131 kabul etmiyorsan\u0131z web sitemizi kullanmamal\u0131s\u0131n\u0131z. Gizlilik Bildirimimiz, web sitemizi kulland\u0131\u011f\u0131n\u0131zda da ge\u00e7erli olabilir. Gizlilik Bildirimi, sizden toplad\u0131\u011f\u0131m\u0131z veya bize verdi\u011finiz ki\u015fisel verileri i\u015fledi\u011fimiz ko\u015fullar\u0131 belirler. Web sitemizi kullanarak bu t\u00fcr i\u015flemlere izin vermi\u015f olursunuz.<\/p>\n<p>Sitemizi k\u00f6t\u00fc niyetli veya teknolojik olarak zararl\u0131 vir\u00fcsler, truva atlar\u0131, solucanlar, mant\u0131k bombalar\u0131 veya di\u011fer materyalleri bilerek ekleyerek k\u00f6t\u00fcye kullanmamal\u0131s\u0131n\u0131z. Sitemize, sitemizin depoland\u0131\u011f\u0131 sunucuya veya sitemize ba\u011fl\u0131 herhangi bir sunucuya, bilgisayara veya veritaban\u0131na yetkisiz eri\u015fim sa\u011flamaya \u00e7al\u0131\u015fmamal\u0131s\u0131n\u0131z. Sitemize bir hizmet reddi sald\u0131r\u0131s\u0131 veya da\u011f\u0131t\u0131lm\u0131\u015f hizmet reddi sald\u0131r\u0131s\u0131 yoluyla sald\u0131rmamal\u0131s\u0131n\u0131z. Bu web sitesine eri\u015ferek, uygun t\u00fcm zamanlarda idari izlemeye a\u00e7\u0131k\u00e7a izin vermi\u015f olursunuz. Bu t\u00fcr bir izleme s\u0131ras\u0131nda tespit edilen olas\u0131 herhangi bir su\u00e7 faaliyetine dair kan\u0131t uygun makamlara verilebilir. Bu t\u00fcr bir izlemeye izin vermiyorsan\u0131z l\u00fctfen bu web sitesinden hemen \u00e7\u0131k\u0131n. Bu web sitesinde yer alan yaz\u0131l\u0131m metni veya grafiklere ili\u015fkin telif haklar\u0131 kapsam\u0131ndaki hak, istihkak ve menfaatler AGCO&#8217;ya aittir veya AGCO taraf\u0131ndan lisanslanm\u0131\u015ft\u0131r. AGCO&#8217;nun yaz\u0131l\u0131 onay\u0131 olmadan bu web sitesinde bulunan malzemenin yay\u0131nlanmas\u0131, kopyalanmas\u0131 veya da\u011f\u0131t\u0131m\u0131na izin verilmez. AGCO veya AGCO markalar\u0131n\u0131n ad\u0131 (Challenger, Fella, Fendt, Fuse, Gleaner, GSI, Massey Ferguson ve Valtra dahil) veya AGCO markalar\u0131n\u0131n logolar\u0131, AGCO veya bir AGCO \u015firketi ile yap\u0131lan uygun bayi veya distrib\u00fct\u00f6r s\u00f6zle\u015fmesinde belirtildi\u011fi \u015fekilde reklamlarda veya tan\u0131t\u0131mlarda kullan\u0131lamaz veya \u00f6nceden yaz\u0131l\u0131 izin al\u0131nmadan da\u011f\u0131t\u0131lamaz. Bu web sitesinde yer alan hi\u00e7bir \u015fey, AGCO&#8217;nun veya g\u00f6r\u00fcnt\u00fclenen patentlere veya ticari markalara sahip olabilecek \u00fc\u00e7\u00fcnc\u00fc \u015fah\u0131slar\u0131n yaz\u0131l\u0131 izni olmadan AGCO&#8217;nun herhangi bir patentini veya ticari markas\u0131n\u0131 kullanmak \u00fczere herhangi bir lisans veya hak verdi\u011fi \u015feklinde yorumlanamaz. Patentlerin veya ticari markalar\u0131n kullan\u0131m\u0131 veya bir \u00f6\u011fenin AGCO&#8217;nun ticari markas\u0131 olup olmad\u0131\u011f\u0131 ile ilgili her t\u00fcrl\u00fc soru AGCO&#8217;ya iletilmelidir. Web sitemizdeki i\u00e7erik yaln\u0131zca genel bilgi ama\u00e7l\u0131d\u0131r.<\/p>\n<p>Bu, g\u00fcvenmeniz gereken tavsiye anlam\u0131na gelmemektedir. Bu web sitesinde yer alan bilgilerin m\u00fcmk\u00fcn oldu\u011funca do\u011fru, eksiksiz ve g\u00fcncel olmas\u0131n\u0131 sa\u011flamak i\u00e7in makul gayret g\u00f6steriyoruz. Bununla birlikte, Web sitesinde AGCO&#8217;nun herhangi bir sorumluluk veya y\u00fck\u00fcml\u00fcl\u00fck kabul etmedi\u011fi yanl\u0131\u015fl\u0131klar, hatalar veya eksiklikler bulunabilir. Web sitesinde yer alan bu ko\u015fullar ve bilgiler zaman zaman de\u011fi\u015ftirilebilir. Sitemizi her kullanmak istedi\u011finizde o anda ge\u00e7erli olan ko\u015fullar\u0131 anlad\u0131\u011f\u0131n\u0131zdan emin olmak i\u00e7in l\u00fctfen bu ko\u015fullar\u0131 kontrol edin. AGCO veya AGCO \u00fcr\u00fcnleri hakk\u0131ndaki bilgiler yaln\u0131zca a\u00e7\u0131klama i\u00e7indir ve bunlara g\u00fcvenilmemelidir. Yasalar\u0131n izin verdi\u011fi \u00f6l\u00e7\u00fcde, AGCO \u015firketleri, kullan\u0131mdan kaynaklanan veya kullan\u0131mla ba\u011flant\u0131l\u0131 olarak, s\u00f6zle\u015fmeden, ihmalden veya di\u011fer hileli eylemlerinden ya da bu web sitesinin k\u00f6t\u00fcye kullan\u0131m\u0131 veya performans\u0131 ya da herhangi bir bilgi, bilgi eksikli\u011fi, belgeler, yaz\u0131l\u0131mlar veya herhangi bir AGCO web sayfas\u0131ndan elde edilen di\u011fer materyallerden kaynaklanan herhangi bir \u00f6zel, dolayl\u0131 veya sonu\u00e7 olarak meydana gelen hasardan (kar veya gelir kayb\u0131 dahil) hi\u00e7bir durumda sorumlu tutulamaz. AGCO&#8217;nun a\u00e7\u0131k\u00e7a izin verdi\u011fi durumlar haricinde, bu sitedeki veri tabanlar\u0131nda tutulan hi\u00e7bir bilgi sizin taraf\u0131n\u0131zdan herhangi bir bi\u00e7imde \u00e7o\u011falt\u0131lamaz veya da\u011f\u0131t\u0131lamaz ve kendi ki\u015fisel veya ticari kullan\u0131m\u0131n\u0131z i\u00e7in bireyler hakk\u0131nda ki\u015fisel bilgi alma yetkiniz yoktur. Bu web sitesi \u00fc\u00e7\u00fcnc\u00fc taraf web sitelerine ba\u011flant\u0131lar i\u00e7erebilir. Bu ba\u011flant\u0131lar size yaln\u0131zca kolayl\u0131k sa\u011flamak amac\u0131yla verilmi\u015ftir. Bu t\u00fcr ba\u011flant\u0131l\u0131 siteler AGCO&#8217;nun kontrol\u00fc veya etkisi alt\u0131nda de\u011fildir.<\/p>\n<p>AGCO, herhangi bir \u00fc\u00e7\u00fcnc\u00fc taraf ba\u011flant\u0131l\u0131 sitenin i\u00e7eri\u011fi veya ba\u011flant\u0131l\u0131 bir sitede bulunan herhangi bir ba\u011flant\u0131 i\u00e7in hi\u00e7bir sorumluluk veya y\u00fck\u00fcml\u00fcl\u00fck kabul etmez. Herhangi bir ba\u011flant\u0131n\u0131n eklenmesi, ba\u011flant\u0131l\u0131 kurulu\u015flar\u0131n, ba\u011flant\u0131l\u0131 sitelerin veya herhangi bir ba\u011flant\u0131l\u0131 sitede yer alan herhangi bir \u00fcr\u00fcn veya hizmetin AGCO taraf\u0131ndan onayland\u0131\u011f\u0131 anlam\u0131na gelmez. Sitemizin g\u00fcvenli olaca\u011f\u0131n\u0131 veya hatalardan veya vir\u00fcslerden ar\u0131nm\u0131\u015f olaca\u011f\u0131n\u0131 veya her zaman kesintisiz eri\u015fime a\u00e7\u0131k olaca\u011f\u0131n\u0131 garanti etmiyoruz. AGCO, bu web sitesine eri\u015fiminiz veya bu web sitesinden herhangi bir malzeme, veri, metin, resim, video veya ses indirmeniz nedeniyle bilgisayar ekipman\u0131n\u0131z\u0131, yaz\u0131l\u0131m\u0131n\u0131z\u0131, verilerinizi veya di\u011fer m\u00fclk\u00fcn\u00fcz\u00fc etkileyen vir\u00fcsler veya zararlardan sorumlu tutulamaz.<\/p>\n<p>Bu web sitesinin kullan\u0131m\u0131 yoluyla m\u00fclkiyetinize veya kontrol\u00fcn\u00fcze giren AGCO kaynakl\u0131 veya AGCO&#8217;ya ait olan verilerin, finansal ayr\u0131nt\u0131lar\u0131n veya ticari a\u00e7\u0131dan hassas bilgilerin korunmas\u0131n\u0131 ve gizli bir \u015fekilde muamele g\u00f6rmesini ve \u00f6zellikle verileri kullanmamay\u0131 sa\u011flamak i\u00e7in gerekli t\u00fcm ad\u0131mlar\u0131 atars\u0131n\u0131z veya AGCO taraf\u0131ndan yetkilendirilenler d\u0131\u015f\u0131nda herhangi bir bi\u00e7imde bilgi veya verileri tamamen veya k\u0131smen \u00e7o\u011faltamaz veya AGCO&#8217;nun \u00f6nceden yaz\u0131l\u0131 onay\u0131 d\u0131\u015f\u0131nda, verileri veya bilgileri herhangi bir \u00fc\u00e7\u00fcnc\u00fc \u015fahsa veya AGCO taraf\u0131ndan almaya yetkili olmayan ki\u015filere if\u015fa edemezsiniz.<\/p>\n<p>Web sitesini kullan\u0131m\u0131n\u0131z i\u00e7in ge\u00e7erli oldu\u011fundan ve sitemizdeki tan\u0131mlama bilgileri hakk\u0131nda bilgi i\u00e7erdi\u011finden l\u00fctfen <a href=\"https:\/\/www.agcocorp.com\/cookies.html\" target=\"_blank\" rel=\"noopener noreferrer\">Tan\u0131mlama Bilgisi Politikam\u0131z\u0131n<\/a> ko\u015fullar\u0131n\u0131 \u00f6\u011frenin.<\/p>\n","protected":false},"excerpt":{"rendered":"<p>Bu AGCO web sitesi size a\u015fa\u011f\u0131da belirtilen ko\u015fullarda sunulmaktad\u0131r. Bu web sitesine eri\u015fmeniz ve kullanman\u0131z, bu ko\u015fullar\u0131 kabul etti\u011finiz anlam\u0131na gelir. Bu ko\u015fullar\u0131 kabul etmiyorsan\u0131z web sitemizi kullanmamal\u0131s\u0131n\u0131z. Gizlilik Bildirimimiz, web sitemizi kulland\u0131\u011f\u0131n\u0131zda da ge\u00e7erli olabilir. Gizlilik Bildirimi, sizden toplad\u0131\u011f\u0131m\u0131z veya bize verdi\u011finiz ki\u015fisel verileri i\u015fledi\u011fimiz ko\u015fullar\u0131 belirler. Web sitemizi kullanarak bu t\u00fcr i\u015flemlere izin [&hellip;]<\/p>\n","protected":false},"author":2,"featured_media":5932,"parent":0,"menu_order":0,"comment_status":"closed","ping_status":"closed","template":"","meta":{"_acf_changed":false,"footnotes":""},"class_list":["post-6322","page","type-page","status-publish","has-post-thumbnail","hentry"],"acf":[],"yoast_head":"<!-- This site is optimized with the Yoast SEO plugin v24.2 - https:\/\/yoast.com\/wordpress\/plugins\/seo\/ -->\n<title>Kullan\u0131m ko\u015fullar\u0131 - Agco Connect<\/title>\n<meta name=\"robots\" content=\"index, follow, max-snippet:-1, max-image-preview:large, max-video-preview:-1\" \/>\n<link rel=\"canonical\" href=\"https:\/\/get.agcoconnect.com\/tr\/kullanim-kosullari\/\" \/>\n<meta property=\"og:locale\" content=\"tr_TR\" \/>\n<meta property=\"og:type\" content=\"article\" \/>\n<meta property=\"og:title\" content=\"Kullan\u0131m ko\u015fullar\u0131 - Agco Connect\" \/>\n<meta property=\"og:description\" content=\"Bu AGCO web sitesi size a\u015fa\u011f\u0131da belirtilen ko\u015fullarda sunulmaktad\u0131r. Bu web sitesine eri\u015fmeniz ve kullanman\u0131z, bu ko\u015fullar\u0131 kabul etti\u011finiz anlam\u0131na gelir. Bu ko\u015fullar\u0131 kabul etmiyorsan\u0131z web sitemizi kullanmamal\u0131s\u0131n\u0131z. Gizlilik Bildirimimiz, web sitemizi kulland\u0131\u011f\u0131n\u0131zda da ge\u00e7erli olabilir. Gizlilik Bildirimi, sizden toplad\u0131\u011f\u0131m\u0131z veya bize verdi\u011finiz ki\u015fisel verileri i\u015fledi\u011fimiz ko\u015fullar\u0131 belirler. Web sitemizi kullanarak bu t\u00fcr i\u015flemlere izin [&hellip;]\" \/>\n<meta property=\"og:url\" content=\"https:\/\/get.agcoconnect.com\/tr\/kullanim-kosullari\/\" \/>\n<meta property=\"og:site_name\" content=\"Agco Connect\" \/>\n<meta property=\"article:modified_time\" content=\"2021-01-21T11:15:16+00:00\" \/>\n<meta property=\"og:image\" content=\"https:\/\/get.agcoconnect.com\/assets\/files\/2019\/01\/AGCO-Connect-SC-Valtra-hero-pixilation-red-3.jpg\" \/>\n\t<meta property=\"og:image:width\" content=\"1600\" \/>\n\t<meta property=\"og:image:height\" content=\"900\" \/>\n\t<meta property=\"og:image:type\" content=\"image\/jpeg\" \/>\n<meta name=\"twitter:card\" content=\"summary_large_image\" \/>\n<meta name=\"twitter:label1\" content=\"Tahmini okuma s\u00fcresi\" \/>\n\t<meta name=\"twitter:data1\" content=\"5 dakika\" \/>\n<script type=\"application\/ld+json\" class=\"yoast-schema-graph\">{\"@context\":\"https:\/\/schema.org\",\"@graph\":[{\"@type\":\"WebPage\",\"@id\":\"https:\/\/get.agcoconnect.com\/tr\/kullanim-kosullari\/\",\"url\":\"https:\/\/get.agcoconnect.com\/tr\/kullanim-kosullari\/\",\"name\":\"Kullan\u0131m ko\u015fullar\u0131 - Agco Connect\",\"isPartOf\":{\"@id\":\"https:\/\/get.agcoconnect.com\/#website\"},\"primaryImageOfPage\":{\"@id\":\"https:\/\/get.agcoconnect.com\/tr\/kullanim-kosullari\/#primaryimage\"},\"image\":{\"@id\":\"https:\/\/get.agcoconnect.com\/tr\/kullanim-kosullari\/#primaryimage\"},\"thumbnailUrl\":\"https:\/\/get.agcoconnect.com\/assets\/files\/2019\/01\/AGCO-Connect-SC-Valtra-hero-pixilation-red-3.jpg\",\"datePublished\":\"2018-12-21T09:53:45+00:00\",\"dateModified\":\"2021-01-21T11:15:16+00:00\",\"breadcrumb\":{\"@id\":\"https:\/\/get.agcoconnect.com\/tr\/kullanim-kosullari\/#breadcrumb\"},\"inLanguage\":\"tr\",\"potentialAction\":[{\"@type\":\"ReadAction\",\"target\":[\"https:\/\/get.agcoconnect.com\/tr\/kullanim-kosullari\/\"]}]},{\"@type\":\"ImageObject\",\"inLanguage\":\"tr\",\"@id\":\"https:\/\/get.agcoconnect.com\/tr\/kullanim-kosullari\/#primaryimage\",\"url\":\"https:\/\/get.agcoconnect.com\/assets\/files\/2019\/01\/AGCO-Connect-SC-Valtra-hero-pixilation-red-3.jpg\",\"contentUrl\":\"https:\/\/get.agcoconnect.com\/assets\/files\/2019\/01\/AGCO-Connect-SC-Valtra-hero-pixilation-red-3.jpg\",\"width\":1600,\"height\":900},{\"@type\":\"BreadcrumbList\",\"@id\":\"https:\/\/get.agcoconnect.com\/tr\/kullanim-kosullari\/#breadcrumb\",\"itemListElement\":[{\"@type\":\"ListItem\",\"position\":1,\"name\":\"Home\",\"item\":\"https:\/\/get.agcoconnect.com\/tr\/\"},{\"@type\":\"ListItem\",\"position\":2,\"name\":\"Kullan\u0131m ko\u015fullar\u0131\"}]},{\"@type\":\"WebSite\",\"@id\":\"https:\/\/get.agcoconnect.com\/#website\",\"url\":\"https:\/\/get.agcoconnect.com\/\",\"name\":\"Agco Connect\",\"description\":\"\",\"potentialAction\":[{\"@type\":\"SearchAction\",\"target\":{\"@type\":\"EntryPoint\",\"urlTemplate\":\"https:\/\/get.agcoconnect.com\/?s={search_term_string}\"},\"query-input\":{\"@type\":\"PropertyValueSpecification\",\"valueRequired\":true,\"valueName\":\"search_term_string\"}}],\"inLanguage\":\"tr\"}]}<\/script>\n<!-- \/ Yoast SEO plugin. -->","yoast_head_json":{"title":"Kullan\u0131m ko\u015fullar\u0131 - Agco Connect","robots":{"index":"index","follow":"follow","max-snippet":"max-snippet:-1","max-image-preview":"max-image-preview:large","max-video-preview":"max-video-preview:-1"},"canonical":"https:\/\/get.agcoconnect.com\/tr\/kullanim-kosullari\/","og_locale":"tr_TR","og_type":"article","og_title":"Kullan\u0131m ko\u015fullar\u0131 - Agco Connect","og_description":"Bu AGCO web sitesi size a\u015fa\u011f\u0131da belirtilen ko\u015fullarda sunulmaktad\u0131r. Bu web sitesine eri\u015fmeniz ve kullanman\u0131z, bu ko\u015fullar\u0131 kabul etti\u011finiz anlam\u0131na gelir. Bu ko\u015fullar\u0131 kabul etmiyorsan\u0131z web sitemizi kullanmamal\u0131s\u0131n\u0131z. Gizlilik Bildirimimiz, web sitemizi kulland\u0131\u011f\u0131n\u0131zda da ge\u00e7erli olabilir. Gizlilik Bildirimi, sizden toplad\u0131\u011f\u0131m\u0131z veya bize verdi\u011finiz ki\u015fisel verileri i\u015fledi\u011fimiz ko\u015fullar\u0131 belirler. Web sitemizi kullanarak bu t\u00fcr i\u015flemlere izin [&hellip;]","og_url":"https:\/\/get.agcoconnect.com\/tr\/kullanim-kosullari\/","og_site_name":"Agco Connect","article_modified_time":"2021-01-21T11:15:16+00:00","og_image":[{"width":1600,"height":900,"url":"https:\/\/get.agcoconnect.com\/assets\/files\/2019\/01\/AGCO-Connect-SC-Valtra-hero-pixilation-red-3.jpg","type":"image\/jpeg"}],"twitter_card":"summary_large_image","twitter_misc":{"Tahmini okuma s\u00fcresi":"5 dakika"},"schema":{"@context":"https:\/\/schema.org","@graph":[{"@type":"WebPage","@id":"https:\/\/get.agcoconnect.com\/tr\/kullanim-kosullari\/","url":"https:\/\/get.agcoconnect.com\/tr\/kullanim-kosullari\/","name":"Kullan\u0131m ko\u015fullar\u0131 - Agco Connect","isPartOf":{"@id":"https:\/\/get.agcoconnect.com\/#website"},"primaryImageOfPage":{"@id":"https:\/\/get.agcoconnect.com\/tr\/kullanim-kosullari\/#primaryimage"},"image":{"@id":"https:\/\/get.agcoconnect.com\/tr\/kullanim-kosullari\/#primaryimage"},"thumbnailUrl":"https:\/\/get.agcoconnect.com\/assets\/files\/2019\/01\/AGCO-Connect-SC-Valtra-hero-pixilation-red-3.jpg","datePublished":"2018-12-21T09:53:45+00:00","dateModified":"2021-01-21T11:15:16+00:00","breadcrumb":{"@id":"https:\/\/get.agcoconnect.com\/tr\/kullanim-kosullari\/#breadcrumb"},"inLanguage":"tr","potentialAction":[{"@type":"ReadAction","target":["https:\/\/get.agcoconnect.com\/tr\/kullanim-kosullari\/"]}]},{"@type":"ImageObject","inLanguage":"tr","@id":"https:\/\/get.agcoconnect.com\/tr\/kullanim-kosullari\/#primaryimage","url":"https:\/\/get.agcoconnect.com\/assets\/files\/2019\/01\/AGCO-Connect-SC-Valtra-hero-pixilation-red-3.jpg","contentUrl":"https:\/\/get.agcoconnect.com\/assets\/files\/2019\/01\/AGCO-Connect-SC-Valtra-hero-pixilation-red-3.jpg","width":1600,"height":900},{"@type":"BreadcrumbList","@id":"https:\/\/get.agcoconnect.com\/tr\/kullanim-kosullari\/#breadcrumb","itemListElement":[{"@type":"ListItem","position":1,"name":"Home","item":"https:\/\/get.agcoconnect.com\/tr\/"},{"@type":"ListItem","position":2,"name":"Kullan\u0131m ko\u015fullar\u0131"}]},{"@type":"WebSite","@id":"https:\/\/get.agcoconnect.com\/#website","url":"https:\/\/get.agcoconnect.com\/","name":"Agco Connect","description":"","potentialAction":[{"@type":"SearchAction","target":{"@type":"EntryPoint","urlTemplate":"https:\/\/get.agcoconnect.com\/?s={search_term_string}"},"query-input":{"@type":"PropertyValueSpecification","valueRequired":true,"valueName":"search_term_string"}}],"inLanguage":"tr"}]}},"_links":{"self":[{"href":"https:\/\/get.agcoconnect.com\/tr\/wp-json\/wp\/v2\/pages\/6322","targetHints":{"allow":["GET"]}}],"collection":[{"href":"https:\/\/get.agcoconnect.com\/tr\/wp-json\/wp\/v2\/pages"}],"about":[{"href":"https:\/\/get.agcoconnect.com\/tr\/wp-json\/wp\/v2\/types\/page"}],"author":[{"embeddable":true,"href":"https:\/\/get.agcoconnect.com\/tr\/wp-json\/wp\/v2\/users\/2"}],"replies":[{"embeddable":true,"href":"https:\/\/get.agcoconnect.com\/tr\/wp-json\/wp\/v2\/comments?post=6322"}],"version-history":[{"count":1,"href":"https:\/\/get.agcoconnect.com\/tr\/wp-json\/wp\/v2\/pages\/6322\/revisions"}],"predecessor-version":[{"id":6855,"href":"https:\/\/get.agcoconnect.com\/tr\/wp-json\/wp\/v2\/pages\/6322\/revisions\/6855"}],"wp:featuredmedia":[{"embeddable":true,"href":"https:\/\/get.agcoconnect.com\/tr\/wp-json\/wp\/v2\/media\/5932"}],"wp:attachment":[{"href":"https:\/\/get.agcoconnect.com\/tr\/wp-json\/wp\/v2\/media?parent=6322"}],"curies":[{"name":"wp","href":"https:\/\/api.w.org\/{rel}","templated":true}]}}