{"id":4760,"date":"2020-04-07T10:10:44","date_gmt":"2020-04-07T10:10:44","guid":{"rendered":"http:\/\/get.agcoconnect.com\/for-dealers\/whats-new-for-dealers\/"},"modified":"2020-04-15T12:11:15","modified_gmt":"2020-04-15T12:11:15","slug":"whats-new-for-dealers","status":"publish","type":"page","link":"https:\/\/get.agcoconnect.com\/sv\/for-dealers\/whats-new-for-dealers\/","title":{"rendered":"Vad \u00e4r nytt f\u00f6r \u00e5terf\u00f6rs\u00e4ljare"},"content":{"rendered":"","protected":false},"excerpt":{"rendered":"","protected":false},"author":2,"featured_media":2173,"parent":2201,"menu_order":0,"comment_status":"closed","ping_status":"closed","template":"","meta":{"_acf_changed":false,"footnotes":""},"class_list":["post-4760","page","type-page","status-publish","has-post-thumbnail","hentry"],"acf":[],"yoast_head":"<!-- This site is optimized with the Yoast SEO plugin v24.2 - https:\/\/yoast.com\/wordpress\/plugins\/seo\/ -->\n<title>Vad \u00e4r nytt f\u00f6r \u00e5terf\u00f6rs\u00e4ljare - Agco Connect<\/title>\n<meta name=\"robots\" content=\"noindex, nofollow\" \/>\n<meta property=\"og:locale\" content=\"sv_SE\" \/>\n<meta property=\"og:type\" content=\"article\" \/>\n<meta property=\"og:title\" content=\"Vad \u00e4r nytt f\u00f6r \u00e5terf\u00f6rs\u00e4ljare - Agco Connect\" \/>\n<meta property=\"og:url\" content=\"https:\/\/get.agcoconnect.com\/sv\/for-dealers\/whats-new-for-dealers\/\" \/>\n<meta property=\"og:site_name\" content=\"Agco Connect\" \/>\n<meta property=\"article:modified_time\" content=\"2020-04-15T12:11:15+00:00\" \/>\n<meta property=\"og:image\" content=\"https:\/\/get.agcoconnect.com\/assets\/files\/2019\/05\/AGCO-Connect-SC-hero-Massey-owner.jpg\" \/>\n\t<meta property=\"og:image:width\" content=\"1600\" \/>\n\t<meta property=\"og:image:height\" content=\"900\" \/>\n\t<meta property=\"og:image:type\" content=\"image\/jpeg\" \/>\n<meta name=\"twitter:card\" content=\"summary_large_image\" \/>\n<script type=\"application\/ld+json\" class=\"yoast-schema-graph\">{\"@context\":\"https:\/\/schema.org\",\"@graph\":[{\"@type\":\"WebPage\",\"@id\":\"https:\/\/get.agcoconnect.com\/sv\/for-dealers\/whats-new-for-dealers\/\",\"url\":\"https:\/\/get.agcoconnect.com\/sv\/for-dealers\/whats-new-for-dealers\/\",\"name\":\"Vad \u00e4r nytt f\u00f6r \u00e5terf\u00f6rs\u00e4ljare - Agco Connect\",\"isPartOf\":{\"@id\":\"https:\/\/get.agcoconnect.com\/#website\"},\"primaryImageOfPage\":{\"@id\":\"https:\/\/get.agcoconnect.com\/sv\/for-dealers\/whats-new-for-dealers\/#primaryimage\"},\"image\":{\"@id\":\"https:\/\/get.agcoconnect.com\/sv\/for-dealers\/whats-new-for-dealers\/#primaryimage\"},\"thumbnailUrl\":\"https:\/\/get.agcoconnect.com\/assets\/files\/2019\/05\/AGCO-Connect-SC-hero-Massey-owner.jpg\",\"datePublished\":\"2020-04-07T10:10:44+00:00\",\"dateModified\":\"2020-04-15T12:11:15+00:00\",\"breadcrumb\":{\"@id\":\"https:\/\/get.agcoconnect.com\/sv\/for-dealers\/whats-new-for-dealers\/#breadcrumb\"},\"inLanguage\":\"sv-SE\",\"potentialAction\":[{\"@type\":\"ReadAction\",\"target\":[\"https:\/\/get.agcoconnect.com\/sv\/for-dealers\/whats-new-for-dealers\/\"]}]},{\"@type\":\"ImageObject\",\"inLanguage\":\"sv-SE\",\"@id\":\"https:\/\/get.agcoconnect.com\/sv\/for-dealers\/whats-new-for-dealers\/#primaryimage\",\"url\":\"https:\/\/get.agcoconnect.com\/assets\/files\/2019\/05\/AGCO-Connect-SC-hero-Massey-owner.jpg\",\"contentUrl\":\"https:\/\/get.agcoconnect.com\/assets\/files\/2019\/05\/AGCO-Connect-SC-hero-Massey-owner.jpg\",\"width\":1600,\"height\":900},{\"@type\":\"BreadcrumbList\",\"@id\":\"https:\/\/get.agcoconnect.com\/sv\/for-dealers\/whats-new-for-dealers\/#breadcrumb\",\"itemListElement\":[{\"@type\":\"ListItem\",\"position\":1,\"name\":\"Home\",\"item\":\"https:\/\/get.agcoconnect.com\/sv\/\"},{\"@type\":\"ListItem\",\"position\":2,\"name\":\"F\u00f6r \u00e5terf\u00f6rs\u00e4ljare\",\"item\":\"https:\/\/get.agcoconnect.com\/sv\/for-dealers\/\"},{\"@type\":\"ListItem\",\"position\":3,\"name\":\"Vad \u00e4r nytt f\u00f6r \u00e5terf\u00f6rs\u00e4ljare\"}]},{\"@type\":\"WebSite\",\"@id\":\"https:\/\/get.agcoconnect.com\/#website\",\"url\":\"https:\/\/get.agcoconnect.com\/\",\"name\":\"Agco Connect\",\"description\":\"\",\"potentialAction\":[{\"@type\":\"SearchAction\",\"target\":{\"@type\":\"EntryPoint\",\"urlTemplate\":\"https:\/\/get.agcoconnect.com\/?s={search_term_string}\"},\"query-input\":{\"@type\":\"PropertyValueSpecification\",\"valueRequired\":true,\"valueName\":\"search_term_string\"}}],\"inLanguage\":\"sv-SE\"}]}<\/script>\n<!-- \/ Yoast SEO plugin. -->","yoast_head_json":{"title":"Vad \u00e4r nytt f\u00f6r \u00e5terf\u00f6rs\u00e4ljare - Agco Connect","robots":{"index":"noindex","follow":"nofollow"},"og_locale":"sv_SE","og_type":"article","og_title":"Vad \u00e4r nytt f\u00f6r \u00e5terf\u00f6rs\u00e4ljare - Agco Connect","og_url":"https:\/\/get.agcoconnect.com\/sv\/for-dealers\/whats-new-for-dealers\/","og_site_name":"Agco Connect","article_modified_time":"2020-04-15T12:11:15+00:00","og_image":[{"width":1600,"height":900,"url":"https:\/\/get.agcoconnect.com\/assets\/files\/2019\/05\/AGCO-Connect-SC-hero-Massey-owner.jpg","type":"image\/jpeg"}],"twitter_card":"summary_large_image","schema":{"@context":"https:\/\/schema.org","@graph":[{"@type":"WebPage","@id":"https:\/\/get.agcoconnect.com\/sv\/for-dealers\/whats-new-for-dealers\/","url":"https:\/\/get.agcoconnect.com\/sv\/for-dealers\/whats-new-for-dealers\/","name":"Vad \u00e4r nytt f\u00f6r \u00e5terf\u00f6rs\u00e4ljare - Agco Connect","isPartOf":{"@id":"https:\/\/get.agcoconnect.com\/#website"},"primaryImageOfPage":{"@id":"https:\/\/get.agcoconnect.com\/sv\/for-dealers\/whats-new-for-dealers\/#primaryimage"},"image":{"@id":"https:\/\/get.agcoconnect.com\/sv\/for-dealers\/whats-new-for-dealers\/#primaryimage"},"thumbnailUrl":"https:\/\/get.agcoconnect.com\/assets\/files\/2019\/05\/AGCO-Connect-SC-hero-Massey-owner.jpg","datePublished":"2020-04-07T10:10:44+00:00","dateModified":"2020-04-15T12:11:15+00:00","breadcrumb":{"@id":"https:\/\/get.agcoconnect.com\/sv\/for-dealers\/whats-new-for-dealers\/#breadcrumb"},"inLanguage":"sv-SE","potentialAction":[{"@type":"ReadAction","target":["https:\/\/get.agcoconnect.com\/sv\/for-dealers\/whats-new-for-dealers\/"]}]},{"@type":"ImageObject","inLanguage":"sv-SE","@id":"https:\/\/get.agcoconnect.com\/sv\/for-dealers\/whats-new-for-dealers\/#primaryimage","url":"https:\/\/get.agcoconnect.com\/assets\/files\/2019\/05\/AGCO-Connect-SC-hero-Massey-owner.jpg","contentUrl":"https:\/\/get.agcoconnect.com\/assets\/files\/2019\/05\/AGCO-Connect-SC-hero-Massey-owner.jpg","width":1600,"height":900},{"@type":"BreadcrumbList","@id":"https:\/\/get.agcoconnect.com\/sv\/for-dealers\/whats-new-for-dealers\/#breadcrumb","itemListElement":[{"@type":"ListItem","position":1,"name":"Home","item":"https:\/\/get.agcoconnect.com\/sv\/"},{"@type":"ListItem","position":2,"name":"F\u00f6r \u00e5terf\u00f6rs\u00e4ljare","item":"https:\/\/get.agcoconnect.com\/sv\/for-dealers\/"},{"@type":"ListItem","position":3,"name":"Vad \u00e4r nytt f\u00f6r \u00e5terf\u00f6rs\u00e4ljare"}]},{"@type":"WebSite","@id":"https:\/\/get.agcoconnect.com\/#website","url":"https:\/\/get.agcoconnect.com\/","name":"Agco Connect","description":"","potentialAction":[{"@type":"SearchAction","target":{"@type":"EntryPoint","urlTemplate":"https:\/\/get.agcoconnect.com\/?s={search_term_string}"},"query-input":{"@type":"PropertyValueSpecification","valueRequired":true,"valueName":"search_term_string"}}],"inLanguage":"sv-SE"}]}},"_links":{"self":[{"href":"https:\/\/get.agcoconnect.com\/sv\/wp-json\/wp\/v2\/pages\/4760","targetHints":{"allow":["GET"]}}],"collection":[{"href":"https:\/\/get.agcoconnect.com\/sv\/wp-json\/wp\/v2\/pages"}],"about":[{"href":"https:\/\/get.agcoconnect.com\/sv\/wp-json\/wp\/v2\/types\/page"}],"author":[{"embeddable":true,"href":"https:\/\/get.agcoconnect.com\/sv\/wp-json\/wp\/v2\/users\/2"}],"replies":[{"embeddable":true,"href":"https:\/\/get.agcoconnect.com\/sv\/wp-json\/wp\/v2\/comments?post=4760"}],"version-history":[{"count":1,"href":"https:\/\/get.agcoconnect.com\/sv\/wp-json\/wp\/v2\/pages\/4760\/revisions"}],"predecessor-version":[{"id":4805,"href":"https:\/\/get.agcoconnect.com\/sv\/wp-json\/wp\/v2\/pages\/4760\/revisions\/4805"}],"up":[{"embeddable":true,"href":"https:\/\/get.agcoconnect.com\/sv\/wp-json\/wp\/v2\/pages\/2201"}],"wp:featuredmedia":[{"embeddable":true,"href":"https:\/\/get.agcoconnect.com\/sv\/wp-json\/wp\/v2\/media\/2173"}],"wp:attachment":[{"href":"https:\/\/get.agcoconnect.com\/sv\/wp-json\/wp\/v2\/media?parent=4760"}],"curies":[{"name":"wp","href":"https:\/\/api.w.org\/{rel}","templated":true}]}}