{"id":2433,"date":"2018-12-21T09:53:45","date_gmt":"2018-12-21T09:53:45","guid":{"rendered":"http:\/\/get.agcoconnect.com\/terms-of-use\/"},"modified":"2019-12-05T06:39:30","modified_gmt":"2019-12-05T06:39:30","slug":"terms-of-use","status":"publish","type":"page","link":"https:\/\/get.agcoconnect.com\/sv\/terms-of-use\/","title":{"rendered":"Anv\u00e4ndarvillkor"},"content":{"rendered":"<p>AGCO:s webbplats tillhandah\u00e5lls i enlighet med villkoren nedan. Genom att anv\u00e4nda denna webbplats accepterar du dessa villkor. Om du inte accepterar dessa villkor b\u00f6r du inte anv\u00e4nda v\u00e5r webbplats. V\u00e5r\u00a0sekretesspolicy\u00a0omfattar \u00e4ven din anv\u00e4ndning av v\u00e5r webbplats. I sekretesspolicyn finns information om hur vi behandlar alla personuppgifter som vi samlar in fr\u00e5n dig eller som du ger oss. Genom att anv\u00e4nda v\u00e5r webbplats samtycker du till s\u00e5dan behandling.<\/p>\n<p>Du f\u00e5r inte missbruka v\u00e5r webbplats genom att avsiktligt inf\u00f6ra virus, trojaner, maskar, logiska bomber eller annat material som \u00e4r skadligt eller farligt. Du f\u00e5r inte f\u00f6rs\u00f6ka f\u00e5 obeh\u00f6rig \u00e5tkomst till v\u00e5r webbplats, servern som v\u00e5r webbplats \u00e4r lagrad p\u00e5 eller n\u00e5gon annan server, data eller databas som \u00e4r ansluten till v\u00e5r webbplats. Du f\u00e5r inte angripa v\u00e5r webbplats med en \u00f6verbelastningsattack eller en distribuerad \u00f6verbelastningsattack. Genom att anv\u00e4nda denna webbplats samtycker du uttryckligen till administrativ \u00f6vervakning vid tillf\u00e4llen som det bed\u00f6ms relevant. Bevis p\u00e5 brottslig verksamhet som uppt\u00e4cks under s\u00e5dan \u00f6vervakning kan anm\u00e4las till l\u00e4mpliga myndigheter. Om du inte samtycker till s\u00e5dan \u00f6vervakning b\u00f6r du l\u00e4mna webbplatsen omedelbart.<\/p>\n<p>Alla r\u00e4ttigheter, befogenheter och intressen till och i all text och grafik i programvaran p\u00e5 den h\u00e4r webbplats \u00e4gs eller har licensierats av AGCO. Utan skriftligt medgivande fr\u00e5n AGCO \u00e4r det f\u00f6rbjudet att publicera, kopiera eller distribuera inneh\u00e5llet p\u00e5 den h\u00e4r webbplatsen.<\/p>\n<p>Namnet AGCO eller AGCO:s varum\u00e4rken (inklusive Challenger, Fella, Fendt, Fuse, Gleaner, GSI, Massey Ferguson och Valtra) eller logotyperna f\u00f6r AGCO:s varum\u00e4rken f\u00e5r inte anv\u00e4ndas i reklam, marknadsf\u00f6ring eller annan typ av distribution utan specifikt skriftligt tillst\u00e5nd fr\u00e5n AGCO eller enligt vad som anges i till\u00e4mpligt avtal som ing\u00e5tts mellan \u00e5terf\u00f6rs\u00e4ljare eller distribut\u00f6r och ett AGCO-f\u00f6retag.<\/p>\n<p>Inget p\u00e5 denna webbplats ska tolkas som ett beviljande av en licens eller r\u00e4tt att anv\u00e4nda n\u00e5got av AGCO:s patent eller varum\u00e4rken utan f\u00f6reg\u00e5ende skriftligt tillst\u00e5nd fr\u00e5n AGCO eller en tredje part som \u00e4ger patent eller varum\u00e4rke som visas. Kontakta AGCO vid fr\u00e5gor om anv\u00e4ndning av patent eller varum\u00e4rken, eller om huruvida ett f\u00f6rem\u00e5l \u00e4r ett varum\u00e4rke som tillh\u00f6r ACGO.<\/p>\n<p>Inneh\u00e5llet p\u00e5 v\u00e5r webbplats \u00e4r endast tillg\u00e4ngligt f\u00f6r allm\u00e4n information. Det \u00e4r inte avsett som r\u00e5d p\u00e5 vilka du b\u00f6r f\u00f6rlita dig. Vi g\u00f6r rimliga anstr\u00e4ngningar f\u00f6r att s\u00e4kerst\u00e4lla att informationen p\u00e5 webbplatsen \u00e4r tillf\u00f6rlitlig, fullst\u00e4ndig och aktuellt som m\u00f6jligt. AGCO friskriver sig fr\u00e5n ansvar eller \u00e5tagande f\u00f6r oriktigheter, fel och f\u00f6rbiseenden som kan finnas p\u00e5 webbplatsen. Villkoren och informationen p\u00e5 webbplatsen kan \u00e4ndras fr\u00e5n tid till annan. L\u00e4s igenom villkoren f\u00f6r att s\u00e4kerst\u00e4lla att du f\u00f6rst\u00e5r villkoren som g\u00e4ller n\u00e4r du anv\u00e4nder webbplatsen. Information om AGCO eller AGCO:s produkter tj\u00e4nar som illustration och \u00e4r inte tillf\u00f6rlitliga. I den utstr\u00e4ckning som lagen till\u00e5ter \u00e4r inget AGCO-f\u00f6retag under n\u00e5gra omst\u00e4ndigheter ansvarigt f\u00f6r speciella, indirekta eller efterf\u00f6ljande skador (inklusive vinst- eller int\u00e4ktsf\u00f6rlust), oavsett om det beror p\u00e5 ett avtal, f\u00f6rsumlighet eller andra otill\u00e5tna handlingar som uppkommit i samband med anv\u00e4ndning, missbruk eller till f\u00f6ljd av denna webbplats, eller av information, brist p\u00e5 information, dokument, programvara eller annat material som erh\u00e5llits via n\u00e5gon av AGCO:s webbsidor.<\/p>\n<p>Utan uttryckligt tillst\u00e5nd fr\u00e5n AGCO f\u00e5r ingen information som lagras i databaserna p\u00e5 denna webbplats reproduceras eller distribueras av dig i n\u00e5gon som helst form och du \u00e4r inte beh\u00f6rig att extrahera personuppgifter om individer f\u00f6r personligt eller kommersiellt bruk.<\/p>\n<p>Denna webbplats kan inneh\u00e5lla l\u00e4nkar till webbplatser fr\u00e5n tredje parter. Dessa l\u00e4nkar tillhandah\u00e5lls endast som en service. AGCO har ingen kontroll eller inflytande \u00f6ver dessa webbplatser. AGCO \u00e5tar sig inte ansvar eller skyldighet f\u00f6r inneh\u00e5llet p\u00e5 webbplatser som tillh\u00f6r tredje parter eller l\u00e4nkar som finns p\u00e5 dessa webbplatser. Omst\u00e4ndigheten att det finns l\u00e4nkar till andra webbplatser inneb\u00e4r inte att AGCO rekommenderar dessa eller de produkter och tj\u00e4nster som erbjuds p\u00e5 n\u00e5gon av dessa webbplatser.<\/p>\n<p>Vi garanterar inte heller att v\u00e5ra webbplats \u00e4r s\u00e4ker, fri fr\u00e5n fel eller virus, eller att den alltid finns tillg\u00e4nglig utan oavbruten \u00e5tkomst. AGCO \u00e5tar sig inget ansvar och ska inte h\u00e5llas ansvarigt f\u00f6r eventuella skador eller virus som p\u00e5verkar din datorutrustning, programvara, data eller annan egendom till f\u00f6ljd av anv\u00e4ndningen av denna webbplats eller h\u00e4mtning av material, data, text, bilder, videor eller ljud fr\u00e5n webbplatsen.<\/p>\n<p>Du vidtar alla n\u00f6dv\u00e4ndiga \u00e5tg\u00e4rder f\u00f6r att s\u00e4kerst\u00e4lla att data, ekonomiska uppgifter eller kommersiellt k\u00e4nslig information som h\u00e4rr\u00f6r fr\u00e5n eller tillh\u00f6r AGCO som du kommer i besittning av eller f\u00e5r kontroll \u00f6ver via anv\u00e4ndning av denna webbplats \u00e4r skyddad och h\u00e5lls hemlig samt att du i synnerhet inte<\/p>\n<p>anv\u00e4nder de data eller informationen, reproducerar de data eller informationen i sin helhet eller delvis i n\u00e5gon som helst form utan f\u00f6reg\u00e5ende skriftligt samtycke fr\u00e5n AGCO, eller<\/p>\n<p>avsl\u00f6jar data eller information till n\u00e5gon tredje part eller personer som inte f\u00e5tt beh\u00f6righet av AGCO att ta emot det, utom d\u00e5 AGCO i f\u00f6rv\u00e4g givit skriftligt samtycke.<\/p>\n<p>L\u00e4s igenom villkoren i v\u00e5r <a href=\"https:\/\/www.agcocorp.com\/cookies.html\" target=\"_blank\" rel=\"noopener noreferrer\">cookiepolicy<\/a>. Den omfattar din anv\u00e4ndning av webbplatsen och inneh\u00e5ller information om de kakor som anv\u00e4nds p\u00e5 v\u00e5r webbplats.<\/p>\n","protected":false},"excerpt":{"rendered":"<p>AGCO:s webbplats tillhandah\u00e5lls i enlighet med villkoren nedan. Genom att anv\u00e4nda denna webbplats accepterar du dessa villkor. Om du inte accepterar dessa villkor b\u00f6r du inte anv\u00e4nda v\u00e5r webbplats. V\u00e5r\u00a0sekretesspolicy\u00a0omfattar \u00e4ven din anv\u00e4ndning av v\u00e5r webbplats. I sekretesspolicyn finns information om hur vi behandlar alla personuppgifter som vi samlar in fr\u00e5n dig eller som du [&hellip;]<\/p>\n","protected":false},"author":2,"featured_media":2243,"parent":0,"menu_order":0,"comment_status":"closed","ping_status":"closed","template":"","meta":{"_acf_changed":false,"footnotes":""},"class_list":["post-2433","page","type-page","status-publish","has-post-thumbnail","hentry"],"acf":[],"yoast_head":"<!-- This site is optimized with the Yoast SEO plugin v24.2 - https:\/\/yoast.com\/wordpress\/plugins\/seo\/ -->\n<title>Anv\u00e4ndarvillkor - Agco Connect<\/title>\n<meta name=\"robots\" content=\"index, follow, max-snippet:-1, max-image-preview:large, max-video-preview:-1\" \/>\n<link rel=\"canonical\" href=\"https:\/\/get.agcoconnect.com\/sv\/terms-of-use\/\" \/>\n<meta property=\"og:locale\" content=\"sv_SE\" \/>\n<meta property=\"og:type\" content=\"article\" \/>\n<meta property=\"og:title\" content=\"Anv\u00e4ndarvillkor - Agco Connect\" \/>\n<meta property=\"og:description\" content=\"AGCO:s webbplats tillhandah\u00e5lls i enlighet med villkoren nedan. Genom att anv\u00e4nda denna webbplats accepterar du dessa villkor. Om du inte accepterar dessa villkor b\u00f6r du inte anv\u00e4nda v\u00e5r webbplats. V\u00e5r\u00a0sekretesspolicy\u00a0omfattar \u00e4ven din anv\u00e4ndning av v\u00e5r webbplats. I sekretesspolicyn finns information om hur vi behandlar alla personuppgifter som vi samlar in fr\u00e5n dig eller som du [&hellip;]\" \/>\n<meta property=\"og:url\" content=\"https:\/\/get.agcoconnect.com\/sv\/terms-of-use\/\" \/>\n<meta property=\"og:site_name\" content=\"Agco Connect\" \/>\n<meta property=\"article:modified_time\" content=\"2019-12-05T06:39:30+00:00\" \/>\n<meta property=\"og:image\" content=\"https:\/\/get.agcoconnect.com\/assets\/files\/2019\/01\/AGCO-Connect-SC-Valtra-hero-pixilation-red-3.jpg\" \/>\n\t<meta property=\"og:image:width\" content=\"1600\" \/>\n\t<meta property=\"og:image:height\" content=\"900\" \/>\n\t<meta property=\"og:image:type\" content=\"image\/jpeg\" \/>\n<meta name=\"twitter:card\" content=\"summary_large_image\" \/>\n<meta name=\"twitter:label1\" content=\"Ber\u00e4knad l\u00e4stid\" \/>\n\t<meta name=\"twitter:data1\" content=\"5 minuter\" \/>\n<script type=\"application\/ld+json\" class=\"yoast-schema-graph\">{\"@context\":\"https:\/\/schema.org\",\"@graph\":[{\"@type\":\"WebPage\",\"@id\":\"https:\/\/get.agcoconnect.com\/sv\/terms-of-use\/\",\"url\":\"https:\/\/get.agcoconnect.com\/sv\/terms-of-use\/\",\"name\":\"Anv\u00e4ndarvillkor - Agco Connect\",\"isPartOf\":{\"@id\":\"https:\/\/get.agcoconnect.com\/#website\"},\"primaryImageOfPage\":{\"@id\":\"https:\/\/get.agcoconnect.com\/sv\/terms-of-use\/#primaryimage\"},\"image\":{\"@id\":\"https:\/\/get.agcoconnect.com\/sv\/terms-of-use\/#primaryimage\"},\"thumbnailUrl\":\"https:\/\/get.agcoconnect.com\/assets\/files\/2019\/01\/AGCO-Connect-SC-Valtra-hero-pixilation-red-3.jpg\",\"datePublished\":\"2018-12-21T09:53:45+00:00\",\"dateModified\":\"2019-12-05T06:39:30+00:00\",\"breadcrumb\":{\"@id\":\"https:\/\/get.agcoconnect.com\/sv\/terms-of-use\/#breadcrumb\"},\"inLanguage\":\"sv-SE\",\"potentialAction\":[{\"@type\":\"ReadAction\",\"target\":[\"https:\/\/get.agcoconnect.com\/sv\/terms-of-use\/\"]}]},{\"@type\":\"ImageObject\",\"inLanguage\":\"sv-SE\",\"@id\":\"https:\/\/get.agcoconnect.com\/sv\/terms-of-use\/#primaryimage\",\"url\":\"https:\/\/get.agcoconnect.com\/assets\/files\/2019\/01\/AGCO-Connect-SC-Valtra-hero-pixilation-red-3.jpg\",\"contentUrl\":\"https:\/\/get.agcoconnect.com\/assets\/files\/2019\/01\/AGCO-Connect-SC-Valtra-hero-pixilation-red-3.jpg\",\"width\":1600,\"height\":900},{\"@type\":\"BreadcrumbList\",\"@id\":\"https:\/\/get.agcoconnect.com\/sv\/terms-of-use\/#breadcrumb\",\"itemListElement\":[{\"@type\":\"ListItem\",\"position\":1,\"name\":\"Home\",\"item\":\"https:\/\/get.agcoconnect.com\/sv\/\"},{\"@type\":\"ListItem\",\"position\":2,\"name\":\"Anv\u00e4ndarvillkor\"}]},{\"@type\":\"WebSite\",\"@id\":\"https:\/\/get.agcoconnect.com\/#website\",\"url\":\"https:\/\/get.agcoconnect.com\/\",\"name\":\"Agco Connect\",\"description\":\"\",\"potentialAction\":[{\"@type\":\"SearchAction\",\"target\":{\"@type\":\"EntryPoint\",\"urlTemplate\":\"https:\/\/get.agcoconnect.com\/?s={search_term_string}\"},\"query-input\":{\"@type\":\"PropertyValueSpecification\",\"valueRequired\":true,\"valueName\":\"search_term_string\"}}],\"inLanguage\":\"sv-SE\"}]}<\/script>\n<!-- \/ Yoast SEO plugin. -->","yoast_head_json":{"title":"Anv\u00e4ndarvillkor - Agco Connect","robots":{"index":"index","follow":"follow","max-snippet":"max-snippet:-1","max-image-preview":"max-image-preview:large","max-video-preview":"max-video-preview:-1"},"canonical":"https:\/\/get.agcoconnect.com\/sv\/terms-of-use\/","og_locale":"sv_SE","og_type":"article","og_title":"Anv\u00e4ndarvillkor - Agco Connect","og_description":"AGCO:s webbplats tillhandah\u00e5lls i enlighet med villkoren nedan. Genom att anv\u00e4nda denna webbplats accepterar du dessa villkor. Om du inte accepterar dessa villkor b\u00f6r du inte anv\u00e4nda v\u00e5r webbplats. V\u00e5r\u00a0sekretesspolicy\u00a0omfattar \u00e4ven din anv\u00e4ndning av v\u00e5r webbplats. I sekretesspolicyn finns information om hur vi behandlar alla personuppgifter som vi samlar in fr\u00e5n dig eller som du [&hellip;]","og_url":"https:\/\/get.agcoconnect.com\/sv\/terms-of-use\/","og_site_name":"Agco Connect","article_modified_time":"2019-12-05T06:39:30+00:00","og_image":[{"width":1600,"height":900,"url":"https:\/\/get.agcoconnect.com\/assets\/files\/2019\/01\/AGCO-Connect-SC-Valtra-hero-pixilation-red-3.jpg","type":"image\/jpeg"}],"twitter_card":"summary_large_image","twitter_misc":{"Ber\u00e4knad l\u00e4stid":"5 minuter"},"schema":{"@context":"https:\/\/schema.org","@graph":[{"@type":"WebPage","@id":"https:\/\/get.agcoconnect.com\/sv\/terms-of-use\/","url":"https:\/\/get.agcoconnect.com\/sv\/terms-of-use\/","name":"Anv\u00e4ndarvillkor - Agco Connect","isPartOf":{"@id":"https:\/\/get.agcoconnect.com\/#website"},"primaryImageOfPage":{"@id":"https:\/\/get.agcoconnect.com\/sv\/terms-of-use\/#primaryimage"},"image":{"@id":"https:\/\/get.agcoconnect.com\/sv\/terms-of-use\/#primaryimage"},"thumbnailUrl":"https:\/\/get.agcoconnect.com\/assets\/files\/2019\/01\/AGCO-Connect-SC-Valtra-hero-pixilation-red-3.jpg","datePublished":"2018-12-21T09:53:45+00:00","dateModified":"2019-12-05T06:39:30+00:00","breadcrumb":{"@id":"https:\/\/get.agcoconnect.com\/sv\/terms-of-use\/#breadcrumb"},"inLanguage":"sv-SE","potentialAction":[{"@type":"ReadAction","target":["https:\/\/get.agcoconnect.com\/sv\/terms-of-use\/"]}]},{"@type":"ImageObject","inLanguage":"sv-SE","@id":"https:\/\/get.agcoconnect.com\/sv\/terms-of-use\/#primaryimage","url":"https:\/\/get.agcoconnect.com\/assets\/files\/2019\/01\/AGCO-Connect-SC-Valtra-hero-pixilation-red-3.jpg","contentUrl":"https:\/\/get.agcoconnect.com\/assets\/files\/2019\/01\/AGCO-Connect-SC-Valtra-hero-pixilation-red-3.jpg","width":1600,"height":900},{"@type":"BreadcrumbList","@id":"https:\/\/get.agcoconnect.com\/sv\/terms-of-use\/#breadcrumb","itemListElement":[{"@type":"ListItem","position":1,"name":"Home","item":"https:\/\/get.agcoconnect.com\/sv\/"},{"@type":"ListItem","position":2,"name":"Anv\u00e4ndarvillkor"}]},{"@type":"WebSite","@id":"https:\/\/get.agcoconnect.com\/#website","url":"https:\/\/get.agcoconnect.com\/","name":"Agco Connect","description":"","potentialAction":[{"@type":"SearchAction","target":{"@type":"EntryPoint","urlTemplate":"https:\/\/get.agcoconnect.com\/?s={search_term_string}"},"query-input":{"@type":"PropertyValueSpecification","valueRequired":true,"valueName":"search_term_string"}}],"inLanguage":"sv-SE"}]}},"_links":{"self":[{"href":"https:\/\/get.agcoconnect.com\/sv\/wp-json\/wp\/v2\/pages\/2433","targetHints":{"allow":["GET"]}}],"collection":[{"href":"https:\/\/get.agcoconnect.com\/sv\/wp-json\/wp\/v2\/pages"}],"about":[{"href":"https:\/\/get.agcoconnect.com\/sv\/wp-json\/wp\/v2\/types\/page"}],"author":[{"embeddable":true,"href":"https:\/\/get.agcoconnect.com\/sv\/wp-json\/wp\/v2\/users\/2"}],"replies":[{"embeddable":true,"href":"https:\/\/get.agcoconnect.com\/sv\/wp-json\/wp\/v2\/comments?post=2433"}],"version-history":[{"count":1,"href":"https:\/\/get.agcoconnect.com\/sv\/wp-json\/wp\/v2\/pages\/2433\/revisions"}],"predecessor-version":[{"id":2809,"href":"https:\/\/get.agcoconnect.com\/sv\/wp-json\/wp\/v2\/pages\/2433\/revisions\/2809"}],"wp:featuredmedia":[{"embeddable":true,"href":"https:\/\/get.agcoconnect.com\/sv\/wp-json\/wp\/v2\/media\/2243"}],"wp:attachment":[{"href":"https:\/\/get.agcoconnect.com\/sv\/wp-json\/wp\/v2\/media?parent=2433"}],"curies":[{"name":"wp","href":"https:\/\/api.w.org\/{rel}","templated":true}]}}