{"id":2429,"date":"2018-12-21T09:53:45","date_gmt":"2018-12-21T09:53:45","guid":{"rendered":"http:\/\/get.agcoconnect.com\/terms-of-use\/"},"modified":"2019-12-04T10:55:27","modified_gmt":"2019-12-04T10:55:27","slug":"terms-of-use","status":"publish","type":"page","link":"https:\/\/get.agcoconnect.com\/pt-pt\/terms-of-use\/","title":{"rendered":"Termos de utiliza\u00e7\u00e3o"},"content":{"rendered":"<p>Este website da AGCO \u00e9-lhe oferecido nos termos estabelecidos abaixo. O acesso e a utiliza\u00e7\u00e3o deste website por parte do utilizador constituem a aceita\u00e7\u00e3o destes termos. Caso n\u00e3o concorde com estes termos, n\u00e3o poder\u00e1 utilizar o nosso website. A nossa Declara\u00e7\u00e3o de Privacidade pode tamb\u00e9m aplicar-se \u00e0 utiliza\u00e7\u00e3o do nosso website por parte do utilizador. A nossa Declara\u00e7\u00e3o de Privacidade estabelece os termos de acordo com os quais processamos quaisquer dados pessoais que recolhamos do utilizador ou que este nos forne\u00e7a. Ao utilizar o nosso website, autoriza esse processamento.<\/p>\n<p>O utilizador n\u00e3o deve utilizar indevidamente o nosso site atrav\u00e9s da implementa\u00e7\u00e3o consciente de v\u00edrus, trojans, worms, bombas l\u00f3gicas ou outro material malicioso ou tecnologicamente prejudicial. N\u00e3o deve tentar obter acesso n\u00e3o autorizado ao nosso site, ao servidor no qual o nosso site est\u00e1 armazenado ou a qualquer servidor, computador ou base de dados relacionados com o nosso site. N\u00e3o deve atacar o nosso site com um ataque de nega\u00e7\u00e3o de servi\u00e7o ou com um ataque de nega\u00e7\u00e3o de servi\u00e7o distribu\u00eddo. Ao aceder a este website, o utilizador autoriza expressamente a monitoriza\u00e7\u00e3o administrativa em qualquer momento relevante. As evid\u00eancias de qualquer poss\u00edvel actividade criminosa identificadas durante esta monitoriza\u00e7\u00e3o podem ser disponibilizadas \u00e0s autoridades competentes. Caso n\u00e3o autorize tal monitoriza\u00e7\u00e3o, feche imediatamente este website.<\/p>\n<p>Os direitos, o t\u00edtulo e o interesse em todos os direitos de autor de qualquer texto ou imagem de software neste website s\u00e3o propriedade ou licenciados pela AGCO. N\u00e3o \u00e9 permitida a publica\u00e7\u00e3o, c\u00f3pia ou distribui\u00e7\u00e3o do material inclu\u00eddo neste website sem o consentimento por escrito da AGCO.<\/p>\n<p>O nome da AGCO ou das marcas da AGCO (incluindo Challenger, Fella, Fendt, Fuse, Gleaner, GSI, Massey Ferguson e Valtra) ou os log\u00f3tipos das marcas da AGCO n\u00e3o podem ser utilizados em an\u00fancios ou publicidades nem distribu\u00eddos sem a autoriza\u00e7\u00e3o pr\u00e9via por escrito da AGCO ou conforme descrito no contrato adequado do concession\u00e1rio ou distribuidor, celebrado com uma empresa AGCO.<\/p>\n<p>Nenhum do conte\u00fado deste website deve ser interpretado como uma concess\u00e3o de qualquer licen\u00e7a ou direito de utiliza\u00e7\u00e3o de quaisquer patentes ou marcas comerciais da AGCO sem a autoriza\u00e7\u00e3o por escrito da AGCO ou de terceiros que possam ser propriet\u00e1rios das patentes ou marcas comerciais apresentadas. Quaisquer quest\u00f5es relacionadas com a utiliza\u00e7\u00e3o de patentes ou marcas comerciais ou sobre se um artigo se trata de uma marca comercial da AGCO devem ser remetidas para a AGCO.<\/p>\n<p>O conte\u00fado do nosso website \u00e9 fornecido apenas para informa\u00e7\u00e3o geral. N\u00e3o se destina a ser interpretado como um conselho sobre em quais deve confiar. Envidamos esfor\u00e7os razo\u00e1veis para garantir que as informa\u00e7\u00f5es contidas neste website s\u00e3o t\u00e3o precisas, completas e actualizadas quanto poss\u00edvel. No entanto, podem existir imprecis\u00f5es, erros ou omiss\u00f5es no website, pelos quais a AGCO recusa qualquer responsabilidade. Estes termos e informa\u00e7\u00f5es no website podem ser submetidos a altera\u00e7\u00f5es peri\u00f3dicas. Sempre que pretender utilizar o nosso site, consulte estes termos para se certificar de que compreende os termos que se aplicam nesse momento. As informa\u00e7\u00f5es sobre a AGCO ou sobre os produtos AGCO s\u00e3o meramente ilustrativas e n\u00e3o devem ser utilizadas como base de confian\u00e7a. Na extens\u00e3o m\u00e1xima permitida por lei, as empresas AGCO n\u00e3o ser\u00e3o, em situa\u00e7\u00e3o alguma, respons\u00e1veis por quaisquer danos especiais, indirectos ou consequenciais (incluindo pela perda de lucros ou receitas), seja num contrato, neglig\u00eancia ou outra ac\u00e7\u00e3o tortuosa, resultantes ou relacionados com a utiliza\u00e7\u00e3o, utiliza\u00e7\u00e3o indevida ou com o desempenho deste website ou de qualquer informa\u00e7\u00e3o, falta de informa\u00e7\u00e3o, documentos, software ou outro material obtido atrav\u00e9s de quaisquer p\u00e1ginas web da AGCO.<\/p>\n<p>Excepto caso seja expressamente permitido pela AGCO, nenhuma informa\u00e7\u00e3o contida nas bases de dados deste site pode ser reproduzida ou distribu\u00edda pelo utilizador, sob qualquer forma, e o utilizador n\u00e3o est\u00e1 autorizado a extrair informa\u00e7\u00f5es pessoais sobre indiv\u00edduos para sua pr\u00f3pria utiliza\u00e7\u00e3o pessoal ou comercial.<\/p>\n<p>Este website pode conter liga\u00e7\u00f5es para websites de terceiros. Estas liga\u00e7\u00f5es s\u00e3o-lhe fornecidas apenas por conveni\u00eancia. Os sites a estas associados n\u00e3o est\u00e3o sob o controlo ou influ\u00eancia da AGCO. A AGCO n\u00e3o assume qualquer responsabilidade pelo conte\u00fado de qualquer site com liga\u00e7\u00e3o a terceiros ou por qualquer liga\u00e7\u00e3o contida num website ligado. A inclus\u00e3o de qualquer hiperliga\u00e7\u00e3o n\u00e3o implica necessariamente a recomenda\u00e7\u00e3o da AGCO das entidades associadas, do site ligado ou de quaisquer produtos ou servi\u00e7os contidos em qualquer site ligado.<\/p>\n<p>N\u00e3o garantimos que o nosso site esteja protegido ou isento de erros ou v\u00edrus, ou que estar\u00e1 sempre dispon\u00edvel com acesso ininterrupto. A AGCO n\u00e3o assume qualquer responsabilidade e n\u00e3o ser\u00e1 respons\u00e1vel por quaisquer danos ou v\u00edrus que afectem o equipamento inform\u00e1tico, software, dados ou outras propriedades do utilizador, como resultado do seu acesso a este website ou da transfer\u00eancia de quaisquer materiais, dados, texto, imagens, v\u00eddeo ou \u00e1udio do mesmo.<\/p>\n<p>O utilizador tomar\u00e1 todas as medidas necess\u00e1rias para garantir que os dados, detalhes financeiros ou informa\u00e7\u00f5es comercialmente sens\u00edveis provenientes ou pertencentes \u00e0 AGCO das quais tome posse ou controlo atrav\u00e9s da utiliza\u00e7\u00e3o deste website s\u00e3o protegidos e processados de forma confidencial e em particular o utilizador n\u00e3o ir\u00e1:<\/p>\n<p>utilizar os dados ou informa\u00e7\u00f5es nem reproduzir os dados ou informa\u00e7\u00f5es na totalidade ou em parte, sob qualquer forma, excepto mediante autoriza\u00e7\u00e3o da AGCO; ou<\/p>\n<p>divulgar os dados ou informa\u00e7\u00f5es a terceiros ou pessoas n\u00e3o autorizadas pela AGCO para os receber, excepto mediante autoriza\u00e7\u00e3o pr\u00e9via por escrito da AGCO.<\/p>\n<p>Familiarize-se com os termos da nossa\u00a0<a href=\"https:\/\/www.agcocorp.com\/cookies.html\" target=\"_blank\" rel=\"noopener noreferrer\">Pol\u00edtica de Cookies<\/a>, uma vez que esta se aplica \u00e0 utiliza\u00e7\u00e3o do website por parte do utilizador e fornece informa\u00e7\u00f5es sobre os cookies no nosso website.<\/p>\n","protected":false},"excerpt":{"rendered":"<p>Este website da AGCO \u00e9-lhe oferecido nos termos estabelecidos abaixo. O acesso e a utiliza\u00e7\u00e3o deste website por parte do utilizador constituem a aceita\u00e7\u00e3o destes termos. Caso n\u00e3o concorde com estes termos, n\u00e3o poder\u00e1 utilizar o nosso website. A nossa Declara\u00e7\u00e3o de Privacidade pode tamb\u00e9m aplicar-se \u00e0 utiliza\u00e7\u00e3o do nosso website por parte do utilizador. [&hellip;]<\/p>\n","protected":false},"author":2,"featured_media":2235,"parent":0,"menu_order":0,"comment_status":"closed","ping_status":"closed","template":"","meta":{"_acf_changed":false,"footnotes":""},"class_list":["post-2429","page","type-page","status-publish","has-post-thumbnail","hentry"],"acf":[],"yoast_head":"<!-- This site is optimized with the Yoast SEO plugin v24.2 - https:\/\/yoast.com\/wordpress\/plugins\/seo\/ -->\n<title>Termos de utiliza\u00e7\u00e3o - Agco Connect<\/title>\n<meta name=\"robots\" content=\"index, follow, max-snippet:-1, max-image-preview:large, max-video-preview:-1\" \/>\n<link rel=\"canonical\" href=\"https:\/\/get.agcoconnect.com\/pt-pt\/terms-of-use\/\" \/>\n<meta property=\"og:locale\" content=\"pt_PT\" \/>\n<meta property=\"og:type\" content=\"article\" \/>\n<meta property=\"og:title\" content=\"Termos de utiliza\u00e7\u00e3o - Agco Connect\" \/>\n<meta property=\"og:description\" content=\"Este website da AGCO \u00e9-lhe oferecido nos termos estabelecidos abaixo. O acesso e a utiliza\u00e7\u00e3o deste website por parte do utilizador constituem a aceita\u00e7\u00e3o destes termos. Caso n\u00e3o concorde com estes termos, n\u00e3o poder\u00e1 utilizar o nosso website. A nossa Declara\u00e7\u00e3o de Privacidade pode tamb\u00e9m aplicar-se \u00e0 utiliza\u00e7\u00e3o do nosso website por parte do utilizador. [&hellip;]\" \/>\n<meta property=\"og:url\" content=\"https:\/\/get.agcoconnect.com\/pt-pt\/terms-of-use\/\" \/>\n<meta property=\"og:site_name\" content=\"Agco Connect\" \/>\n<meta property=\"article:modified_time\" content=\"2019-12-04T10:55:27+00:00\" \/>\n<meta property=\"og:image\" content=\"https:\/\/get.agcoconnect.com\/assets\/files\/2019\/01\/AGCO-Connect-SC-Valtra-hero-pixilation-red-3.jpg\" \/>\n\t<meta property=\"og:image:width\" content=\"1600\" \/>\n\t<meta property=\"og:image:height\" content=\"900\" \/>\n\t<meta property=\"og:image:type\" content=\"image\/jpeg\" \/>\n<meta name=\"twitter:card\" content=\"summary_large_image\" \/>\n<meta name=\"twitter:label1\" content=\"Tempo estimado de leitura\" \/>\n\t<meta name=\"twitter:data1\" content=\"5 minutos\" \/>\n<script type=\"application\/ld+json\" class=\"yoast-schema-graph\">{\"@context\":\"https:\/\/schema.org\",\"@graph\":[{\"@type\":\"WebPage\",\"@id\":\"https:\/\/get.agcoconnect.com\/pt-pt\/terms-of-use\/\",\"url\":\"https:\/\/get.agcoconnect.com\/pt-pt\/terms-of-use\/\",\"name\":\"Termos de utiliza\u00e7\u00e3o - Agco Connect\",\"isPartOf\":{\"@id\":\"https:\/\/get.agcoconnect.com\/#website\"},\"primaryImageOfPage\":{\"@id\":\"https:\/\/get.agcoconnect.com\/pt-pt\/terms-of-use\/#primaryimage\"},\"image\":{\"@id\":\"https:\/\/get.agcoconnect.com\/pt-pt\/terms-of-use\/#primaryimage\"},\"thumbnailUrl\":\"https:\/\/get.agcoconnect.com\/assets\/files\/2019\/01\/AGCO-Connect-SC-Valtra-hero-pixilation-red-3.jpg\",\"datePublished\":\"2018-12-21T09:53:45+00:00\",\"dateModified\":\"2019-12-04T10:55:27+00:00\",\"breadcrumb\":{\"@id\":\"https:\/\/get.agcoconnect.com\/pt-pt\/terms-of-use\/#breadcrumb\"},\"inLanguage\":\"pt-PT\",\"potentialAction\":[{\"@type\":\"ReadAction\",\"target\":[\"https:\/\/get.agcoconnect.com\/pt-pt\/terms-of-use\/\"]}]},{\"@type\":\"ImageObject\",\"inLanguage\":\"pt-PT\",\"@id\":\"https:\/\/get.agcoconnect.com\/pt-pt\/terms-of-use\/#primaryimage\",\"url\":\"https:\/\/get.agcoconnect.com\/assets\/files\/2019\/01\/AGCO-Connect-SC-Valtra-hero-pixilation-red-3.jpg\",\"contentUrl\":\"https:\/\/get.agcoconnect.com\/assets\/files\/2019\/01\/AGCO-Connect-SC-Valtra-hero-pixilation-red-3.jpg\",\"width\":1600,\"height\":900},{\"@type\":\"BreadcrumbList\",\"@id\":\"https:\/\/get.agcoconnect.com\/pt-pt\/terms-of-use\/#breadcrumb\",\"itemListElement\":[{\"@type\":\"ListItem\",\"position\":1,\"name\":\"Home\",\"item\":\"https:\/\/get.agcoconnect.com\/pt-pt\/\"},{\"@type\":\"ListItem\",\"position\":2,\"name\":\"Termos de utiliza\u00e7\u00e3o\"}]},{\"@type\":\"WebSite\",\"@id\":\"https:\/\/get.agcoconnect.com\/#website\",\"url\":\"https:\/\/get.agcoconnect.com\/\",\"name\":\"Agco Connect\",\"description\":\"\",\"potentialAction\":[{\"@type\":\"SearchAction\",\"target\":{\"@type\":\"EntryPoint\",\"urlTemplate\":\"https:\/\/get.agcoconnect.com\/?s={search_term_string}\"},\"query-input\":{\"@type\":\"PropertyValueSpecification\",\"valueRequired\":true,\"valueName\":\"search_term_string\"}}],\"inLanguage\":\"pt-PT\"}]}<\/script>\n<!-- \/ Yoast SEO plugin. -->","yoast_head_json":{"title":"Termos de utiliza\u00e7\u00e3o - Agco Connect","robots":{"index":"index","follow":"follow","max-snippet":"max-snippet:-1","max-image-preview":"max-image-preview:large","max-video-preview":"max-video-preview:-1"},"canonical":"https:\/\/get.agcoconnect.com\/pt-pt\/terms-of-use\/","og_locale":"pt_PT","og_type":"article","og_title":"Termos de utiliza\u00e7\u00e3o - Agco Connect","og_description":"Este website da AGCO \u00e9-lhe oferecido nos termos estabelecidos abaixo. O acesso e a utiliza\u00e7\u00e3o deste website por parte do utilizador constituem a aceita\u00e7\u00e3o destes termos. Caso n\u00e3o concorde com estes termos, n\u00e3o poder\u00e1 utilizar o nosso website. A nossa Declara\u00e7\u00e3o de Privacidade pode tamb\u00e9m aplicar-se \u00e0 utiliza\u00e7\u00e3o do nosso website por parte do utilizador. [&hellip;]","og_url":"https:\/\/get.agcoconnect.com\/pt-pt\/terms-of-use\/","og_site_name":"Agco Connect","article_modified_time":"2019-12-04T10:55:27+00:00","og_image":[{"width":1600,"height":900,"url":"https:\/\/get.agcoconnect.com\/assets\/files\/2019\/01\/AGCO-Connect-SC-Valtra-hero-pixilation-red-3.jpg","type":"image\/jpeg"}],"twitter_card":"summary_large_image","twitter_misc":{"Tempo estimado de leitura":"5 minutos"},"schema":{"@context":"https:\/\/schema.org","@graph":[{"@type":"WebPage","@id":"https:\/\/get.agcoconnect.com\/pt-pt\/terms-of-use\/","url":"https:\/\/get.agcoconnect.com\/pt-pt\/terms-of-use\/","name":"Termos de utiliza\u00e7\u00e3o - Agco Connect","isPartOf":{"@id":"https:\/\/get.agcoconnect.com\/#website"},"primaryImageOfPage":{"@id":"https:\/\/get.agcoconnect.com\/pt-pt\/terms-of-use\/#primaryimage"},"image":{"@id":"https:\/\/get.agcoconnect.com\/pt-pt\/terms-of-use\/#primaryimage"},"thumbnailUrl":"https:\/\/get.agcoconnect.com\/assets\/files\/2019\/01\/AGCO-Connect-SC-Valtra-hero-pixilation-red-3.jpg","datePublished":"2018-12-21T09:53:45+00:00","dateModified":"2019-12-04T10:55:27+00:00","breadcrumb":{"@id":"https:\/\/get.agcoconnect.com\/pt-pt\/terms-of-use\/#breadcrumb"},"inLanguage":"pt-PT","potentialAction":[{"@type":"ReadAction","target":["https:\/\/get.agcoconnect.com\/pt-pt\/terms-of-use\/"]}]},{"@type":"ImageObject","inLanguage":"pt-PT","@id":"https:\/\/get.agcoconnect.com\/pt-pt\/terms-of-use\/#primaryimage","url":"https:\/\/get.agcoconnect.com\/assets\/files\/2019\/01\/AGCO-Connect-SC-Valtra-hero-pixilation-red-3.jpg","contentUrl":"https:\/\/get.agcoconnect.com\/assets\/files\/2019\/01\/AGCO-Connect-SC-Valtra-hero-pixilation-red-3.jpg","width":1600,"height":900},{"@type":"BreadcrumbList","@id":"https:\/\/get.agcoconnect.com\/pt-pt\/terms-of-use\/#breadcrumb","itemListElement":[{"@type":"ListItem","position":1,"name":"Home","item":"https:\/\/get.agcoconnect.com\/pt-pt\/"},{"@type":"ListItem","position":2,"name":"Termos de utiliza\u00e7\u00e3o"}]},{"@type":"WebSite","@id":"https:\/\/get.agcoconnect.com\/#website","url":"https:\/\/get.agcoconnect.com\/","name":"Agco Connect","description":"","potentialAction":[{"@type":"SearchAction","target":{"@type":"EntryPoint","urlTemplate":"https:\/\/get.agcoconnect.com\/?s={search_term_string}"},"query-input":{"@type":"PropertyValueSpecification","valueRequired":true,"valueName":"search_term_string"}}],"inLanguage":"pt-PT"}]}},"_links":{"self":[{"href":"https:\/\/get.agcoconnect.com\/pt-pt\/wp-json\/wp\/v2\/pages\/2429","targetHints":{"allow":["GET"]}}],"collection":[{"href":"https:\/\/get.agcoconnect.com\/pt-pt\/wp-json\/wp\/v2\/pages"}],"about":[{"href":"https:\/\/get.agcoconnect.com\/pt-pt\/wp-json\/wp\/v2\/types\/page"}],"author":[{"embeddable":true,"href":"https:\/\/get.agcoconnect.com\/pt-pt\/wp-json\/wp\/v2\/users\/2"}],"replies":[{"embeddable":true,"href":"https:\/\/get.agcoconnect.com\/pt-pt\/wp-json\/wp\/v2\/comments?post=2429"}],"version-history":[{"count":1,"href":"https:\/\/get.agcoconnect.com\/pt-pt\/wp-json\/wp\/v2\/pages\/2429\/revisions"}],"predecessor-version":[{"id":2707,"href":"https:\/\/get.agcoconnect.com\/pt-pt\/wp-json\/wp\/v2\/pages\/2429\/revisions\/2707"}],"wp:featuredmedia":[{"embeddable":true,"href":"https:\/\/get.agcoconnect.com\/pt-pt\/wp-json\/wp\/v2\/media\/2235"}],"wp:attachment":[{"href":"https:\/\/get.agcoconnect.com\/pt-pt\/wp-json\/wp\/v2\/media?parent=2429"}],"curies":[{"name":"wp","href":"https:\/\/api.w.org\/{rel}","templated":true}]}}