{"id":2428,"date":"2018-12-21T09:53:45","date_gmt":"2018-12-21T09:53:45","guid":{"rendered":"http:\/\/get.agcoconnect.com\/terms-of-use\/"},"modified":"2019-12-04T06:22:33","modified_gmt":"2019-12-04T06:22:33","slug":"terms-of-use","status":"publish","type":"page","link":"https:\/\/get.agcoconnect.com\/pt-br\/terms-of-use\/","title":{"rendered":"Termos de uso"},"content":{"rendered":"<p>Este site da AGCO \u00e9 oferecido para voc\u00ea nos termos estabelecidos abaixo. Seu acesso e uso deste site constituem a aceita\u00e7\u00e3o desses termos. Se voc\u00ea n\u00e3o concordar com esses termos, voc\u00ea n\u00e3o dever\u00e1 utilizar nosso site. Nossa Declara\u00e7\u00e3o de Privacidade tamb\u00e9m pode se aplicar ao uso do nosso site. A Declara\u00e7\u00e3o de Privacidade estabelece os termos nos quais processamos todos os dados que coletamos de voc\u00ea ou os que voc\u00ea nos fornece. Ao utilizar nosso site, voc\u00ea expressa seu consentimento a esse processamento.<\/p>\n<p>Voc\u00ea n\u00e3o dever\u00e1 utilizar de maneira incorreta nosso site, introduzindo, de maneira deliberada, trojans, worms, bombas l\u00f3gicas ou outros materiais que sejam maliciosos ou tecnologicamente prejudiciais. Voc\u00ea n\u00e3o deve tentar obter acesso n\u00e3o autorizado a nosso site, ao servidor em que o site est\u00e1 armazenado ou a qualquer servidor, computador ou banco de dados conectados ao nosso site. Voc\u00ea n\u00e3o deve atacar nosso site por meio de um ataque de nega\u00e7\u00e3o de servi\u00e7os ou um ataque distribu\u00eddo de nega\u00e7\u00e3o de servi\u00e7o. Ao acessar este site, voc\u00ea expressamente consente com o monitoramento administrativo em todos os hor\u00e1rios relevantes. Evid\u00eancia de poss\u00edveis atividades criminais identificadas durante o monitoramento podem ser fornecidas \u00e0s autoridades adequadas. Se voc\u00ea n\u00e3o consentir com esse monitoramento, deixe o site imediatamente.<\/p>\n<p>Os direitos, t\u00edtulo e interesse em todos os direitos autorais em qualquer texto ou imagens do software dentro deste site s\u00e3o de propriedade ou est\u00e3o licenciados pela AGCO. Nenhuma publica\u00e7\u00e3o, c\u00f3pia ou distribui\u00e7\u00e3o do material inclu\u00eddo neste site \u00e9 permitida sem o consentimento por escrito da AGCO.<\/p>\n<p>O nome da AGCO ou marcas da AGCO (incluindo Challenger, Fella, Fendt, Fuse, Gleaner, GSI, Massey Ferguson e Valtra) ou os logotipos das marcas da AGCO podem ser utilizados em publicidade ou propaganda ou distribu\u00eddos de outra maneira sem a permiss\u00e3o espec\u00edfica, pr\u00e9via e por escrito da AGCO ou conforme disposto no contrato assinado entre o distribuidor ou concession\u00e1ria e uma empresa da AGCO.<\/p>\n<p>Nada contido neste site dever\u00e1 ser entendido como uma concess\u00e3o a qualquer licen\u00e7a ou direito de uso de qualquer patente ou marca registrada da AGCO sem uma permiss\u00e3o escrita da AGCO ou de algum terceiro que seja propriet\u00e1rio das patentes ou marcas registradas exibidas. Todas as perguntas relacionadas ao uso das patentes ou marcas registradas ou se um item \u00e9 marca registrada da AGCO devem ser consultadas com a AGCO<\/p>\n<p>O conte\u00fado em nosso site \u00e9 fornecido apenas para informa\u00e7\u00f5es gerais. A finalidade dele n\u00e3o \u00e9 oferecer recomenda\u00e7\u00f5es nas quais voc\u00ea deve confiar exclusivamente. Fazemos os melhores esfor\u00e7os para garantir que as informa\u00e7\u00f5es contidas neste site sejam as mais precisas, completas e atualizadas. No entanto, imprecis\u00f5es, erros ou omiss\u00f5es podem aparecer neste site e AGCO n\u00e3o poder\u00e1 ser responsabilizada por isso. Esses termos e informa\u00e7\u00f5es no site podem ser alterados periodicamente. Sempre que voc\u00ea desejar utilizar o site, verifique esses termos para garantir o entendimento daqueles que se aplicam no momento. Informa\u00e7\u00f5es sobre a AGCO ou produtos da AGCO s\u00e3o meramente ilustrativas e voc\u00ea n\u00e3o deve confiar exclusivamente nelas. Dentro dos limites permitidos pela lei, em nenhum evento a empresa AGCO dever\u00e1 ser responsabilizada por danos especiais, indiretos ou consequenciais (incluindo perda nos lucros ou receita), quer seja em um contrato, neglig\u00eancia ou outro ato il\u00edcito, decorrente ou relacionado ao uso, uso indevido ou desempenho deste site, ou a partir de qualquer informa\u00e7\u00e3o, falta de informa\u00e7\u00f5es, documentos, software ou outro material obtido em qualquer p\u00e1gina da AGCO.<\/p>\n<p>A menos que expressamente permitido pela AGCO, voc\u00ea n\u00e3o poder\u00e1, independente da forma, reproduzir ou distribuir nenhuma informa\u00e7\u00e3o mantida nos bancos de dados deste site e voc\u00ea n\u00e3o est\u00e1 autorizado a extrair informa\u00e7\u00f5es pessoais de indiv\u00edduos para seu uso pessoal ou comercial.<\/p>\n<p>Este site pode conter links para sites de terceiros. Esses links s\u00e3o fornecidos a voc\u00ea apenas como uma conveni\u00eancia. Esses sites vinculados n\u00e3o est\u00e3o sob o controle ou influ\u00eancia da AGCO. A AGCO n\u00e3o assume nenhuma responsabilidade pelo conte\u00fado de qualquer site vinculado por terceiros ou por qualquer link contido em um site vinculado. A inclus\u00e3o de qualquer link n\u00e3o implica necessariamente o endosso da AGCO \u00e0s entidades vinculadas, site vinculado ou quaisquer produtos ou servi\u00e7os contidos em qualquer site vinculado.<\/p>\n<p>N\u00e3o garantimos que nosso site seja seguro ou livre de bugs ou v\u00edrus ou que esteja sempre dispon\u00edvel com acesso ininterrupto. A AGCO n\u00e3o assume nenhuma responsabilidade por danos ou v\u00edrus que afetem o equipamento, software, dados ou outras propriedades do seu computador, devido ao seu acesso a este site ou ao download de qualquer material, dados, texto, imagens, v\u00eddeo ou \u00e1udio dele.<\/p>\n<p>Voc\u00ea tomar\u00e1 todas as medidas necess\u00e1rias para garantir que os dados, detalhes financeiros ou informa\u00e7\u00f5es comercialmente confidenciais origin\u00e1rias ou pertencentes \u00e0 AGCO que sejam de sua posse ou controle atrav\u00e9s do uso deste site sejam protegidas e tratadas confidencialmente, e em particular voc\u00ea n\u00e3o:<\/p>\n<p>usar\u00e1 os dados ou informa\u00e7\u00f5es nem reproduzir\u00e1 os dados ou informa\u00e7\u00f5es no todo ou em parte, sob qualquer forma, exceto conforme autorizado pela AGCO; ou<\/p>\n<p>divulgar\u00e1 os dados ou informa\u00e7\u00f5es a terceiros ou pessoas n\u00e3o autorizadas pela AGCO a receb\u00ea-los, exceto com o consentimento pr\u00e9vio por escrito da AGCO.<\/p>\n<p>Familiarize-se com os termos de nossa <a href=\"https:\/\/www.agcocorp.com\/cookies.html\" target=\"_blank\" rel=\"noopener noreferrer\">Pol\u00edtica de Cookies<\/a>, pois isso se aplica ao seu uso do site e define informa\u00e7\u00f5es sobre os cookies em nosso site.<\/p>\n","protected":false},"excerpt":{"rendered":"<p>Este site da AGCO \u00e9 oferecido para voc\u00ea nos termos estabelecidos abaixo. Seu acesso e uso deste site constituem a aceita\u00e7\u00e3o desses termos. Se voc\u00ea n\u00e3o concordar com esses termos, voc\u00ea n\u00e3o dever\u00e1 utilizar nosso site. Nossa Declara\u00e7\u00e3o de Privacidade tamb\u00e9m pode se aplicar ao uso do nosso site. A Declara\u00e7\u00e3o de Privacidade estabelece os [&hellip;]<\/p>\n","protected":false},"author":2,"featured_media":2233,"parent":0,"menu_order":0,"comment_status":"closed","ping_status":"closed","template":"","meta":{"_acf_changed":false,"footnotes":""},"class_list":["post-2428","page","type-page","status-publish","has-post-thumbnail","hentry"],"acf":[],"yoast_head":"<!-- This site is optimized with the Yoast SEO plugin v24.2 - https:\/\/yoast.com\/wordpress\/plugins\/seo\/ -->\n<title>Termos de uso - Agco Connect<\/title>\n<meta name=\"robots\" content=\"index, follow, max-snippet:-1, max-image-preview:large, max-video-preview:-1\" \/>\n<link rel=\"canonical\" href=\"https:\/\/get.agcoconnect.com\/pt-br\/terms-of-use\/\" \/>\n<meta property=\"og:locale\" content=\"pt_BR\" \/>\n<meta property=\"og:type\" content=\"article\" \/>\n<meta property=\"og:title\" content=\"Termos de uso - Agco Connect\" \/>\n<meta property=\"og:description\" content=\"Este site da AGCO \u00e9 oferecido para voc\u00ea nos termos estabelecidos abaixo. Seu acesso e uso deste site constituem a aceita\u00e7\u00e3o desses termos. Se voc\u00ea n\u00e3o concordar com esses termos, voc\u00ea n\u00e3o dever\u00e1 utilizar nosso site. Nossa Declara\u00e7\u00e3o de Privacidade tamb\u00e9m pode se aplicar ao uso do nosso site. A Declara\u00e7\u00e3o de Privacidade estabelece os [&hellip;]\" \/>\n<meta property=\"og:url\" content=\"https:\/\/get.agcoconnect.com\/pt-br\/terms-of-use\/\" \/>\n<meta property=\"og:site_name\" content=\"Agco Connect\" \/>\n<meta property=\"article:modified_time\" content=\"2019-12-04T06:22:33+00:00\" \/>\n<meta property=\"og:image\" content=\"https:\/\/get.agcoconnect.com\/assets\/files\/2019\/01\/AGCO-Connect-SC-Valtra-hero-pixilation-red-3.jpg\" \/>\n\t<meta property=\"og:image:width\" content=\"1600\" \/>\n\t<meta property=\"og:image:height\" content=\"900\" \/>\n\t<meta property=\"og:image:type\" content=\"image\/jpeg\" \/>\n<meta name=\"twitter:card\" content=\"summary_large_image\" \/>\n<meta name=\"twitter:label1\" content=\"Est. tempo de leitura\" \/>\n\t<meta name=\"twitter:data1\" content=\"5 minutos\" \/>\n<script type=\"application\/ld+json\" class=\"yoast-schema-graph\">{\"@context\":\"https:\/\/schema.org\",\"@graph\":[{\"@type\":\"WebPage\",\"@id\":\"https:\/\/get.agcoconnect.com\/pt-br\/terms-of-use\/\",\"url\":\"https:\/\/get.agcoconnect.com\/pt-br\/terms-of-use\/\",\"name\":\"Termos de uso - Agco Connect\",\"isPartOf\":{\"@id\":\"https:\/\/get.agcoconnect.com\/#website\"},\"primaryImageOfPage\":{\"@id\":\"https:\/\/get.agcoconnect.com\/pt-br\/terms-of-use\/#primaryimage\"},\"image\":{\"@id\":\"https:\/\/get.agcoconnect.com\/pt-br\/terms-of-use\/#primaryimage\"},\"thumbnailUrl\":\"https:\/\/get.agcoconnect.com\/assets\/files\/2019\/01\/AGCO-Connect-SC-Valtra-hero-pixilation-red-3.jpg\",\"datePublished\":\"2018-12-21T09:53:45+00:00\",\"dateModified\":\"2019-12-04T06:22:33+00:00\",\"breadcrumb\":{\"@id\":\"https:\/\/get.agcoconnect.com\/pt-br\/terms-of-use\/#breadcrumb\"},\"inLanguage\":\"pt-BR\",\"potentialAction\":[{\"@type\":\"ReadAction\",\"target\":[\"https:\/\/get.agcoconnect.com\/pt-br\/terms-of-use\/\"]}]},{\"@type\":\"ImageObject\",\"inLanguage\":\"pt-BR\",\"@id\":\"https:\/\/get.agcoconnect.com\/pt-br\/terms-of-use\/#primaryimage\",\"url\":\"https:\/\/get.agcoconnect.com\/assets\/files\/2019\/01\/AGCO-Connect-SC-Valtra-hero-pixilation-red-3.jpg\",\"contentUrl\":\"https:\/\/get.agcoconnect.com\/assets\/files\/2019\/01\/AGCO-Connect-SC-Valtra-hero-pixilation-red-3.jpg\",\"width\":1600,\"height\":900},{\"@type\":\"BreadcrumbList\",\"@id\":\"https:\/\/get.agcoconnect.com\/pt-br\/terms-of-use\/#breadcrumb\",\"itemListElement\":[{\"@type\":\"ListItem\",\"position\":1,\"name\":\"Home\",\"item\":\"https:\/\/get.agcoconnect.com\/pt-br\/\"},{\"@type\":\"ListItem\",\"position\":2,\"name\":\"Termos de uso\"}]},{\"@type\":\"WebSite\",\"@id\":\"https:\/\/get.agcoconnect.com\/#website\",\"url\":\"https:\/\/get.agcoconnect.com\/\",\"name\":\"Agco Connect\",\"description\":\"\",\"potentialAction\":[{\"@type\":\"SearchAction\",\"target\":{\"@type\":\"EntryPoint\",\"urlTemplate\":\"https:\/\/get.agcoconnect.com\/?s={search_term_string}\"},\"query-input\":{\"@type\":\"PropertyValueSpecification\",\"valueRequired\":true,\"valueName\":\"search_term_string\"}}],\"inLanguage\":\"pt-BR\"}]}<\/script>\n<!-- \/ Yoast SEO plugin. -->","yoast_head_json":{"title":"Termos de uso - Agco Connect","robots":{"index":"index","follow":"follow","max-snippet":"max-snippet:-1","max-image-preview":"max-image-preview:large","max-video-preview":"max-video-preview:-1"},"canonical":"https:\/\/get.agcoconnect.com\/pt-br\/terms-of-use\/","og_locale":"pt_BR","og_type":"article","og_title":"Termos de uso - Agco Connect","og_description":"Este site da AGCO \u00e9 oferecido para voc\u00ea nos termos estabelecidos abaixo. Seu acesso e uso deste site constituem a aceita\u00e7\u00e3o desses termos. Se voc\u00ea n\u00e3o concordar com esses termos, voc\u00ea n\u00e3o dever\u00e1 utilizar nosso site. Nossa Declara\u00e7\u00e3o de Privacidade tamb\u00e9m pode se aplicar ao uso do nosso site. A Declara\u00e7\u00e3o de Privacidade estabelece os [&hellip;]","og_url":"https:\/\/get.agcoconnect.com\/pt-br\/terms-of-use\/","og_site_name":"Agco Connect","article_modified_time":"2019-12-04T06:22:33+00:00","og_image":[{"width":1600,"height":900,"url":"https:\/\/get.agcoconnect.com\/assets\/files\/2019\/01\/AGCO-Connect-SC-Valtra-hero-pixilation-red-3.jpg","type":"image\/jpeg"}],"twitter_card":"summary_large_image","twitter_misc":{"Est. tempo de leitura":"5 minutos"},"schema":{"@context":"https:\/\/schema.org","@graph":[{"@type":"WebPage","@id":"https:\/\/get.agcoconnect.com\/pt-br\/terms-of-use\/","url":"https:\/\/get.agcoconnect.com\/pt-br\/terms-of-use\/","name":"Termos de uso - Agco Connect","isPartOf":{"@id":"https:\/\/get.agcoconnect.com\/#website"},"primaryImageOfPage":{"@id":"https:\/\/get.agcoconnect.com\/pt-br\/terms-of-use\/#primaryimage"},"image":{"@id":"https:\/\/get.agcoconnect.com\/pt-br\/terms-of-use\/#primaryimage"},"thumbnailUrl":"https:\/\/get.agcoconnect.com\/assets\/files\/2019\/01\/AGCO-Connect-SC-Valtra-hero-pixilation-red-3.jpg","datePublished":"2018-12-21T09:53:45+00:00","dateModified":"2019-12-04T06:22:33+00:00","breadcrumb":{"@id":"https:\/\/get.agcoconnect.com\/pt-br\/terms-of-use\/#breadcrumb"},"inLanguage":"pt-BR","potentialAction":[{"@type":"ReadAction","target":["https:\/\/get.agcoconnect.com\/pt-br\/terms-of-use\/"]}]},{"@type":"ImageObject","inLanguage":"pt-BR","@id":"https:\/\/get.agcoconnect.com\/pt-br\/terms-of-use\/#primaryimage","url":"https:\/\/get.agcoconnect.com\/assets\/files\/2019\/01\/AGCO-Connect-SC-Valtra-hero-pixilation-red-3.jpg","contentUrl":"https:\/\/get.agcoconnect.com\/assets\/files\/2019\/01\/AGCO-Connect-SC-Valtra-hero-pixilation-red-3.jpg","width":1600,"height":900},{"@type":"BreadcrumbList","@id":"https:\/\/get.agcoconnect.com\/pt-br\/terms-of-use\/#breadcrumb","itemListElement":[{"@type":"ListItem","position":1,"name":"Home","item":"https:\/\/get.agcoconnect.com\/pt-br\/"},{"@type":"ListItem","position":2,"name":"Termos de uso"}]},{"@type":"WebSite","@id":"https:\/\/get.agcoconnect.com\/#website","url":"https:\/\/get.agcoconnect.com\/","name":"Agco Connect","description":"","potentialAction":[{"@type":"SearchAction","target":{"@type":"EntryPoint","urlTemplate":"https:\/\/get.agcoconnect.com\/?s={search_term_string}"},"query-input":{"@type":"PropertyValueSpecification","valueRequired":true,"valueName":"search_term_string"}}],"inLanguage":"pt-BR"}]}},"_links":{"self":[{"href":"https:\/\/get.agcoconnect.com\/pt-br\/wp-json\/wp\/v2\/pages\/2428","targetHints":{"allow":["GET"]}}],"collection":[{"href":"https:\/\/get.agcoconnect.com\/pt-br\/wp-json\/wp\/v2\/pages"}],"about":[{"href":"https:\/\/get.agcoconnect.com\/pt-br\/wp-json\/wp\/v2\/types\/page"}],"author":[{"embeddable":true,"href":"https:\/\/get.agcoconnect.com\/pt-br\/wp-json\/wp\/v2\/users\/2"}],"replies":[{"embeddable":true,"href":"https:\/\/get.agcoconnect.com\/pt-br\/wp-json\/wp\/v2\/comments?post=2428"}],"version-history":[{"count":1,"href":"https:\/\/get.agcoconnect.com\/pt-br\/wp-json\/wp\/v2\/pages\/2428\/revisions"}],"predecessor-version":[{"id":2623,"href":"https:\/\/get.agcoconnect.com\/pt-br\/wp-json\/wp\/v2\/pages\/2428\/revisions\/2623"}],"wp:featuredmedia":[{"embeddable":true,"href":"https:\/\/get.agcoconnect.com\/pt-br\/wp-json\/wp\/v2\/media\/2233"}],"wp:attachment":[{"href":"https:\/\/get.agcoconnect.com\/pt-br\/wp-json\/wp\/v2\/media?parent=2428"}],"curies":[{"name":"wp","href":"https:\/\/api.w.org\/{rel}","templated":true}]}}