{"id":2427,"date":"2018-12-21T09:53:45","date_gmt":"2018-12-21T09:53:45","guid":{"rendered":"http:\/\/get.agcoconnect.com\/terms-of-use\/"},"modified":"2019-12-09T06:39:41","modified_gmt":"2019-12-09T06:39:41","slug":"zasady-korzystania","status":"publish","type":"page","link":"https:\/\/get.agcoconnect.com\/pl\/zasady-korzystania\/","title":{"rendered":"Zasady korzystania"},"content":{"rendered":"<p>Niniejsza witryna internetowa AGCO jest dost\u0119pna na warunkach okre\u015blonych poni\u017cej. Uzyskanie dost\u0119pu i korzystanie z tej strony internetowej oznacza akceptacj\u0119 niniejszych warunk\u00f3w. Je\u015bli u\u017cytkownik nie wyra\u017ca zgody na niniejsze warunki, nie mo\u017ce korzysta\u0107 z naszej strony internetowej. Nasze O\u015bwiadczenie o ochronie prywatno\u015bci ma r\u00f3wnie\u017c zastosowanie do korzystania z naszej strony internetowej przez u\u017cytkownika. O\u015bwiadczenie o ochronie prywatno\u015bci okre\u015bla warunki, na kt\u00f3rych przetwarzamy wszelkie dane osobowe, kt\u00f3re zbieramy od u\u017cytkownika lub kt\u00f3re nam przekazujesz. Korzystaj\u0105c z naszej strony internetowej, wyra\u017casz zgod\u0119 na takie przetwarzanie.<\/p>\n<p>Nie wolno nadu\u017cywa\u0107 naszej witryny poprzez \u015bwiadome wprowadzanie wirus\u00f3w, aplikacji typu trojan, worm, bomb logicznych lub innych materia\u0142\u00f3w, kt\u00f3re s\u0105 szkodliwe lub maj\u0105 negatywny wp\u0142yw na rozwi\u0105zania technologiczne. Nie wolno podejmowa\u0107 pr\u00f3b uzyskania nieuprawnionego dost\u0119pu do naszej witryny, serwera, na kt\u00f3rym znajduje si\u0119 nasza witryna, ani jakiegokolwiek serwera, komputera lub bazy danych pod\u0142\u0105czonej do naszej witryny. Nie wolno atakowa\u0107 naszej witryny poprzez atak typu \u201eodmowa us\u0142ugi\u201d lub rozproszony atak typu \u201eodmowa us\u0142ugi\u201d. Uzyskuj\u0105c dost\u0119p do tej witryny internetowej, u\u017cytkownik wyra\u017ca wyra\u017an\u0105 zgod\u0119 na monitorowanie administracyjne przez ca\u0142y czas. Dowody wszelkich mo\u017cliwych dzia\u0142a\u0144 przest\u0119pczych stwierdzonych podczas takiego monitorowania mog\u0105 zosta\u0107 przekazane odpowiednim w\u0142adzom. Je\u015bli nie wyra\u017casz zgody na takie monitorowanie, natychmiast wyjd\u017a z tej strony.<\/p>\n<p>Prawa, tytu\u0142y i udzia\u0142y w prawach autorskich wszelkich tekst\u00f3w oprogramowania i grafik zawartych na tej stronie internetowej s\u0105 w\u0142asno\u015bci\u0105 firmy AGCO lub s\u0105 przez ni\u0105 licencjonowane. Zabrania si\u0119 publikowania, kopiowania i rozpowszechniania materia\u0142\u00f3w zawartych na tej stronie internetowej bez pisemnej zgody firmy AGCO.<\/p>\n<p>Nazwy marki AGCO lub marek nale\u017c\u0105cych do AGCO (w tym Challenger, Fella, Fendt, Fuse, Gleaner, GSI, Massey Ferguson i Valtra) oraz logo marek AGCO nie mog\u0105 by\u0107 u\u017cywane w reklamach i publikacjach ani w inny spos\u00f3b rozpowszechniane bez uzyskania specjalnego, pisemnego zezwolenia od firmy AGCO lub zgodnie z zapisami odpowiedniej umowy z dealerem lub dystrybutorem zawartej z firm\u0105 AGCO.<\/p>\n<p>\u017baden element niniejszej witryny nie mo\u017ce by\u0107 interpretowany jako przyznanie jakiejkolwiek licencji lub prawa do korzystania z jakichkolwiek patent\u00f3w lub znak\u00f3w towarowych firmy AGCO bez pisemnej zgody firmy AGCO lub strony trzeciej, kt\u00f3ra mo\u017ce by\u0107 posiadaczem patent\u00f3w lub znak\u00f3w towarowych. Wszelkie pytania dotycz\u0105ce korzystania z patent\u00f3w lub znak\u00f3w towarowych oraz tego, czy dany element jest znakiem towarowym firmy AGCO, nale\u017cy kierowa\u0107 do firmy AGCO.<\/p>\n<p>Tre\u015bci umieszczane na naszej stronie internetowej maj\u0105 charakter wy\u0142\u0105cznie informacyjny. Ich celem nie jest zapewnienie porady, na kt\u00f3rej mo\u017cna niezawodnie polega\u0107. Dok\u0142adamy wszelkich stara\u0144, aby informacje zawarte w tej witrynie by\u0142y jak najbardziej dok\u0142adne, kompletne i aktualne. Jednak na stronie internetowej mog\u0105 znajdowa\u0107 si\u0119 nie\u015bcis\u0142o\u015bci, b\u0142\u0119dy lub pomini\u0119cia, za kt\u00f3re firma AGCO nie ponosi \u017cadnej odpowiedzialno\u015bci. Niniejsze warunki i informacje na stronie internetowej mog\u0105 od czasu do czasu ulega\u0107 zmianie. Za ka\u017cdym razem, gdy chcesz skorzysta\u0107 z naszej witryny, zapoznaj si\u0119 z niniejszymi warunkami, aby upewni\u0107 si\u0119, \u017ce w\u0142a\u015bciwie rozumiesz zasady, kt\u00f3re maj\u0105 zastosowanie w danym momencie. Informacje na temat firmy AGCO lub produkt\u00f3w AGCO maj\u0105 wy\u0142\u0105cznie charakter pogl\u0105dowy i nie nale\u017cy ich traktowa\u0107 jako wiarygodnych danych. W najszerszym zakresie dozwolonym przez prawo firma AGCO nie ponosi w \u017cadnym wypadku odpowiedzialno\u015bci za jakiekolwiek szkody szczeg\u00f3lne, po\u015brednie lub wynikowe (w tym za utrat\u0119 zysk\u00f3w lub przychod\u00f3w), wynikaj\u0105ce z umowy, zaniedbania lub innych niedozwolonych dzia\u0142a\u0144, wynikaj\u0105cych z lub zwi\u0105zanych z u\u017cytkowaniem, niew\u0142a\u015bciwe u\u017cytkowanie lub dzia\u0142anie tej strony internetowej lub wynikaj\u0105ce z jakichkolwiek informacji, braku informacji, dokument\u00f3w, oprogramowania lub innych materia\u0142\u00f3w uzyskanych za po\u015brednictwem stron internetowych firmy AGCO.<\/p>\n<p>Poza sytuacj\u0105 uzyskania wyra\u017anego zezwolenia firmy AGCO, \u017cadne informacje przechowywane w bazach danych w niniejszej witrynie nie mog\u0105 by\u0107 powielane ani rozprowadzane przez u\u017cytkownika w jakiejkolwiek formie, a u\u017cytkownik nie jest upowa\u017cniony do uzyskiwania informacji osobowych na temat os\u00f3b prywatnych w celach osobistych lub komercyjnych.<\/p>\n<p>Ta witryna mo\u017ce zawiera\u0107 \u0142\u0105cza do stron internetowych stron trzecich. \u0141\u0105cza te s\u0105 udost\u0119pniane wy\u0142\u0105cznie dla wygody u\u017cytkownika. Po\u0142\u0105czone w ten spos\u00f3b witryny nie s\u0105 kontrolowane ani dozorowane przez firm\u0119 AGCO. Firma AGCO nie ponosi \u017cadnej odpowiedzialno\u015bci za zawarto\u015b\u0107 strony jakiejkolwiek strony trzeciej, do kt\u00f3rej prowadz\u0105 \u0142\u0105cza, ani za zawarto\u015b\u0107 stron, do kt\u00f3rych prowadz\u0105 \u0142\u0105cza zawarte na takiej stronie. Zamieszczenie jakiegokolwiek \u0142\u0105cza nie oznacza, \u017ce firma AGCO promuje powi\u0105zane podmioty, witryn\u0119 powi\u0105zan\u0105 z innymi witrynami lub jakiekolwiek produkty lub us\u0142ugi znajduj\u0105ce si\u0119 w jakiejkolwiek po\u0142\u0105czonej witrynie.<\/p>\n<p>Nie gwarantujemy, \u017ce nasza witryna b\u0119dzie bezpieczna i wolna od b\u0142\u0119d\u00f3w lub wirus\u00f3w, ani \u017ce b\u0119dzie zawsze dost\u0119pna bez \u017cadnych przerw. Firma AGCO nie ponosi \u017cadnej odpowiedzialno\u015bci za jakiekolwiek uszkodzenia lub wirusy komputerowe negatywnie wp\u0142ywaj\u0105ce na oprogramowanie, dane lub inn\u0105 w\u0142asno\u015b\u0107 U\u017cytkownika, wynikaj\u0105ce z dost\u0119pu U\u017cytkownika do niniejszej strony internetowej lub pobierania z niej jakichkolwiek materia\u0142\u00f3w, danych, tekstu, obraz\u00f3w, wideo lub audio.<\/p>\n<p>U\u017cytkownik podejmie wszelkie niezb\u0119dne dzia\u0142ania w celu zapewnienia, \u017ce wszelkie dane, informacje finansowe lub poufne informacje handlowe pochodz\u0105ce od lub nale\u017c\u0105ce do firmy AGCO, kt\u00f3re znajd\u0105 si\u0119 w jego posiadaniu lub kontroli dzi\u0119ki korzystaniu z niniejszej strony internetowej, b\u0119d\u0105 chronione i traktowane jako poufne, a w szczeg\u00f3lno\u015bci u\u017cytkownik nie b\u0119dzie:<\/p>\n<p>wykorzystywa\u0107 danych lub informacji, odtwarza\u0107 ich w ca\u0142o\u015bci ani w cz\u0119\u015bci w jakiejkolwiek formie, z wyj\u0105tkiem przypadk\u00f3w, gdy jest to dozwolone przez firm\u0119 AGCO; lub<\/p>\n<p>ujawnia\u0107 danych lub informacji stronom trzecim lub osobom, kt\u00f3re nie s\u0105 do tego upowa\u017cnione przez firm\u0119 AGCO, z wyj\u0105tkiem uzyskania uprzedniej pisemnej zgody firmy AGCO.<\/p>\n<p>Prosimy zapozna\u0107 si\u0119 z <a href=\"https:\/\/www.agcocorp.com\/cookies.html\" target=\"_blank\" rel=\"noopener noreferrer\">zasadami korzystania z plik\u00f3w cookie<\/a>, poniewa\u017c dotycz\u0105 one korzystania przez u\u017cytkownika z witryny internetowej i zawieraj\u0105 informacje na temat plik\u00f3w cookie dost\u0119pnych na naszej stronie internetowej.<\/p>\n","protected":false},"excerpt":{"rendered":"<p>Niniejsza witryna internetowa AGCO jest dost\u0119pna na warunkach okre\u015blonych poni\u017cej. Uzyskanie dost\u0119pu i korzystanie z tej strony internetowej oznacza akceptacj\u0119 niniejszych warunk\u00f3w. Je\u015bli u\u017cytkownik nie wyra\u017ca zgody na niniejsze warunki, nie mo\u017ce korzysta\u0107 z naszej strony internetowej. Nasze O\u015bwiadczenie o ochronie prywatno\u015bci ma r\u00f3wnie\u017c zastosowanie do korzystania z naszej strony internetowej przez u\u017cytkownika. O\u015bwiadczenie o [&hellip;]<\/p>\n","protected":false},"author":2,"featured_media":2231,"parent":0,"menu_order":0,"comment_status":"closed","ping_status":"closed","template":"","meta":{"_acf_changed":false,"footnotes":""},"class_list":["post-2427","page","type-page","status-publish","has-post-thumbnail","hentry"],"acf":[],"yoast_head":"<!-- This site is optimized with the Yoast SEO plugin v24.2 - https:\/\/yoast.com\/wordpress\/plugins\/seo\/ -->\n<title>Zasady korzystania - Agco Connect<\/title>\n<meta name=\"robots\" content=\"index, follow, max-snippet:-1, max-image-preview:large, max-video-preview:-1\" \/>\n<link rel=\"canonical\" href=\"https:\/\/get.agcoconnect.com\/pl\/zasady-korzystania\/\" \/>\n<meta property=\"og:locale\" content=\"pl_PL\" \/>\n<meta property=\"og:type\" content=\"article\" \/>\n<meta property=\"og:title\" content=\"Zasady korzystania - Agco Connect\" \/>\n<meta property=\"og:description\" content=\"Niniejsza witryna internetowa AGCO jest dost\u0119pna na warunkach okre\u015blonych poni\u017cej. Uzyskanie dost\u0119pu i korzystanie z tej strony internetowej oznacza akceptacj\u0119 niniejszych warunk\u00f3w. Je\u015bli u\u017cytkownik nie wyra\u017ca zgody na niniejsze warunki, nie mo\u017ce korzysta\u0107 z naszej strony internetowej. Nasze O\u015bwiadczenie o ochronie prywatno\u015bci ma r\u00f3wnie\u017c zastosowanie do korzystania z naszej strony internetowej przez u\u017cytkownika. O\u015bwiadczenie o [&hellip;]\" \/>\n<meta property=\"og:url\" content=\"https:\/\/get.agcoconnect.com\/pl\/zasady-korzystania\/\" \/>\n<meta property=\"og:site_name\" content=\"Agco Connect\" \/>\n<meta property=\"article:modified_time\" content=\"2019-12-09T06:39:41+00:00\" \/>\n<meta property=\"og:image\" content=\"https:\/\/get.agcoconnect.com\/assets\/files\/2019\/01\/AGCO-Connect-SC-Valtra-hero-pixilation-red-3.jpg\" \/>\n\t<meta property=\"og:image:width\" content=\"1600\" \/>\n\t<meta property=\"og:image:height\" content=\"900\" \/>\n\t<meta property=\"og:image:type\" content=\"image\/jpeg\" \/>\n<meta name=\"twitter:card\" content=\"summary_large_image\" \/>\n<meta name=\"twitter:label1\" content=\"Szacowany czas czytania\" \/>\n\t<meta name=\"twitter:data1\" content=\"5 minut\" \/>\n<script type=\"application\/ld+json\" class=\"yoast-schema-graph\">{\"@context\":\"https:\/\/schema.org\",\"@graph\":[{\"@type\":\"WebPage\",\"@id\":\"https:\/\/get.agcoconnect.com\/pl\/zasady-korzystania\/\",\"url\":\"https:\/\/get.agcoconnect.com\/pl\/zasady-korzystania\/\",\"name\":\"Zasady korzystania - Agco Connect\",\"isPartOf\":{\"@id\":\"https:\/\/get.agcoconnect.com\/#website\"},\"primaryImageOfPage\":{\"@id\":\"https:\/\/get.agcoconnect.com\/pl\/zasady-korzystania\/#primaryimage\"},\"image\":{\"@id\":\"https:\/\/get.agcoconnect.com\/pl\/zasady-korzystania\/#primaryimage\"},\"thumbnailUrl\":\"https:\/\/get.agcoconnect.com\/assets\/files\/2019\/01\/AGCO-Connect-SC-Valtra-hero-pixilation-red-3.jpg\",\"datePublished\":\"2018-12-21T09:53:45+00:00\",\"dateModified\":\"2019-12-09T06:39:41+00:00\",\"breadcrumb\":{\"@id\":\"https:\/\/get.agcoconnect.com\/pl\/zasady-korzystania\/#breadcrumb\"},\"inLanguage\":\"pl-PL\",\"potentialAction\":[{\"@type\":\"ReadAction\",\"target\":[\"https:\/\/get.agcoconnect.com\/pl\/zasady-korzystania\/\"]}]},{\"@type\":\"ImageObject\",\"inLanguage\":\"pl-PL\",\"@id\":\"https:\/\/get.agcoconnect.com\/pl\/zasady-korzystania\/#primaryimage\",\"url\":\"https:\/\/get.agcoconnect.com\/assets\/files\/2019\/01\/AGCO-Connect-SC-Valtra-hero-pixilation-red-3.jpg\",\"contentUrl\":\"https:\/\/get.agcoconnect.com\/assets\/files\/2019\/01\/AGCO-Connect-SC-Valtra-hero-pixilation-red-3.jpg\",\"width\":1600,\"height\":900},{\"@type\":\"BreadcrumbList\",\"@id\":\"https:\/\/get.agcoconnect.com\/pl\/zasady-korzystania\/#breadcrumb\",\"itemListElement\":[{\"@type\":\"ListItem\",\"position\":1,\"name\":\"Home\",\"item\":\"https:\/\/get.agcoconnect.com\/pl\/\"},{\"@type\":\"ListItem\",\"position\":2,\"name\":\"Zasady korzystania\"}]},{\"@type\":\"WebSite\",\"@id\":\"https:\/\/get.agcoconnect.com\/#website\",\"url\":\"https:\/\/get.agcoconnect.com\/\",\"name\":\"Agco Connect\",\"description\":\"\",\"potentialAction\":[{\"@type\":\"SearchAction\",\"target\":{\"@type\":\"EntryPoint\",\"urlTemplate\":\"https:\/\/get.agcoconnect.com\/?s={search_term_string}\"},\"query-input\":{\"@type\":\"PropertyValueSpecification\",\"valueRequired\":true,\"valueName\":\"search_term_string\"}}],\"inLanguage\":\"pl-PL\"}]}<\/script>\n<!-- \/ Yoast SEO plugin. -->","yoast_head_json":{"title":"Zasady korzystania - Agco Connect","robots":{"index":"index","follow":"follow","max-snippet":"max-snippet:-1","max-image-preview":"max-image-preview:large","max-video-preview":"max-video-preview:-1"},"canonical":"https:\/\/get.agcoconnect.com\/pl\/zasady-korzystania\/","og_locale":"pl_PL","og_type":"article","og_title":"Zasady korzystania - Agco Connect","og_description":"Niniejsza witryna internetowa AGCO jest dost\u0119pna na warunkach okre\u015blonych poni\u017cej. Uzyskanie dost\u0119pu i korzystanie z tej strony internetowej oznacza akceptacj\u0119 niniejszych warunk\u00f3w. Je\u015bli u\u017cytkownik nie wyra\u017ca zgody na niniejsze warunki, nie mo\u017ce korzysta\u0107 z naszej strony internetowej. Nasze O\u015bwiadczenie o ochronie prywatno\u015bci ma r\u00f3wnie\u017c zastosowanie do korzystania z naszej strony internetowej przez u\u017cytkownika. O\u015bwiadczenie o [&hellip;]","og_url":"https:\/\/get.agcoconnect.com\/pl\/zasady-korzystania\/","og_site_name":"Agco Connect","article_modified_time":"2019-12-09T06:39:41+00:00","og_image":[{"width":1600,"height":900,"url":"https:\/\/get.agcoconnect.com\/assets\/files\/2019\/01\/AGCO-Connect-SC-Valtra-hero-pixilation-red-3.jpg","type":"image\/jpeg"}],"twitter_card":"summary_large_image","twitter_misc":{"Szacowany czas czytania":"5 minut"},"schema":{"@context":"https:\/\/schema.org","@graph":[{"@type":"WebPage","@id":"https:\/\/get.agcoconnect.com\/pl\/zasady-korzystania\/","url":"https:\/\/get.agcoconnect.com\/pl\/zasady-korzystania\/","name":"Zasady korzystania - Agco Connect","isPartOf":{"@id":"https:\/\/get.agcoconnect.com\/#website"},"primaryImageOfPage":{"@id":"https:\/\/get.agcoconnect.com\/pl\/zasady-korzystania\/#primaryimage"},"image":{"@id":"https:\/\/get.agcoconnect.com\/pl\/zasady-korzystania\/#primaryimage"},"thumbnailUrl":"https:\/\/get.agcoconnect.com\/assets\/files\/2019\/01\/AGCO-Connect-SC-Valtra-hero-pixilation-red-3.jpg","datePublished":"2018-12-21T09:53:45+00:00","dateModified":"2019-12-09T06:39:41+00:00","breadcrumb":{"@id":"https:\/\/get.agcoconnect.com\/pl\/zasady-korzystania\/#breadcrumb"},"inLanguage":"pl-PL","potentialAction":[{"@type":"ReadAction","target":["https:\/\/get.agcoconnect.com\/pl\/zasady-korzystania\/"]}]},{"@type":"ImageObject","inLanguage":"pl-PL","@id":"https:\/\/get.agcoconnect.com\/pl\/zasady-korzystania\/#primaryimage","url":"https:\/\/get.agcoconnect.com\/assets\/files\/2019\/01\/AGCO-Connect-SC-Valtra-hero-pixilation-red-3.jpg","contentUrl":"https:\/\/get.agcoconnect.com\/assets\/files\/2019\/01\/AGCO-Connect-SC-Valtra-hero-pixilation-red-3.jpg","width":1600,"height":900},{"@type":"BreadcrumbList","@id":"https:\/\/get.agcoconnect.com\/pl\/zasady-korzystania\/#breadcrumb","itemListElement":[{"@type":"ListItem","position":1,"name":"Home","item":"https:\/\/get.agcoconnect.com\/pl\/"},{"@type":"ListItem","position":2,"name":"Zasady korzystania"}]},{"@type":"WebSite","@id":"https:\/\/get.agcoconnect.com\/#website","url":"https:\/\/get.agcoconnect.com\/","name":"Agco Connect","description":"","potentialAction":[{"@type":"SearchAction","target":{"@type":"EntryPoint","urlTemplate":"https:\/\/get.agcoconnect.com\/?s={search_term_string}"},"query-input":{"@type":"PropertyValueSpecification","valueRequired":true,"valueName":"search_term_string"}}],"inLanguage":"pl-PL"}]}},"_links":{"self":[{"href":"https:\/\/get.agcoconnect.com\/pl\/wp-json\/wp\/v2\/pages\/2427","targetHints":{"allow":["GET"]}}],"collection":[{"href":"https:\/\/get.agcoconnect.com\/pl\/wp-json\/wp\/v2\/pages"}],"about":[{"href":"https:\/\/get.agcoconnect.com\/pl\/wp-json\/wp\/v2\/types\/page"}],"author":[{"embeddable":true,"href":"https:\/\/get.agcoconnect.com\/pl\/wp-json\/wp\/v2\/users\/2"}],"replies":[{"embeddable":true,"href":"https:\/\/get.agcoconnect.com\/pl\/wp-json\/wp\/v2\/comments?post=2427"}],"version-history":[{"count":1,"href":"https:\/\/get.agcoconnect.com\/pl\/wp-json\/wp\/v2\/pages\/2427\/revisions"}],"predecessor-version":[{"id":3198,"href":"https:\/\/get.agcoconnect.com\/pl\/wp-json\/wp\/v2\/pages\/2427\/revisions\/3198"}],"wp:featuredmedia":[{"embeddable":true,"href":"https:\/\/get.agcoconnect.com\/pl\/wp-json\/wp\/v2\/media\/2231"}],"wp:attachment":[{"href":"https:\/\/get.agcoconnect.com\/pl\/wp-json\/wp\/v2\/media?parent=2427"}],"curies":[{"name":"wp","href":"https:\/\/api.w.org\/{rel}","templated":true}]}}