{"id":2426,"date":"2018-12-21T09:53:45","date_gmt":"2018-12-21T09:53:45","guid":{"rendered":"http:\/\/get.agcoconnect.com\/terms-of-use\/"},"modified":"2019-12-05T09:43:21","modified_gmt":"2019-12-05T09:43:21","slug":"terms-of-use","status":"publish","type":"page","link":"https:\/\/get.agcoconnect.com\/no\/terms-of-use\/","title":{"rendered":"Vilk\u00e5r for bruk"},"content":{"rendered":"<p>Dette AGCO-nettstedet tilbys p\u00e5 vilk\u00e5rene som er angitt nedenfor. Din tilgang til og bruk av dette nettstedet inneb\u00e6rer at du godtar disse vilk\u00e5rene. Hvis du ikke godtar disse vilk\u00e5rene, m\u00e5 du ikke bruke nettstedet v\u00e5rt. V\u00e5r personvernerkl\u00e6ring kan ogs\u00e5 gjelde din bruk av nettstedet v\u00e5rt. Personvernerkl\u00e6ringen fastsetter betingelsene som vi behandler alle personlige opplysninger som vi samler inn fra deg, eller som du gir oss. Ved \u00e5 bruke nettstedet v\u00e5rt samtykker du til slik behandling.<\/p>\n<p>Du m\u00e5 ikke misbruke nettstedet v\u00e5rt ved \u00e5 bevisst introdusere virus, trojanere, ormer, logikkbomber eller annet materiale som er skadelig eller teknisk farlig. Du m\u00e5 ikke fors\u00f8ke \u00e5 f\u00e5 uautorisert tilgang til nettstedet v\u00e5rt, serveren som nettstedet v\u00e5rt er lagret p\u00e5, eller en server, datamaskin eller database som er koblet til nettstedet v\u00e5rt. Du m\u00e5 ikke angripe nettomr\u00e5det v\u00e5rt via et tjenestenektangrep eller et distribuert tjenestenektangrep. Ved \u00e5 g\u00e5 inn p\u00e5 dette nettstedet samtykker du uttrykkelig til administrativ overv\u00e5king til enhver tid. Bevis p\u00e5 eventuell mulig kriminell aktivitet som er identifisert under slik overv\u00e5king, kan gis til riktige myndigheter. Hvis du ikke samtykker til slik overv\u00e5king, m\u00e5 du g\u00e5 ut av dette nettstedet umiddelbart.<\/p>\n<p>Rettighetene, tittelen og interessen for alle opphavsrettigheter i all programvaretekst eller grafikk p\u00e5 dette nettstedet eies eller lisensieres av AGCO. Ingen publisering, kopiering eller distribusjon av materialet som er inkludert p\u00e5 dette nettstedet er tillatt uten skriftlig samtykke fra AGCO.<\/p>\n<p>Navnet p\u00e5 AGCO eller AGCOs merker (inkludert Challenger, Fella, Fendt, Fuse, Gleaner, GSI, Massey Ferguson og Valtra) eller logoene til AGCO-merkene kan ikke brukes i reklame eller publisitet eller p\u00e5 annen m\u00e5te distribueres uten bestemte skriftlig forh\u00e5ndstillatelse fra AGCO eller som angitt i den aktuelle forhandler- eller distribut\u00f8ravtalen som er inng\u00e5tt med et AGCO-selskap.<\/p>\n<p>Ingenting p\u00e5 dette nettstedet skal tolkes som \u00e5 gi lisens eller rett til \u00e5 bruke noen patenter eller varemerker for AGCO uten skriftlig tillatelse fra AGCO eller en slik tredjepart som kan eie patenter eller varemerker som vises. Sp\u00f8rsm\u00e5l om bruk av patenter eller varemerker, eller om et element er et varemerke for AGCO, b\u00f8r henvises til AGCO.<\/p>\n<p>Innholdet p\u00e5 nettstedet v\u00e5rt er bare tilgjengelig for generell informasjon. Det er ikke ment \u00e5 gi r\u00e5d om hva du skal stole p\u00e5. Vi gj\u00f8r en rimelig innsats for \u00e5 sikre at informasjonen p\u00e5 dette nettstedet er s\u00e5 n\u00f8yaktig, komplett og s\u00e5 oppdatert som mulig. Det kan imidlertid forekomme un\u00f8yaktigheter, feil eller utelatelser p\u00e5 nettstedet som AGCO fraskriver seg ethvert ansvar eller ansvar for. Disse vilk\u00e5rene og informasjonen p\u00e5 nettstedet kan endres fra tid til annen. Hver gang du \u00f8nsker \u00e5 bruke nettstedet v\u00e5rt, b\u00f8r du sjekke disse vilk\u00e5rene for \u00e5 sikre at du forst\u00e5r vilk\u00e5rene som gjelder p\u00e5 det tidspunktet. Informasjon om AGCO- eller AGCOs produkter er bare illustrerende og b\u00f8r ikke stoles p\u00e5. I den grad loven tillater det, skal ingen av AGCO-selskapene holdes ansvarlig for spesielle, indirekte eller f\u00f8lgemessige skader (inkludert tap av fortjeneste eller inntekt), enten det er i en kontrakt, uaktsomhet eller andre urolige handlinger som oppst\u00e5r som f\u00f8lge av eller i forbindelse med bruken. Misbruk eller ytelse p\u00e5 dette nettstedet eller fra informasjon, manglende informasjon, dokumenter, programvare eller annet materiale som er innhentet p\u00e5 alle AGCO-nettsider.<\/p>\n<p>Hvis det ikke er uttrykkelig tillatt av AGCO, kan ingen informasjon som oppbevares i databaser p\u00e5 dette nettstedet, reproduseres eller distribueres av deg i noen form, og du er ikke autorisert til \u00e5 trekke ut personlig informasjon om personer til personlig eller kommersiell bruk.<\/p>\n<p>Dette nettstedet kan inneholde koblinger til tredjeparts nettsteder. Disse koblingene er bare gitt til deg som en bekvemmelighet. Slike koblede nettsteder er ikke under kontroll eller innflytelse fra AGCO. AGCO p\u00e5tar seg ikke noe ansvar for innholdet p\u00e5 et koblet nettsted fra en tredjepart eller en kobling som finnes p\u00e5 et koblet omr\u00e5de. Inkludering av koblinger inneb\u00e6rer ikke n\u00f8dvendigvis at AGCO har st\u00f8tte fra de tilknyttede enhetene, det tilknyttede nettstedet eller produkter eller tjenester som finnes p\u00e5 et tilknyttet nettsted.<\/p>\n<p>Vi garanterer ikke at nettstedet v\u00e5rt vil v\u00e6re sikkert eller fri for feil eller virus, eller at det alltid vil v\u00e6re tilgjengelig med uavbrutt tilgang. AGCO p\u00e5tar seg ikke noe ansvar og skal ikke holdes ansvarlig for skader eller virus som p\u00e5virker datautstyret, programvaren, dataene eller andre eiendeler, p\u00e5 grunn av tilgang til dette nettstedet eller nedlasting av materiale, data, tekst, bilder, video eller lyd fra det.<\/p>\n<p>Du vil ta alle n\u00f8dvendige skritt for \u00e5 sikre at data, \u00f8konomiske detaljer eller kommersiell sensitiv informasjon som kommer fra eller tilh\u00f8rer AGCO, som kommer i din besittelse eller kontroll ved bruk av dette nettstedet, er beskyttet og behandlet konfidensielt, og spesielt ikke:<\/p>\n<p>Bruke data eller informasjon eller reprodusere data eller informasjon i hele eller deler av en eller annen form, unntatt som kan godkjennes av AGCO.<\/p>\n<p>Eller videreformidle data eller informasjon til en tredjepart eller personer som ikke er autorisert av AGCO, til \u00e5 motta dem, unntatt ved skriftlig forh\u00e5ndssamtykke fra AGCO.<\/p>\n<p>Gj\u00f8r deg kjent med vilk\u00e5rene i\u00a0<a href=\"https:\/\/www.agcocorp.com\/cookies.html\" target=\"_blank\" rel=\"noopener noreferrer\">Retningslinjer for informasjonskapsler<\/a>, siden dette gjelder din bruk av nettstedet og gir informasjon om informasjonskapsler p\u00e5 nettstedet v\u00e5rt.<\/p>\n","protected":false},"excerpt":{"rendered":"<p>Dette AGCO-nettstedet tilbys p\u00e5 vilk\u00e5rene som er angitt nedenfor. Din tilgang til og bruk av dette nettstedet inneb\u00e6rer at du godtar disse vilk\u00e5rene. Hvis du ikke godtar disse vilk\u00e5rene, m\u00e5 du ikke bruke nettstedet v\u00e5rt. V\u00e5r personvernerkl\u00e6ring kan ogs\u00e5 gjelde din bruk av nettstedet v\u00e5rt. Personvernerkl\u00e6ringen fastsetter betingelsene som vi behandler alle personlige opplysninger som [&hellip;]<\/p>\n","protected":false},"author":2,"featured_media":2229,"parent":0,"menu_order":0,"comment_status":"closed","ping_status":"closed","template":"","meta":{"_acf_changed":false,"footnotes":""},"class_list":["post-2426","page","type-page","status-publish","has-post-thumbnail","hentry"],"acf":[],"yoast_head":"<!-- This site is optimized with the Yoast SEO plugin v24.2 - https:\/\/yoast.com\/wordpress\/plugins\/seo\/ -->\n<title>Vilk\u00e5r for bruk - Agco Connect<\/title>\n<meta name=\"robots\" content=\"index, follow, max-snippet:-1, max-image-preview:large, max-video-preview:-1\" \/>\n<link rel=\"canonical\" href=\"https:\/\/get.agcoconnect.com\/no\/terms-of-use\/\" \/>\n<meta property=\"og:locale\" content=\"nb_NO\" \/>\n<meta property=\"og:type\" content=\"article\" \/>\n<meta property=\"og:title\" content=\"Vilk\u00e5r for bruk - Agco Connect\" \/>\n<meta property=\"og:description\" content=\"Dette AGCO-nettstedet tilbys p\u00e5 vilk\u00e5rene som er angitt nedenfor. Din tilgang til og bruk av dette nettstedet inneb\u00e6rer at du godtar disse vilk\u00e5rene. Hvis du ikke godtar disse vilk\u00e5rene, m\u00e5 du ikke bruke nettstedet v\u00e5rt. V\u00e5r personvernerkl\u00e6ring kan ogs\u00e5 gjelde din bruk av nettstedet v\u00e5rt. Personvernerkl\u00e6ringen fastsetter betingelsene som vi behandler alle personlige opplysninger som [&hellip;]\" \/>\n<meta property=\"og:url\" content=\"https:\/\/get.agcoconnect.com\/no\/terms-of-use\/\" \/>\n<meta property=\"og:site_name\" content=\"Agco Connect\" \/>\n<meta property=\"article:modified_time\" content=\"2019-12-05T09:43:21+00:00\" \/>\n<meta property=\"og:image\" content=\"https:\/\/get.agcoconnect.com\/assets\/files\/2019\/01\/AGCO-Connect-SC-Valtra-hero-pixilation-red-3.jpg\" \/>\n\t<meta property=\"og:image:width\" content=\"1600\" \/>\n\t<meta property=\"og:image:height\" content=\"900\" \/>\n\t<meta property=\"og:image:type\" content=\"image\/jpeg\" \/>\n<meta name=\"twitter:card\" content=\"summary_large_image\" \/>\n<meta name=\"twitter:label1\" content=\"Ansl. lesetid\" \/>\n\t<meta name=\"twitter:data1\" content=\"4 minutter\" \/>\n<script type=\"application\/ld+json\" class=\"yoast-schema-graph\">{\"@context\":\"https:\/\/schema.org\",\"@graph\":[{\"@type\":\"WebPage\",\"@id\":\"https:\/\/get.agcoconnect.com\/no\/terms-of-use\/\",\"url\":\"https:\/\/get.agcoconnect.com\/no\/terms-of-use\/\",\"name\":\"Vilk\u00e5r for bruk - Agco Connect\",\"isPartOf\":{\"@id\":\"https:\/\/get.agcoconnect.com\/#website\"},\"primaryImageOfPage\":{\"@id\":\"https:\/\/get.agcoconnect.com\/no\/terms-of-use\/#primaryimage\"},\"image\":{\"@id\":\"https:\/\/get.agcoconnect.com\/no\/terms-of-use\/#primaryimage\"},\"thumbnailUrl\":\"https:\/\/get.agcoconnect.com\/assets\/files\/2019\/01\/AGCO-Connect-SC-Valtra-hero-pixilation-red-3.jpg\",\"datePublished\":\"2018-12-21T09:53:45+00:00\",\"dateModified\":\"2019-12-05T09:43:21+00:00\",\"breadcrumb\":{\"@id\":\"https:\/\/get.agcoconnect.com\/no\/terms-of-use\/#breadcrumb\"},\"inLanguage\":\"nb-NO\",\"potentialAction\":[{\"@type\":\"ReadAction\",\"target\":[\"https:\/\/get.agcoconnect.com\/no\/terms-of-use\/\"]}]},{\"@type\":\"ImageObject\",\"inLanguage\":\"nb-NO\",\"@id\":\"https:\/\/get.agcoconnect.com\/no\/terms-of-use\/#primaryimage\",\"url\":\"https:\/\/get.agcoconnect.com\/assets\/files\/2019\/01\/AGCO-Connect-SC-Valtra-hero-pixilation-red-3.jpg\",\"contentUrl\":\"https:\/\/get.agcoconnect.com\/assets\/files\/2019\/01\/AGCO-Connect-SC-Valtra-hero-pixilation-red-3.jpg\",\"width\":1600,\"height\":900},{\"@type\":\"BreadcrumbList\",\"@id\":\"https:\/\/get.agcoconnect.com\/no\/terms-of-use\/#breadcrumb\",\"itemListElement\":[{\"@type\":\"ListItem\",\"position\":1,\"name\":\"Home\",\"item\":\"https:\/\/get.agcoconnect.com\/no\/\"},{\"@type\":\"ListItem\",\"position\":2,\"name\":\"Vilk\u00e5r for bruk\"}]},{\"@type\":\"WebSite\",\"@id\":\"https:\/\/get.agcoconnect.com\/#website\",\"url\":\"https:\/\/get.agcoconnect.com\/\",\"name\":\"Agco Connect\",\"description\":\"\",\"potentialAction\":[{\"@type\":\"SearchAction\",\"target\":{\"@type\":\"EntryPoint\",\"urlTemplate\":\"https:\/\/get.agcoconnect.com\/?s={search_term_string}\"},\"query-input\":{\"@type\":\"PropertyValueSpecification\",\"valueRequired\":true,\"valueName\":\"search_term_string\"}}],\"inLanguage\":\"nb-NO\"}]}<\/script>\n<!-- \/ Yoast SEO plugin. -->","yoast_head_json":{"title":"Vilk\u00e5r for bruk - Agco Connect","robots":{"index":"index","follow":"follow","max-snippet":"max-snippet:-1","max-image-preview":"max-image-preview:large","max-video-preview":"max-video-preview:-1"},"canonical":"https:\/\/get.agcoconnect.com\/no\/terms-of-use\/","og_locale":"nb_NO","og_type":"article","og_title":"Vilk\u00e5r for bruk - Agco Connect","og_description":"Dette AGCO-nettstedet tilbys p\u00e5 vilk\u00e5rene som er angitt nedenfor. Din tilgang til og bruk av dette nettstedet inneb\u00e6rer at du godtar disse vilk\u00e5rene. Hvis du ikke godtar disse vilk\u00e5rene, m\u00e5 du ikke bruke nettstedet v\u00e5rt. V\u00e5r personvernerkl\u00e6ring kan ogs\u00e5 gjelde din bruk av nettstedet v\u00e5rt. Personvernerkl\u00e6ringen fastsetter betingelsene som vi behandler alle personlige opplysninger som [&hellip;]","og_url":"https:\/\/get.agcoconnect.com\/no\/terms-of-use\/","og_site_name":"Agco Connect","article_modified_time":"2019-12-05T09:43:21+00:00","og_image":[{"width":1600,"height":900,"url":"https:\/\/get.agcoconnect.com\/assets\/files\/2019\/01\/AGCO-Connect-SC-Valtra-hero-pixilation-red-3.jpg","type":"image\/jpeg"}],"twitter_card":"summary_large_image","twitter_misc":{"Ansl. lesetid":"4 minutter"},"schema":{"@context":"https:\/\/schema.org","@graph":[{"@type":"WebPage","@id":"https:\/\/get.agcoconnect.com\/no\/terms-of-use\/","url":"https:\/\/get.agcoconnect.com\/no\/terms-of-use\/","name":"Vilk\u00e5r for bruk - Agco Connect","isPartOf":{"@id":"https:\/\/get.agcoconnect.com\/#website"},"primaryImageOfPage":{"@id":"https:\/\/get.agcoconnect.com\/no\/terms-of-use\/#primaryimage"},"image":{"@id":"https:\/\/get.agcoconnect.com\/no\/terms-of-use\/#primaryimage"},"thumbnailUrl":"https:\/\/get.agcoconnect.com\/assets\/files\/2019\/01\/AGCO-Connect-SC-Valtra-hero-pixilation-red-3.jpg","datePublished":"2018-12-21T09:53:45+00:00","dateModified":"2019-12-05T09:43:21+00:00","breadcrumb":{"@id":"https:\/\/get.agcoconnect.com\/no\/terms-of-use\/#breadcrumb"},"inLanguage":"nb-NO","potentialAction":[{"@type":"ReadAction","target":["https:\/\/get.agcoconnect.com\/no\/terms-of-use\/"]}]},{"@type":"ImageObject","inLanguage":"nb-NO","@id":"https:\/\/get.agcoconnect.com\/no\/terms-of-use\/#primaryimage","url":"https:\/\/get.agcoconnect.com\/assets\/files\/2019\/01\/AGCO-Connect-SC-Valtra-hero-pixilation-red-3.jpg","contentUrl":"https:\/\/get.agcoconnect.com\/assets\/files\/2019\/01\/AGCO-Connect-SC-Valtra-hero-pixilation-red-3.jpg","width":1600,"height":900},{"@type":"BreadcrumbList","@id":"https:\/\/get.agcoconnect.com\/no\/terms-of-use\/#breadcrumb","itemListElement":[{"@type":"ListItem","position":1,"name":"Home","item":"https:\/\/get.agcoconnect.com\/no\/"},{"@type":"ListItem","position":2,"name":"Vilk\u00e5r for bruk"}]},{"@type":"WebSite","@id":"https:\/\/get.agcoconnect.com\/#website","url":"https:\/\/get.agcoconnect.com\/","name":"Agco Connect","description":"","potentialAction":[{"@type":"SearchAction","target":{"@type":"EntryPoint","urlTemplate":"https:\/\/get.agcoconnect.com\/?s={search_term_string}"},"query-input":{"@type":"PropertyValueSpecification","valueRequired":true,"valueName":"search_term_string"}}],"inLanguage":"nb-NO"}]}},"_links":{"self":[{"href":"https:\/\/get.agcoconnect.com\/no\/wp-json\/wp\/v2\/pages\/2426","targetHints":{"allow":["GET"]}}],"collection":[{"href":"https:\/\/get.agcoconnect.com\/no\/wp-json\/wp\/v2\/pages"}],"about":[{"href":"https:\/\/get.agcoconnect.com\/no\/wp-json\/wp\/v2\/types\/page"}],"author":[{"embeddable":true,"href":"https:\/\/get.agcoconnect.com\/no\/wp-json\/wp\/v2\/users\/2"}],"replies":[{"embeddable":true,"href":"https:\/\/get.agcoconnect.com\/no\/wp-json\/wp\/v2\/comments?post=2426"}],"version-history":[{"count":1,"href":"https:\/\/get.agcoconnect.com\/no\/wp-json\/wp\/v2\/pages\/2426\/revisions"}],"predecessor-version":[{"id":2948,"href":"https:\/\/get.agcoconnect.com\/no\/wp-json\/wp\/v2\/pages\/2426\/revisions\/2948"}],"wp:featuredmedia":[{"embeddable":true,"href":"https:\/\/get.agcoconnect.com\/no\/wp-json\/wp\/v2\/media\/2229"}],"wp:attachment":[{"href":"https:\/\/get.agcoconnect.com\/no\/wp-json\/wp\/v2\/media?parent=2426"}],"curies":[{"name":"wp","href":"https:\/\/api.w.org\/{rel}","templated":true}]}}