{"id":2425,"date":"2018-12-21T09:53:45","date_gmt":"2018-12-21T09:53:45","guid":{"rendered":"http:\/\/get.agcoconnect.com\/terms-of-use\/"},"modified":"2019-12-05T10:56:45","modified_gmt":"2019-12-05T10:56:45","slug":"condizioni-per-lutilizzo","status":"publish","type":"page","link":"https:\/\/get.agcoconnect.com\/it\/condizioni-per-lutilizzo\/","title":{"rendered":"Condizioni per l&#8217;utilizzo"},"content":{"rendered":"<p>Il presente sito web di AGCO viene offerto all&#8217;utente alle condizioni descritte di seguito. L&#8217;accesso e l&#8217;uso di questo sito web comporta l&#8217;accettazione di tali condizioni. Se tali condizioni non sono accettate, interrompere l&#8217;uso del sito web. Anche la nostra Informativa sulla privacy potrebbe rientrare nelle condizioni per l&#8217;utilizzo del presente sito web. L&#8217;informativa sulla privacy include le direttive per il trattamento dei dati personali forniti dagli utenti o altrimenti raccolti. Utilizzando il sito web, si acconsente al trattamento di tali dati.<\/p>\n<p>L&#8217;utente non deve usare impropriamente il nostro sito introducendo volontariamente virus, trojan, worm, bombe logiche o altro materiale malevolo o tecnologicamente dannoso. Se non autorizzato, l&#8217;utente non deve cercare di accedere al nostro sito, al server su cui si trova il nostro sito o a qualsiasi server, computer o database connesso al nostro sito. L&#8217;utente non deve sferrare un attacco DoS (Denial-of-Service) o DDoS (Distributed Denial-of-Service) al nostro sito. Accedendo al nostro sito web, l&#8217;utente acconsente espressamente al monitoraggio amministrativo in qualsiasi momento sia ritenuto necessario. Prove di eventuali attivit\u00e0 criminali emerse durante tale monitoraggio potranno essere fornite alle autorit\u00e0 competenti. Se l&#8217;utente non acconsente a tale monitoraggio, deve uscire immediatamente dal sito web.<\/p>\n<p>I diritti, i titoli e gli interessi di tutti i copyright di qualsivoglia testo o grafico del software del presente sito web sono di propriet\u00e0 o concessi in licenza da AGCO. Nessuna pubblicazione, copia o distribuzione del materiale incluso nel presente sito web \u00e8 ammessa senza il consenso scritto di AGCO.<\/p>\n<p>Il nome AGCO o i marchi AGCO (inclusi Challenger, Fella, Fendt, Fuse, Gleaner, GSI, Massey Ferguson e Valtra) o i loghi dei marchi AGCO non possono essere usati in messaggi pubblicitari o attivit\u00e0 di marketing o altrimenti distribuiti senza un previo permesso scritto specifico di AGCO o secondo le modalit\u00e0 dell&#8217;accordo del concessionario o distributore stipulato con una delle aziende AGCO.<\/p>\n<p>Nulla di quanto contenuto in questo sito web pu\u00f2 essere interpretato come una concessione di licenza o diritto a usare qualsivoglia brevetto o marchio AGCO senza il consenso scritto di AGCO o di terze parti che potrebbero essere proprietari dei brevetti o marchi menzionati. Per qualsiasi problema riguardante l&#8217;uso di brevetti e marchi o per dubbi sui marchi AGCO, rivolgersi ad AGCO.<\/p>\n<p>I contenuti del nostro sito web vengono forniti a solo scopo informativo e non sono pensati per fornire consigli a cui l&#8217;utente deve fare affidamento. Impieghiamo ogni ragionevole sforzo per assicurare che le informazioni del sito web siano il pi\u00f9 possibile accurate, complete e aggiornate. Tuttavia, il sito web potrebbe contenere imprecisioni, errori o omissioni per cui AGCO declina ogni responsabilit\u00e0 o obbligo. I termini e le informazioni sul sito web potrebbero cambiare di volta in volta. Ogni volta che si desidera usare il nostro sito, consultare i presenti termini e verificare di averli compresi, in quanto sono sempre validi. Le informazioni su AGCO o sui prodotti AGCO sono puramente indicative e l&#8217;utente non deve farvi affidamento. Nella massima misura consentita dalla legge, in nessun caso alcuna azienda AGCO sar\u00e0 ritenuta responsabile per eventuali danni speciali, diretti o consequenziali (inclusi perdita di profitto o reddito), a seguito di azioni contrattuali, negligenza o altre azioni illecite, derivanti o associate all&#8217;uso, all&#8217;uso improprio o alle prestazioni di questo sito web o di qualsiasi informazione, mancanza di informazione, documenti software o altro materiale ottenuto tramite le pagine web di AGCO.<\/p>\n<p>Salvo quanto espressamente consentito da AGCO, nessuna informazione archiviata nei database di questo sito pu\u00f2 essere riprodotta o distribuita in qualsivoglia forma e l&#8217;utente non \u00e8 autorizzato ad estrarre dati personali su singoli privati con finalit\u00e0 personali o commerciali.<\/p>\n<p>Questo sito web pu\u00f2 contenere link a siti web di terze parti. Tali link sono forniti solo per comodit\u00e0 dell&#8217;utente e i relativi siti collegati non rientrano nel controllo o nell&#8217;influenza di AGCO. AGCO non si assume alcuna responsabilit\u00e0 o obbligo per i contenuti dei siti collegati di terzi o per i link contenuti in tali siti. L&#8217;inclusione di qualsivoglia link non implica necessariamente il sostegno da parte di AGCO di tali entit\u00e0 o siti collegati o di altri prodotti o servizi contenuti nei siti collegati.<\/p>\n<p>Non garantiamo che il nostro sito sar\u00e0 sicuro o privo di bug o virus o che sar\u00e0 sempre disponibile con accesso ininterrotto. AGCO declina ogni responsabilit\u00e0 per eventuali danni o virus che infettino il computer, il software, i dati o altra propriet\u00e0 in seguito all&#8217;accesso a questo sito web o al download di materiali, dati, testo, immagini, video o audio.<\/p>\n<p>L&#8217;utente adotter\u00e0 tutte le misure necessarie per accertarsi che i dati, le informazioni finanziarie o le informazioni commerciali sensibili originate o appartenenti ad AGCO e da lui acquisite o controllate tramite l&#8217;uso di questo sito web siano protetti e trattati in modo confidenziale e in particolare si impegna a non:<\/p>\n<p>usare tali dati o informazioni n\u00e9 a riprodurli per intero o in parte in qualsivoglia forma se non nei casi autorizzati da AGCO;<\/p>\n<p>rivelare i dati o le informazioni a terze parti o persone non autorizzate da AGCO a riceverle, se non con il previo consenso scritto di AGCO.<\/p>\n<p>Si prega di familiarizzare con i termini della nostra <a href=\"https:\/\/www.agcocorp.com\/cookies.html\" target=\"_blank\" rel=\"noopener noreferrer\">Informativa sui cookie<\/a>, in quanto questa si applica all&#8217;uso del sito web e include informazioni sui cookie del nostro sito.<\/p>\n","protected":false},"excerpt":{"rendered":"<p>Il presente sito web di AGCO viene offerto all&#8217;utente alle condizioni descritte di seguito. L&#8217;accesso e l&#8217;uso di questo sito web comporta l&#8217;accettazione di tali condizioni. Se tali condizioni non sono accettate, interrompere l&#8217;uso del sito web. Anche la nostra Informativa sulla privacy potrebbe rientrare nelle condizioni per l&#8217;utilizzo del presente sito web. L&#8217;informativa sulla [&hellip;]<\/p>\n","protected":false},"author":2,"featured_media":2227,"parent":0,"menu_order":0,"comment_status":"closed","ping_status":"closed","template":"","meta":{"_acf_changed":false,"footnotes":""},"class_list":["post-2425","page","type-page","status-publish","has-post-thumbnail","hentry"],"acf":[],"yoast_head":"<!-- This site is optimized with the Yoast SEO plugin v24.2 - https:\/\/yoast.com\/wordpress\/plugins\/seo\/ -->\n<title>Condizioni per l&#039;utilizzo - Agco Connect<\/title>\n<meta name=\"robots\" content=\"index, follow, max-snippet:-1, max-image-preview:large, max-video-preview:-1\" \/>\n<link rel=\"canonical\" href=\"https:\/\/get.agcoconnect.com\/it\/condizioni-per-lutilizzo\/\" \/>\n<meta property=\"og:locale\" content=\"it_IT\" \/>\n<meta property=\"og:type\" content=\"article\" \/>\n<meta property=\"og:title\" content=\"Condizioni per l&#039;utilizzo - Agco Connect\" \/>\n<meta property=\"og:description\" content=\"Il presente sito web di AGCO viene offerto all&#8217;utente alle condizioni descritte di seguito. L&#8217;accesso e l&#8217;uso di questo sito web comporta l&#8217;accettazione di tali condizioni. Se tali condizioni non sono accettate, interrompere l&#8217;uso del sito web. Anche la nostra Informativa sulla privacy potrebbe rientrare nelle condizioni per l&#8217;utilizzo del presente sito web. L&#8217;informativa sulla [&hellip;]\" \/>\n<meta property=\"og:url\" content=\"https:\/\/get.agcoconnect.com\/it\/condizioni-per-lutilizzo\/\" \/>\n<meta property=\"og:site_name\" content=\"Agco Connect\" \/>\n<meta property=\"article:modified_time\" content=\"2019-12-05T10:56:45+00:00\" \/>\n<meta property=\"og:image\" content=\"https:\/\/get.agcoconnect.com\/assets\/files\/2019\/01\/AGCO-Connect-SC-Valtra-hero-pixilation-red-3.jpg\" \/>\n\t<meta property=\"og:image:width\" content=\"1600\" \/>\n\t<meta property=\"og:image:height\" content=\"900\" \/>\n\t<meta property=\"og:image:type\" content=\"image\/jpeg\" \/>\n<meta name=\"twitter:card\" content=\"summary_large_image\" \/>\n<meta name=\"twitter:label1\" content=\"Tempo di lettura stimato\" \/>\n\t<meta name=\"twitter:data1\" content=\"4 minuti\" \/>\n<script type=\"application\/ld+json\" class=\"yoast-schema-graph\">{\"@context\":\"https:\/\/schema.org\",\"@graph\":[{\"@type\":\"WebPage\",\"@id\":\"https:\/\/get.agcoconnect.com\/it\/condizioni-per-lutilizzo\/\",\"url\":\"https:\/\/get.agcoconnect.com\/it\/condizioni-per-lutilizzo\/\",\"name\":\"Condizioni per l'utilizzo - Agco Connect\",\"isPartOf\":{\"@id\":\"https:\/\/get.agcoconnect.com\/#website\"},\"primaryImageOfPage\":{\"@id\":\"https:\/\/get.agcoconnect.com\/it\/condizioni-per-lutilizzo\/#primaryimage\"},\"image\":{\"@id\":\"https:\/\/get.agcoconnect.com\/it\/condizioni-per-lutilizzo\/#primaryimage\"},\"thumbnailUrl\":\"https:\/\/get.agcoconnect.com\/assets\/files\/2019\/01\/AGCO-Connect-SC-Valtra-hero-pixilation-red-3.jpg\",\"datePublished\":\"2018-12-21T09:53:45+00:00\",\"dateModified\":\"2019-12-05T10:56:45+00:00\",\"breadcrumb\":{\"@id\":\"https:\/\/get.agcoconnect.com\/it\/condizioni-per-lutilizzo\/#breadcrumb\"},\"inLanguage\":\"it-IT\",\"potentialAction\":[{\"@type\":\"ReadAction\",\"target\":[\"https:\/\/get.agcoconnect.com\/it\/condizioni-per-lutilizzo\/\"]}]},{\"@type\":\"ImageObject\",\"inLanguage\":\"it-IT\",\"@id\":\"https:\/\/get.agcoconnect.com\/it\/condizioni-per-lutilizzo\/#primaryimage\",\"url\":\"https:\/\/get.agcoconnect.com\/assets\/files\/2019\/01\/AGCO-Connect-SC-Valtra-hero-pixilation-red-3.jpg\",\"contentUrl\":\"https:\/\/get.agcoconnect.com\/assets\/files\/2019\/01\/AGCO-Connect-SC-Valtra-hero-pixilation-red-3.jpg\",\"width\":1600,\"height\":900},{\"@type\":\"BreadcrumbList\",\"@id\":\"https:\/\/get.agcoconnect.com\/it\/condizioni-per-lutilizzo\/#breadcrumb\",\"itemListElement\":[{\"@type\":\"ListItem\",\"position\":1,\"name\":\"Home\",\"item\":\"https:\/\/get.agcoconnect.com\/it\/\"},{\"@type\":\"ListItem\",\"position\":2,\"name\":\"Condizioni per l&#8217;utilizzo\"}]},{\"@type\":\"WebSite\",\"@id\":\"https:\/\/get.agcoconnect.com\/#website\",\"url\":\"https:\/\/get.agcoconnect.com\/\",\"name\":\"Agco Connect\",\"description\":\"\",\"potentialAction\":[{\"@type\":\"SearchAction\",\"target\":{\"@type\":\"EntryPoint\",\"urlTemplate\":\"https:\/\/get.agcoconnect.com\/?s={search_term_string}\"},\"query-input\":{\"@type\":\"PropertyValueSpecification\",\"valueRequired\":true,\"valueName\":\"search_term_string\"}}],\"inLanguage\":\"it-IT\"}]}<\/script>\n<!-- \/ Yoast SEO plugin. -->","yoast_head_json":{"title":"Condizioni per l'utilizzo - Agco Connect","robots":{"index":"index","follow":"follow","max-snippet":"max-snippet:-1","max-image-preview":"max-image-preview:large","max-video-preview":"max-video-preview:-1"},"canonical":"https:\/\/get.agcoconnect.com\/it\/condizioni-per-lutilizzo\/","og_locale":"it_IT","og_type":"article","og_title":"Condizioni per l'utilizzo - Agco Connect","og_description":"Il presente sito web di AGCO viene offerto all&#8217;utente alle condizioni descritte di seguito. L&#8217;accesso e l&#8217;uso di questo sito web comporta l&#8217;accettazione di tali condizioni. Se tali condizioni non sono accettate, interrompere l&#8217;uso del sito web. Anche la nostra Informativa sulla privacy potrebbe rientrare nelle condizioni per l&#8217;utilizzo del presente sito web. L&#8217;informativa sulla [&hellip;]","og_url":"https:\/\/get.agcoconnect.com\/it\/condizioni-per-lutilizzo\/","og_site_name":"Agco Connect","article_modified_time":"2019-12-05T10:56:45+00:00","og_image":[{"width":1600,"height":900,"url":"https:\/\/get.agcoconnect.com\/assets\/files\/2019\/01\/AGCO-Connect-SC-Valtra-hero-pixilation-red-3.jpg","type":"image\/jpeg"}],"twitter_card":"summary_large_image","twitter_misc":{"Tempo di lettura stimato":"4 minuti"},"schema":{"@context":"https:\/\/schema.org","@graph":[{"@type":"WebPage","@id":"https:\/\/get.agcoconnect.com\/it\/condizioni-per-lutilizzo\/","url":"https:\/\/get.agcoconnect.com\/it\/condizioni-per-lutilizzo\/","name":"Condizioni per l'utilizzo - Agco Connect","isPartOf":{"@id":"https:\/\/get.agcoconnect.com\/#website"},"primaryImageOfPage":{"@id":"https:\/\/get.agcoconnect.com\/it\/condizioni-per-lutilizzo\/#primaryimage"},"image":{"@id":"https:\/\/get.agcoconnect.com\/it\/condizioni-per-lutilizzo\/#primaryimage"},"thumbnailUrl":"https:\/\/get.agcoconnect.com\/assets\/files\/2019\/01\/AGCO-Connect-SC-Valtra-hero-pixilation-red-3.jpg","datePublished":"2018-12-21T09:53:45+00:00","dateModified":"2019-12-05T10:56:45+00:00","breadcrumb":{"@id":"https:\/\/get.agcoconnect.com\/it\/condizioni-per-lutilizzo\/#breadcrumb"},"inLanguage":"it-IT","potentialAction":[{"@type":"ReadAction","target":["https:\/\/get.agcoconnect.com\/it\/condizioni-per-lutilizzo\/"]}]},{"@type":"ImageObject","inLanguage":"it-IT","@id":"https:\/\/get.agcoconnect.com\/it\/condizioni-per-lutilizzo\/#primaryimage","url":"https:\/\/get.agcoconnect.com\/assets\/files\/2019\/01\/AGCO-Connect-SC-Valtra-hero-pixilation-red-3.jpg","contentUrl":"https:\/\/get.agcoconnect.com\/assets\/files\/2019\/01\/AGCO-Connect-SC-Valtra-hero-pixilation-red-3.jpg","width":1600,"height":900},{"@type":"BreadcrumbList","@id":"https:\/\/get.agcoconnect.com\/it\/condizioni-per-lutilizzo\/#breadcrumb","itemListElement":[{"@type":"ListItem","position":1,"name":"Home","item":"https:\/\/get.agcoconnect.com\/it\/"},{"@type":"ListItem","position":2,"name":"Condizioni per l&#8217;utilizzo"}]},{"@type":"WebSite","@id":"https:\/\/get.agcoconnect.com\/#website","url":"https:\/\/get.agcoconnect.com\/","name":"Agco Connect","description":"","potentialAction":[{"@type":"SearchAction","target":{"@type":"EntryPoint","urlTemplate":"https:\/\/get.agcoconnect.com\/?s={search_term_string}"},"query-input":{"@type":"PropertyValueSpecification","valueRequired":true,"valueName":"search_term_string"}}],"inLanguage":"it-IT"}]}},"_links":{"self":[{"href":"https:\/\/get.agcoconnect.com\/it\/wp-json\/wp\/v2\/pages\/2425","targetHints":{"allow":["GET"]}}],"collection":[{"href":"https:\/\/get.agcoconnect.com\/it\/wp-json\/wp\/v2\/pages"}],"about":[{"href":"https:\/\/get.agcoconnect.com\/it\/wp-json\/wp\/v2\/types\/page"}],"author":[{"embeddable":true,"href":"https:\/\/get.agcoconnect.com\/it\/wp-json\/wp\/v2\/users\/2"}],"replies":[{"embeddable":true,"href":"https:\/\/get.agcoconnect.com\/it\/wp-json\/wp\/v2\/comments?post=2425"}],"version-history":[{"count":1,"href":"https:\/\/get.agcoconnect.com\/it\/wp-json\/wp\/v2\/pages\/2425\/revisions"}],"predecessor-version":[{"id":3060,"href":"https:\/\/get.agcoconnect.com\/it\/wp-json\/wp\/v2\/pages\/2425\/revisions\/3060"}],"wp:featuredmedia":[{"embeddable":true,"href":"https:\/\/get.agcoconnect.com\/it\/wp-json\/wp\/v2\/media\/2227"}],"wp:attachment":[{"href":"https:\/\/get.agcoconnect.com\/it\/wp-json\/wp\/v2\/media?parent=2425"}],"curies":[{"name":"wp","href":"https:\/\/api.w.org\/{rel}","templated":true}]}}