{"id":6325,"date":"2018-12-21T09:53:45","date_gmt":"2018-12-21T09:53:45","guid":{"rendered":"http:\/\/get.agcoconnect.com\/terms-of-use\/"},"modified":"2021-01-18T11:49:10","modified_gmt":"2021-01-18T11:49:10","slug":"hasznlati-felttelek","status":"publish","type":"page","link":"https:\/\/get.agcoconnect.com\/hu\/hasznlati-felttelek\/","title":{"rendered":"Haszn&aacute;lati felt&eacute;telek"},"content":{"rendered":"<p>Az AGCO az al\u00e1bbi felt\u00e9telekkel biztos\u00edtja ennek a weboldalnak a haszn\u00e1lat\u00e1t. Az a t\u00e9ny, hogy a felhaszn\u00e1l\u00f3 el\u00e9ri \u00e9s haszn\u00e1lja ezt a weboldalt, a haszn\u00e1lati felt\u00e9telek elfogad\u00e1s\u00e1nak min\u0151s\u00fcl. Ha nem fogadja el ezeket a felt\u00e9teleket, nem haszn\u00e1lhatja a weboldalt. Adatv\u00e9delmi szab\u00e1lyzatunk a weboldalunk haszn\u00e1lat\u00e1ra is kiterjedhet. Az Adatv\u00e9delmi szab\u00e1lyzat mag\u00e1ban foglalja azon felt\u00e9teleket, amelyek alapj\u00e1n feldolgozzuk az \u00d6nt\u0151l gy\u0171jt\u00f6tt vagy \u00d6n \u00e1ltal megadott szem\u00e9lyes adatokat. Weboldalunk haszn\u00e1lat\u00e1val \u00d6n beleegyez\u00e9s\u00e9t adja ezen folyamatokhoz.<\/p>\n<p>Tilos az oldal sz\u00e1nd\u00e9kosan helytelen haszn\u00e1lata, p\u00e9ld\u00e1ul v\u00edrusok, tr\u00f3jai falovak, programf\u00e9rgek, logikai bomb\u00e1k vagy egy\u00e9b, k\u00e1rt\u00e9kony vagy technol\u00f3giailag k\u00e1ros anyagok haszn\u00e1lata. Ne pr\u00f3b\u00e1ljon illet\u00e9ktelen\u00fcl hozz\u00e1f\u00e9rni weboldalunkhoz, a weboldalunkat t\u00e1rol\u00f3 kiszolg\u00e1l\u00f3hoz, vagy b\u00e1rmely, a weboldalunkhoz kapcsol\u00f3d\u00f3 kiszolg\u00e1l\u00f3hoz, sz\u00e1m\u00edt\u00f3g\u00e9phez vagy adatb\u00e1zishoz. Nem t\u00e1madhatja meg weboldalunkat szolg\u00e1ltat\u00e1smegtagad\u00e1si t\u00e1mad\u00e1s vagy elosztott szolg\u00e1ltat\u00e1smegtagad\u00e1si t\u00e1mad\u00e1s \u00fatj\u00e1n. A felhaszn\u00e1l\u00f3 a weboldal el\u00e9r\u00e9s\u00e9vel minden id\u0151ben kifejezetten hozz\u00e1j\u00e1rul az adminisztrat\u00edv c\u00e9l\u00fa megfigyel\u00e9shez.<\/p>\n<p>Az ilyen jelleg\u0171 megfigyel\u00e9s sor\u00e1n azonos\u00edtott b\u00e1rmely b\u0171ncselekm\u00e9nyr\u0151l \u00e9rtes\u00edts\u00e9k az illet\u00e9kes hat\u00f3s\u00e1gokat. Ha nem j\u00e1rul hozz\u00e1 a megfigyel\u00e9shez, k\u00e9rj\u00fck, hogy halad\u00e9ktalanul l\u00e9pjen ki err\u0151l a weboldalr\u00f3l. A jelen weboldalon szerepl\u0151 valamennyi szoftversz\u00f6veg \u00e9s \u00e1bra szerz\u0151i jog\u00e1hoz kapcsol\u00f3d\u00f3 minden jog, c\u00edm \u00e9s \u00e9rdekelts\u00e9g az AGCO tulajdona, vagy az AGCO enged\u00e9lyezi azt. A weboldalon tal\u00e1lhat\u00f3 anyagok k\u00f6zz\u00e9t\u00e9tele, m\u00e1sol\u00e1sa vagy terjeszt\u00e9se az AGCO \u00edr\u00e1sos hozz\u00e1j\u00e1rul\u00e1sa n\u00e9lk\u00fcl tilos. Az AGCO vagy az AGCO m\u00e1rk\u00e1inak nev\u00e9t (bele\u00e9rtve a k\u00f6vetkez\u0151ket: Challenger, Fella, Fendt, Fuse, Gleaner, GSI, Massey Ferguson \u00e9s Valtra), vagy az AGCO m\u00e1rk\u00e1inak log\u00f3it nem lehet rekl\u00e1moz\u00e1shoz vagy n\u00e9pszer\u0171s\u00edt\u00e9shez felhaszn\u00e1lni, illetve m\u00e1s m\u00f3don terjeszteni az AGCO k\u00fcl\u00f6n, \u00edr\u00e1sos el\u0151zetes enged\u00e9lye n\u00e9lk\u00fcl, vagy az AGCO t\u00e1rsas\u00e1ggal k\u00f6t\u00f6tt megfelel\u0151 keresked\u0151i vagy forgalmaz\u00f3i szerz\u0151d\u00e9sben el\u0151\u00edrtak szerint. Jelen weboldal tartalm\u00e1nak egyetlen r\u00e9sze sem \u00e9rtelmezhet\u0151 az AGCO szabadalmainak vagy bejegyzett v\u00e9djegyeinek haszn\u00e1lat\u00e1ra vonatkoz\u00f3 enged\u00e9lyk\u00e9nt vagy jogosults\u00e1gk\u00e9nt az AGCO vagy olyan harmadik f\u00e9l \u00edr\u00e1sbeli hozz\u00e1j\u00e1rul\u00e1sa n\u00e9lk\u00fcl, amely megjelen\u00edti saj\u00e1t szabadalmait vagy kereskedelmi v\u00e9djegyeit. A szabadalmak \u00e9s a bejegyzett v\u00e9djegyek haszn\u00e1lat\u00e1val kapcsolatos minden k\u00e9rd\u00e9ssel, valamint azzal a k\u00e9rd\u00e9ssel, hogy egy elem az AGCO bejegyzett v\u00e9djegye-e, az AGCO t\u00e1rsas\u00e1ghoz kell fordulni. A weboldalunkon tal\u00e1lhat\u00f3 tartalom kiz\u00e1r\u00f3lag \u00e1ltal\u00e1nos inform\u00e1ci\u00f3s c\u00e9lokat szolg\u00e1l. A tartalmat nem k\u00f6vetend\u0151 tan\u00e1csoknak sz\u00e1ntuk. \u00c9szszer\u0171 er\u0151fesz\u00edt\u00e9seket tesz\u00fcnk annak \u00e9rdek\u00e9ben, hogy a weboldalon tal\u00e1lhat\u00f3 inform\u00e1ci\u00f3k a lehet\u0151 legpontosabbak, teljesebbek \u00e9s naprak\u00e9szebbek legyenek. Ennek ellen\u00e9re el\u0151fordulhatnak a weboldalon pontatlans\u00e1gok, hib\u00e1k vagy kihagy\u00e1sok; ezek\u00e9rt az AGCO semminem\u0171 felel\u0151ss\u00e9get nem v\u00e1llal. A weboldalra vonatkoz\u00f3 felt\u00e9telek \u00e9s inform\u00e1ci\u00f3k id\u0151r\u0151l id\u0151re m\u00f3dosulhatnak. Az oldal minden haszn\u00e1lata el\u0151tt ellen\u0151rizze a felt\u00e9teleket, hogy biztos legyen afel\u0151l, hogy tiszt\u00e1ban van az aktu\u00e1lisan \u00e9rv\u00e9nyben l\u00e9v\u0151 felt\u00e9telekkel. Az AGCO t\u00e1rsas\u00e1ggal \u00e9s az AGCO term\u00e9keivel kapcsolatos inform\u00e1ci\u00f3k csak t\u00e1j\u00e9koztat\u00f3, nem pedig ir\u00e1nyad\u00f3 jelleg\u0171ek.<\/p>\n<p>A t\u00f6rv\u00e9ny \u00e1ltal megengedett legteljesebb m\u00e9rt\u00e9kben az AGCO semelyik v\u00e1llalata semmik\u00e9ppen nem tehet\u0151 felel\u0151ss\u00e9 semmif\u00e9le konkr\u00e9t, k\u00f6zvetett vagy k\u00f6vetkezm\u00e9nyk\u00e9nt fell\u00e9p\u0151 k\u00e1r\u00e9rt (ide sz\u00e1m\u00edtva a profit vagy a bev\u00e9tel elveszt\u00e9s\u00e9t is), ak\u00e1r szerz\u0151d\u00e9s sor\u00e1n, hanyags\u00e1gb\u00f3l vagy m\u00e1s, szerz\u0151d\u00e9sen k\u00edv\u00fcli k\u00e1rokoz\u00e1s sor\u00e1n, vagy a weboldal haszn\u00e1lat\u00e1b\u00f3l, az azzal val\u00f3 vissza\u00e9l\u00e9sb\u0151l vagy a weboldal m\u0171k\u00f6d\u00e9s\u00e9b\u0151l, vagy valamilyen inform\u00e1ci\u00f3b\u00f3l, inform\u00e1ci\u00f3, dokumentum, szoftver vagy az AGCO weboldalain kereszt\u00fcl beszerzett m\u00e1s anyag hi\u00e1ny\u00e1b\u00f3l fakad\u00f3an k\u00f6vetkezik be. Az AGCO kifejezett enged\u00e9lye n\u00e9lk\u00fcl \u00d6n semmilyen form\u00e1ban nem reproduk\u00e1lhatja vagy terjesztheti az ezen a weboldalon tal\u00e1lhat\u00f3 adatb\u00e1zisokban t\u00e1rolt inform\u00e1ci\u00f3kat, \u00e9s nem jogosult az egy\u00e9nek szem\u00e9lyes adatainak kinyer\u00e9s\u00e9re azok szem\u00e9lyes vagy kereskedelmi c\u00e9l\u00fa felhaszn\u00e1l\u00e1sa c\u00e9lj\u00e1b\u00f3l.<\/p>\n<p>Ez a weboldal harmadik f\u00e9l weboldalakra mutat\u00f3 hivatkoz\u00e1sokat tartalmazhat. Ezek a hivatkoz\u00e1sok csak a felhaszn\u00e1l\u00f3 k\u00e9nyelm\u00e9t szolg\u00e1lj\u00e1k. Ezek a weboldalak nem \u00e1llnak az AGCO ellen\u0151rz\u00e9se vagy befoly\u00e1sa alatt. Az AGCO semmif\u00e9le felel\u0151ss\u00e9get nem v\u00e1llal k\u00fcls\u0151 felek hivatkozott oldalainak tartalm\u00e1\u00e9rt vagy a hivatkozott oldalakon tal\u00e1lhat\u00f3 hivatkoz\u00e1sok tartalm\u00e1\u00e9rt. Valamely hivatkoz\u00e1s felv\u00e9tele nem jelenti felt\u00e9tlen\u00fcl azt, hogy az AGCO t\u00e1mogatja ezeket a jogi szem\u00e9lyeket, a hivatkozott weboldalt vagy b\u00e1rmely term\u00e9ket vagy szolg\u00e1ltat\u00e1st, amely ezeken a hivatkozott weboldalakon szerepel. Nem garant\u00e1ljuk, hogy weboldalunk biztons\u00e1gos, hib\u00e1kt\u00f3l \u00e9s v\u00edrusokt\u00f3l mentes, vagy hogy mindig, megszak\u00edt\u00e1s n\u00e9lk\u00fcl rendelkez\u00e9sre \u00e1ll. Az AGCO semmif\u00e9le felel\u0151ss\u00e9get nem v\u00e1llal \u00e9s nem perelhet\u0151 semmif\u00e9le k\u00e1r\u00e9rt vagy v\u00edrus\u00e9rt, amely a felhaszn\u00e1l\u00f3 sz\u00e1m\u00edt\u00f3g\u00e9pes berendez\u00e9seit, szoftvereit, adatait vagy m\u00e1s tulajdon\u00e1t \u00e9rinti annak k\u00f6vetkezt\u00e9ben, hogy el\u00e9ri jelen weboldalt vagy let\u00f6lt onnan b\u00e1rmilyen anyagot, adatot, sz\u00f6veget, k\u00e9pet, video- vagy audioanyagot. Minden sz\u00fcks\u00e9ges l\u00e9p\u00e9st megtesz annak biztos\u00edt\u00e1s\u00e1ra, hogy az AGCO-t\u00f3l sz\u00e1rmaz\u00f3 vagy ahhoz tartoz\u00f3 adatok, p\u00e9nz\u00fcgyi adatok vagy \u00fczleti szempontb\u00f3l \u00e9rz\u00e9keny inform\u00e1ci\u00f3k, amelyek a jelen weboldal haszn\u00e1lat\u00e1val az \u00d6n birtok\u00e1ba vagy ellen\u0151rz\u00e9se al\u00e1 ker\u00fclnek, v\u00e9dve legyenek \u00e9s azokat bizalmasan kezelj\u00e9k, \u00e9s semmik\u00e9pp sem haszn\u00e1lja vagy reproduk\u00e1lja az adatok vagy inform\u00e1ci\u00f3k teljes eg\u00e9sz\u00e9t vagy r\u00e9sz\u00e9t semmilyen form\u00e1ban, kiv\u00e9ve az AGCO enged\u00e9ly\u00e9vel; valamint nem hozza nyilv\u00e1noss\u00e1gra az adatokat vagy inform\u00e1ci\u00f3kat harmadik f\u00e9lnek vagy olyan szem\u00e9lyeknek, akiket az AGCO nem hatalmazott fel azok fogad\u00e1s\u00e1ra, kiv\u00e9ve az AGCO el\u0151zetes \u00edr\u00e1sbeli hozz\u00e1j\u00e1rul\u00e1s\u00e1val.<\/p>\n<p>K\u00e9rj\u00fck, olvassa \u00e1t figyelmesen a\u00a0<a href=\"https:\/\/www.agcocorp.com\/cookies.html\" target=\"_blank\" rel=\"noopener noreferrer\">Cookie-szab\u00e1lyzatunk<\/a> felt\u00e9teleit, mivel ezek a weboldal haszn\u00e1latakor vonatkoznak \u00d6nre, \u00e9s ezekben tal\u00e1lhat\u00f3k a weboldalunkon haszn\u00e1lt cookie-kr\u00f3l sz\u00f3l\u00f3 inform\u00e1ci\u00f3k.<\/p>\n","protected":false},"excerpt":{"rendered":"<p>Az AGCO az al\u00e1bbi felt\u00e9telekkel biztos\u00edtja ennek a weboldalnak a haszn\u00e1lat\u00e1t. Az a t\u00e9ny, hogy a felhaszn\u00e1l\u00f3 el\u00e9ri \u00e9s haszn\u00e1lja ezt a weboldalt, a haszn\u00e1lati felt\u00e9telek elfogad\u00e1s\u00e1nak min\u0151s\u00fcl. Ha nem fogadja el ezeket a felt\u00e9teleket, nem haszn\u00e1lhatja a weboldalt. Adatv\u00e9delmi szab\u00e1lyzatunk a weboldalunk haszn\u00e1lat\u00e1ra is kiterjedhet. Az Adatv\u00e9delmi szab\u00e1lyzat mag\u00e1ban foglalja azon felt\u00e9teleket, amelyek alapj\u00e1n [&hellip;]<\/p>\n","protected":false},"author":2,"featured_media":5930,"parent":0,"menu_order":0,"comment_status":"closed","ping_status":"closed","template":"","meta":{"_acf_changed":false,"footnotes":""},"class_list":["post-6325","page","type-page","status-publish","has-post-thumbnail","hentry"],"acf":[],"yoast_head":"<!-- This site is optimized with the Yoast SEO plugin v24.2 - https:\/\/yoast.com\/wordpress\/plugins\/seo\/ -->\n<title>Haszn&aacute;lati felt&eacute;telek - Agco Connect<\/title>\n<meta name=\"robots\" content=\"index, follow, max-snippet:-1, max-image-preview:large, max-video-preview:-1\" \/>\n<link rel=\"canonical\" href=\"https:\/\/get.agcoconnect.com\/hu\/hasznlati-felttelek\/\" \/>\n<meta property=\"og:locale\" content=\"hu_HU\" \/>\n<meta property=\"og:type\" content=\"article\" \/>\n<meta property=\"og:title\" content=\"Haszn&aacute;lati felt&eacute;telek - Agco Connect\" \/>\n<meta property=\"og:description\" content=\"Az AGCO az al\u00e1bbi felt\u00e9telekkel biztos\u00edtja ennek a weboldalnak a haszn\u00e1lat\u00e1t. Az a t\u00e9ny, hogy a felhaszn\u00e1l\u00f3 el\u00e9ri \u00e9s haszn\u00e1lja ezt a weboldalt, a haszn\u00e1lati felt\u00e9telek elfogad\u00e1s\u00e1nak min\u0151s\u00fcl. Ha nem fogadja el ezeket a felt\u00e9teleket, nem haszn\u00e1lhatja a weboldalt. Adatv\u00e9delmi szab\u00e1lyzatunk a weboldalunk haszn\u00e1lat\u00e1ra is kiterjedhet. Az Adatv\u00e9delmi szab\u00e1lyzat mag\u00e1ban foglalja azon felt\u00e9teleket, amelyek alapj\u00e1n [&hellip;]\" \/>\n<meta property=\"og:url\" content=\"https:\/\/get.agcoconnect.com\/hu\/hasznlati-felttelek\/\" \/>\n<meta property=\"og:site_name\" content=\"Agco Connect\" \/>\n<meta property=\"article:modified_time\" content=\"2021-01-18T11:49:10+00:00\" \/>\n<meta property=\"og:image\" content=\"https:\/\/get.agcoconnect.com\/assets\/files\/2019\/01\/AGCO-Connect-SC-Valtra-hero-pixilation-red-3.jpg\" \/>\n\t<meta property=\"og:image:width\" content=\"1600\" \/>\n\t<meta property=\"og:image:height\" content=\"900\" \/>\n\t<meta property=\"og:image:type\" content=\"image\/jpeg\" \/>\n<meta name=\"twitter:card\" content=\"summary_large_image\" \/>\n<meta name=\"twitter:label1\" content=\"Becs\u00fclt olvas\u00e1si id\u0151\" \/>\n\t<meta name=\"twitter:data1\" content=\"6 perc\" \/>\n<script type=\"application\/ld+json\" class=\"yoast-schema-graph\">{\"@context\":\"https:\/\/schema.org\",\"@graph\":[{\"@type\":\"WebPage\",\"@id\":\"https:\/\/get.agcoconnect.com\/hu\/hasznlati-felttelek\/\",\"url\":\"https:\/\/get.agcoconnect.com\/hu\/hasznlati-felttelek\/\",\"name\":\"Haszn&aacute;lati felt&eacute;telek - Agco Connect\",\"isPartOf\":{\"@id\":\"https:\/\/get.agcoconnect.com\/#website\"},\"primaryImageOfPage\":{\"@id\":\"https:\/\/get.agcoconnect.com\/hu\/hasznlati-felttelek\/#primaryimage\"},\"image\":{\"@id\":\"https:\/\/get.agcoconnect.com\/hu\/hasznlati-felttelek\/#primaryimage\"},\"thumbnailUrl\":\"https:\/\/get.agcoconnect.com\/assets\/files\/2019\/01\/AGCO-Connect-SC-Valtra-hero-pixilation-red-3.jpg\",\"datePublished\":\"2018-12-21T09:53:45+00:00\",\"dateModified\":\"2021-01-18T11:49:10+00:00\",\"breadcrumb\":{\"@id\":\"https:\/\/get.agcoconnect.com\/hu\/hasznlati-felttelek\/#breadcrumb\"},\"inLanguage\":\"hu\",\"potentialAction\":[{\"@type\":\"ReadAction\",\"target\":[\"https:\/\/get.agcoconnect.com\/hu\/hasznlati-felttelek\/\"]}]},{\"@type\":\"ImageObject\",\"inLanguage\":\"hu\",\"@id\":\"https:\/\/get.agcoconnect.com\/hu\/hasznlati-felttelek\/#primaryimage\",\"url\":\"https:\/\/get.agcoconnect.com\/assets\/files\/2019\/01\/AGCO-Connect-SC-Valtra-hero-pixilation-red-3.jpg\",\"contentUrl\":\"https:\/\/get.agcoconnect.com\/assets\/files\/2019\/01\/AGCO-Connect-SC-Valtra-hero-pixilation-red-3.jpg\",\"width\":1600,\"height\":900},{\"@type\":\"BreadcrumbList\",\"@id\":\"https:\/\/get.agcoconnect.com\/hu\/hasznlati-felttelek\/#breadcrumb\",\"itemListElement\":[{\"@type\":\"ListItem\",\"position\":1,\"name\":\"Home\",\"item\":\"https:\/\/get.agcoconnect.com\/hu\/\"},{\"@type\":\"ListItem\",\"position\":2,\"name\":\"Haszn&aacute;lati felt&eacute;telek\"}]},{\"@type\":\"WebSite\",\"@id\":\"https:\/\/get.agcoconnect.com\/#website\",\"url\":\"https:\/\/get.agcoconnect.com\/\",\"name\":\"Agco Connect\",\"description\":\"\",\"potentialAction\":[{\"@type\":\"SearchAction\",\"target\":{\"@type\":\"EntryPoint\",\"urlTemplate\":\"https:\/\/get.agcoconnect.com\/?s={search_term_string}\"},\"query-input\":{\"@type\":\"PropertyValueSpecification\",\"valueRequired\":true,\"valueName\":\"search_term_string\"}}],\"inLanguage\":\"hu\"}]}<\/script>\n<!-- \/ Yoast SEO plugin. -->","yoast_head_json":{"title":"Haszn&aacute;lati felt&eacute;telek - Agco Connect","robots":{"index":"index","follow":"follow","max-snippet":"max-snippet:-1","max-image-preview":"max-image-preview:large","max-video-preview":"max-video-preview:-1"},"canonical":"https:\/\/get.agcoconnect.com\/hu\/hasznlati-felttelek\/","og_locale":"hu_HU","og_type":"article","og_title":"Haszn&aacute;lati felt&eacute;telek - Agco Connect","og_description":"Az AGCO az al\u00e1bbi felt\u00e9telekkel biztos\u00edtja ennek a weboldalnak a haszn\u00e1lat\u00e1t. Az a t\u00e9ny, hogy a felhaszn\u00e1l\u00f3 el\u00e9ri \u00e9s haszn\u00e1lja ezt a weboldalt, a haszn\u00e1lati felt\u00e9telek elfogad\u00e1s\u00e1nak min\u0151s\u00fcl. Ha nem fogadja el ezeket a felt\u00e9teleket, nem haszn\u00e1lhatja a weboldalt. Adatv\u00e9delmi szab\u00e1lyzatunk a weboldalunk haszn\u00e1lat\u00e1ra is kiterjedhet. Az Adatv\u00e9delmi szab\u00e1lyzat mag\u00e1ban foglalja azon felt\u00e9teleket, amelyek alapj\u00e1n [&hellip;]","og_url":"https:\/\/get.agcoconnect.com\/hu\/hasznlati-felttelek\/","og_site_name":"Agco Connect","article_modified_time":"2021-01-18T11:49:10+00:00","og_image":[{"width":1600,"height":900,"url":"https:\/\/get.agcoconnect.com\/assets\/files\/2019\/01\/AGCO-Connect-SC-Valtra-hero-pixilation-red-3.jpg","type":"image\/jpeg"}],"twitter_card":"summary_large_image","twitter_misc":{"Becs\u00fclt olvas\u00e1si id\u0151":"6 perc"},"schema":{"@context":"https:\/\/schema.org","@graph":[{"@type":"WebPage","@id":"https:\/\/get.agcoconnect.com\/hu\/hasznlati-felttelek\/","url":"https:\/\/get.agcoconnect.com\/hu\/hasznlati-felttelek\/","name":"Haszn&aacute;lati felt&eacute;telek - Agco Connect","isPartOf":{"@id":"https:\/\/get.agcoconnect.com\/#website"},"primaryImageOfPage":{"@id":"https:\/\/get.agcoconnect.com\/hu\/hasznlati-felttelek\/#primaryimage"},"image":{"@id":"https:\/\/get.agcoconnect.com\/hu\/hasznlati-felttelek\/#primaryimage"},"thumbnailUrl":"https:\/\/get.agcoconnect.com\/assets\/files\/2019\/01\/AGCO-Connect-SC-Valtra-hero-pixilation-red-3.jpg","datePublished":"2018-12-21T09:53:45+00:00","dateModified":"2021-01-18T11:49:10+00:00","breadcrumb":{"@id":"https:\/\/get.agcoconnect.com\/hu\/hasznlati-felttelek\/#breadcrumb"},"inLanguage":"hu","potentialAction":[{"@type":"ReadAction","target":["https:\/\/get.agcoconnect.com\/hu\/hasznlati-felttelek\/"]}]},{"@type":"ImageObject","inLanguage":"hu","@id":"https:\/\/get.agcoconnect.com\/hu\/hasznlati-felttelek\/#primaryimage","url":"https:\/\/get.agcoconnect.com\/assets\/files\/2019\/01\/AGCO-Connect-SC-Valtra-hero-pixilation-red-3.jpg","contentUrl":"https:\/\/get.agcoconnect.com\/assets\/files\/2019\/01\/AGCO-Connect-SC-Valtra-hero-pixilation-red-3.jpg","width":1600,"height":900},{"@type":"BreadcrumbList","@id":"https:\/\/get.agcoconnect.com\/hu\/hasznlati-felttelek\/#breadcrumb","itemListElement":[{"@type":"ListItem","position":1,"name":"Home","item":"https:\/\/get.agcoconnect.com\/hu\/"},{"@type":"ListItem","position":2,"name":"Haszn&aacute;lati felt&eacute;telek"}]},{"@type":"WebSite","@id":"https:\/\/get.agcoconnect.com\/#website","url":"https:\/\/get.agcoconnect.com\/","name":"Agco Connect","description":"","potentialAction":[{"@type":"SearchAction","target":{"@type":"EntryPoint","urlTemplate":"https:\/\/get.agcoconnect.com\/?s={search_term_string}"},"query-input":{"@type":"PropertyValueSpecification","valueRequired":true,"valueName":"search_term_string"}}],"inLanguage":"hu"}]}},"_links":{"self":[{"href":"https:\/\/get.agcoconnect.com\/hu\/wp-json\/wp\/v2\/pages\/6325","targetHints":{"allow":["GET"]}}],"collection":[{"href":"https:\/\/get.agcoconnect.com\/hu\/wp-json\/wp\/v2\/pages"}],"about":[{"href":"https:\/\/get.agcoconnect.com\/hu\/wp-json\/wp\/v2\/types\/page"}],"author":[{"embeddable":true,"href":"https:\/\/get.agcoconnect.com\/hu\/wp-json\/wp\/v2\/users\/2"}],"replies":[{"embeddable":true,"href":"https:\/\/get.agcoconnect.com\/hu\/wp-json\/wp\/v2\/comments?post=6325"}],"version-history":[{"count":3,"href":"https:\/\/get.agcoconnect.com\/hu\/wp-json\/wp\/v2\/pages\/6325\/revisions"}],"predecessor-version":[{"id":6674,"href":"https:\/\/get.agcoconnect.com\/hu\/wp-json\/wp\/v2\/pages\/6325\/revisions\/6674"}],"wp:featuredmedia":[{"embeddable":true,"href":"https:\/\/get.agcoconnect.com\/hu\/wp-json\/wp\/v2\/media\/5930"}],"wp:attachment":[{"href":"https:\/\/get.agcoconnect.com\/hu\/wp-json\/wp\/v2\/media?parent=6325"}],"curies":[{"name":"wp","href":"https:\/\/api.w.org\/{rel}","templated":true}]}}