{"id":6271,"date":"2019-04-16T07:27:28","date_gmt":"2019-04-16T07:27:28","guid":{"rendered":"http:\/\/get.agcoconnect.com\/internal\/"},"modified":"2021-01-19T07:25:02","modified_gmt":"2021-01-19T07:25:02","slug":"visszajelzs-belso-funkcijavaslat","status":"publish","type":"page","link":"https:\/\/get.agcoconnect.com\/hu\/visszajelzs-belso-funkcijavaslat\/","title":{"rendered":"Visszajelz&eacute;s &ndash; Bels\u0151 &ndash; funkci&oacute;javaslat"},"content":{"rendered":"<script type=\"text\/javascript\">\n\/* <![CDATA[ *\/\nvar gform;gform||(document.addEventListener(\"gform_main_scripts_loaded\",function(){gform.scriptsLoaded=!0}),document.addEventListener(\"gform\/theme\/scripts_loaded\",function(){gform.themeScriptsLoaded=!0}),window.addEventListener(\"DOMContentLoaded\",function(){gform.domLoaded=!0}),gform={domLoaded:!1,scriptsLoaded:!1,themeScriptsLoaded:!1,isFormEditor:()=>\"function\"==typeof InitializeEditor,callIfLoaded:function(o){return!(!gform.domLoaded||!gform.scriptsLoaded||!gform.themeScriptsLoaded&&!gform.isFormEditor()||(gform.isFormEditor()&&console.warn(\"The use of gform.initializeOnLoaded() is deprecated in the form editor context and will be removed in Gravity Forms 3.1.\"),o(),0))},initializeOnLoaded:function(o){gform.callIfLoaded(o)||(document.addEventListener(\"gform_main_scripts_loaded\",()=>{gform.scriptsLoaded=!0,gform.callIfLoaded(o)}),document.addEventListener(\"gform\/theme\/scripts_loaded\",()=>{gform.themeScriptsLoaded=!0,gform.callIfLoaded(o)}),window.addEventListener(\"DOMContentLoaded\",()=>{gform.domLoaded=!0,gform.callIfLoaded(o)}))},hooks:{action:{},filter:{}},addAction:function(o,r,e,t){gform.addHook(\"action\",o,r,e,t)},addFilter:function(o,r,e,t){gform.addHook(\"filter\",o,r,e,t)},doAction:function(o){gform.doHook(\"action\",o,arguments)},applyFilters:function(o){return gform.doHook(\"filter\",o,arguments)},removeAction:function(o,r){gform.removeHook(\"action\",o,r)},removeFilter:function(o,r,e){gform.removeHook(\"filter\",o,r,e)},addHook:function(o,r,e,t,n){null==gform.hooks[o][r]&&(gform.hooks[o][r]=[]);var d=gform.hooks[o][r];null==n&&(n=r+\"_\"+d.length),gform.hooks[o][r].push({tag:n,callable:e,priority:t=null==t?10:t})},doHook:function(r,o,e){var t;if(e=Array.prototype.slice.call(e,1),null!=gform.hooks[r][o]&&((o=gform.hooks[r][o]).sort(function(o,r){return o.priority-r.priority}),o.forEach(function(o){\"function\"!=typeof(t=o.callable)&&(t=window[t]),\"action\"==r?t.apply(null,e):e[0]=t.apply(null,e)})),\"filter\"==r)return e[0]},removeHook:function(o,r,t,n){var e;null!=gform.hooks[o][r]&&(e=(e=gform.hooks[o][r]).filter(function(o,r,e){return!!(null!=n&&n!=o.tag||null!=t&&t!=o.priority)}),gform.hooks[o][r]=e)}});\n\/* ]]> *\/\n<\/script>\n\n                <div class='gf_browser_gecko gform_wrapper gform_legacy_markup_wrapper gform-theme--no-framework feedback_wrapper w-1\/2_wrapper mx-auto_wrapper' data-form-theme='legacy' data-form-index='0' id='gform_wrapper_47' ><form method='post' enctype='multipart\/form-data'  id='gform_47' class='feedback w-1\/2 mx-auto' action='\/hu\/wp-json\/wp\/v2\/pages\/6271' data-formid='47' novalidate>\n                        <div class='gform-body gform_body'><ul id='gform_fields_47' class='gform_fields top_label form_sublabel_below description_below validation_below'><li id=\"field_47_66\" class=\"gfield gfield--type-html gfield_html gfield_html_formatted gfield_no_follows_desc field_sublabel_below gfield--no-description field_description_below field_validation_below gfield_visibility_visible form-group\"><h2>Bels\u0151 funkci&oacute;javaslat<\/h2>\n<hr class=\"red\"><\/li><li id=\"field_47_84\" class=\"gfield gfield--type-checkbox gfield--type-choice gfield_contains_required field_sublabel_below gfield--no-description field_description_below field_validation_below gfield_visibility_visible form-group\"><label class='gfield_label gform-field-label gfield_label_before_complex' >Mely felhaszn&aacute;l&oacute;i csoportnak sz&aacute;rmazhat k&ouml;zvetlen el\u0151nye ebb\u0151l a funkci&oacute;b&oacute;l?<span class=\"gfield_required\"><span class=\"gfield_required gfield_required_asterisk\">*<\/span><\/span><\/label><div class='ginput_container ginput_container_checkbox'><ul class='gfield_checkbox' id='input_47_84'><li class='gchoice gchoice_47_84_1'>\n\t\t\t\t\t\t\t\t<input class='gfield-choice-input' name='input_84.1' type='checkbox'  value='M&aacute;rkakeresked\u0151'  id='choice_47_84_1' tabindex='1'  \/>\n\t\t\t\t\t\t\t\t<label for='choice_47_84_1' id='label_47_84_1' class='gform-field-label gform-field-label--type-inline'>M&aacute;rkakeresked\u0151<\/label>\n\t\t\t\t\t\t\t<\/li><li class='gchoice gchoice_47_84_2'>\n\t\t\t\t\t\t\t\t<input class='gfield-choice-input' name='input_84.2' type='checkbox'  value='&Uuml;gyf&eacute;l'  id='choice_47_84_2' tabindex='1'  \/>\n\t\t\t\t\t\t\t\t<label for='choice_47_84_2' id='label_47_84_2' class='gform-field-label gform-field-label--type-inline'>&Uuml;gyf&eacute;l<\/label>\n\t\t\t\t\t\t\t<\/li><li class='gchoice gchoice_47_84_3'>\n\t\t\t\t\t\t\t\t<input class='gfield-choice-input' name='input_84.3' type='checkbox'  value='Bels\u0151'  id='choice_47_84_3' tabindex='1'  \/>\n\t\t\t\t\t\t\t\t<label for='choice_47_84_3' id='label_47_84_3' class='gform-field-label gform-field-label--type-inline'>Bels\u0151<\/label>\n\t\t\t\t\t\t\t<\/li><\/ul><\/div><\/li><li id=\"field_47_6\" class=\"gfield gfield--type-textarea gfield_contains_required field_sublabel_below gfield--no-description field_description_below field_validation_below gfield_visibility_visible form-group\"><label class='gfield_label gform-field-label' for='input_47_6'>&Iacute;rja le a funkci&oacute;t<span class=\"gfield_required\"><span class=\"gfield_required gfield_required_asterisk\">*<\/span><\/span><\/label><div class='ginput_container ginput_container_textarea'><textarea name='input_6' id='input_47_6' class='textarea small' tabindex='1'    aria-required=\"true\" aria-invalid=\"false\"   rows='10' cols='50'><\/textarea><\/div><\/li><li id=\"field_47_82\" class=\"gfield gfield--type-textarea field_sublabel_below gfield--no-description field_description_below field_validation_below gfield_visibility_visible form-group\"><label class='gfield_label gform-field-label' for='input_47_82'>Hogyan v&aacute;lik majd az &uuml;gyfelek jav&aacute;ra?<\/label><div class='ginput_container ginput_container_textarea'><textarea name='input_82' id='input_47_82' class='textarea small' tabindex='1'     aria-invalid=\"false\"   rows='10' cols='50'><\/textarea><\/div><\/li><li id=\"field_47_85\" class=\"gfield gfield--type-fileupload field_sublabel_below gfield--no-description field_description_below field_validation_below gfield_visibility_visible form-group\"><label class='gfield_label gform-field-label' for='input_47_85'>K&eacute;p\/f&aacute;jl hozz&aacute;ad&aacute;sa<\/label><div class='ginput_container ginput_container_fileupload'><input type='hidden' name='MAX_FILE_SIZE' value='134217728' \/><input name='input_85' id='input_47_85' type='file' class='medium' aria-describedby=\"gfield_upload_rules_47_85\" onchange='javascript:gformValidateFileSize( this, 134217728 );' tabindex='1' \/><span class='gfield_description gform_fileupload_rules' id='gfield_upload_rules_47_85'>Enged\u00e9lyezett f\u00e1jl t\u00edpusok: jpg, png, pdf, txt, doc, docx., Max. file size: 128 MB.<\/span><div class='gfield_description validation_message gfield_validation_message validation_message--hidden-on-empty' id='live_validation_message_47_85'><\/div><\/div><\/li><li id=\"field_47_89\" class=\"gfield gfield--type-text gf_left_half field_sublabel_below gfield--no-description field_description_below field_validation_below gfield_visibility_visible form-group\"><label class='gfield_label gform-field-label' for='input_47_89'>N&eacute;v<\/label><div class='ginput_container ginput_container_text'><input name='input_89' id='input_47_89' type='text' value='' class='medium'   tabindex='1'   aria-invalid=\"false\"   \/><\/div><\/li><li id=\"field_47_88\" class=\"gfield gfield--type-email gf_right_half field_sublabel_below gfield--no-description field_description_below field_validation_below gfield_visibility_visible form-group\"><label class='gfield_label gform-field-label' for='input_47_88'>E-mail<\/label><div class='ginput_container ginput_container_email'>\n                            <input name='input_88' id='input_47_88' type='email' value='' class='medium' tabindex='1'    aria-invalid=\"false\"  \/>\n                        <\/div><\/li><li id=\"field_47_86\" class=\"gfield gfield--type-captcha field_sublabel_below gfield--no-description field_description_below field_validation_below gfield_visibility_visible form-group\"><label class='gfield_label gform-field-label' for='input_47_86'>CAPTCHA<\/label><div id='input_47_86' class='ginput_container ginput_recaptcha' data-sitekey='6Lcq3YcUAAAAAIFD2lnKf-do_G4HvszX1idirvVp'  data-theme='light' data-tabindex='1'  data-badge=''><\/div><\/li><\/ul><\/div>\n        <div class='gform-footer gform_footer top_label'> <input type='submit' id='gform_submit_button_47' class='gform_button button' onclick='gform.submission.handleButtonClick(this);' data-submission-type='submit' value='Send' tabindex='1' \/> \n            <input type='hidden' class='gform_hidden' name='gform_submission_method' data-js='gform_submission_method_47' value='postback' \/>\n            <input type='hidden' class='gform_hidden' name='gform_theme' data-js='gform_theme_47' id='gform_theme_47' value='legacy' \/>\n            <input type='hidden' class='gform_hidden' name='gform_style_settings' data-js='gform_style_settings_47' id='gform_style_settings_47' value='[]' \/>\n            <input type='hidden' class='gform_hidden' name='is_submit_47' value='1' \/>\n            <input type='hidden' class='gform_hidden' name='gform_submit' value='47' \/>\n            \n            <input type='hidden' class='gform_hidden' name='gform_unique_id' value='' \/>\n            <input type='hidden' class='gform_hidden' name='state_47' value='WyJbXSIsIjc5MDdiZDE2ZTUyYTY3ODg4YmYzOWFhMjI0OWM5Yzk1Il0=' \/>\n            <input type='hidden' autocomplete='off' class='gform_hidden' name='gform_target_page_number_47' id='gform_target_page_number_47' value='0' \/>\n            <input type='hidden' autocomplete='off' class='gform_hidden' name='gform_source_page_number_47' id='gform_source_page_number_47' value='1' \/>\n            <input type='hidden' name='gform_field_values' value='' \/>\n            \n        <\/div>\n                        <\/form>\n                        <\/div><script type=\"text\/javascript\">\n\/* <![CDATA[ *\/\n gform.initializeOnLoaded( function() {gformInitSpinner( 47, 'https:\/\/get.agcoconnect.com\/assets\/modules\/gravityforms\/images\/spinner.svg', true );jQuery('#gform_ajax_frame_47').on('load',function(){var contents = jQuery(this).contents().find('*').html();var is_postback = contents.indexOf('GF_AJAX_POSTBACK') >= 0;if(!is_postback){return;}var form_content = jQuery(this).contents().find('#gform_wrapper_47');var is_confirmation = jQuery(this).contents().find('#gform_confirmation_wrapper_47').length > 0;var is_redirect = contents.indexOf('gformRedirect(){') >= 0;var is_form = form_content.length > 0 && ! is_redirect && ! is_confirmation;var mt = parseInt(jQuery('html').css('margin-top'), 10) + parseInt(jQuery('body').css('margin-top'), 10) + 100;if(is_form){jQuery('#gform_wrapper_47').html(form_content.html());if(form_content.hasClass('gform_validation_error')){jQuery('#gform_wrapper_47').addClass('gform_validation_error');} else {jQuery('#gform_wrapper_47').removeClass('gform_validation_error');}setTimeout( function() { \/* delay the scroll by 50 milliseconds to fix a bug in chrome *\/  }, 50 );if(window['gformInitDatepicker']) {gformInitDatepicker();}if(window['gformInitPriceFields']) {gformInitPriceFields();}var current_page = jQuery('#gform_source_page_number_47').val();gformInitSpinner( 47, 'https:\/\/get.agcoconnect.com\/assets\/modules\/gravityforms\/images\/spinner.svg', true );jQuery(document).trigger('gform_page_loaded', [47, current_page]);window['gf_submitting_47'] = false;}else if(!is_redirect){var confirmation_content = jQuery(this).contents().find('.GF_AJAX_POSTBACK').html();if(!confirmation_content){confirmation_content = contents;}jQuery('#gform_wrapper_47').replaceWith(confirmation_content);jQuery(document).trigger('gform_confirmation_loaded', [47]);window['gf_submitting_47'] = false;wp.a11y.speak(jQuery('#gform_confirmation_message_47').text());}else{jQuery('#gform_47').append(contents);if(window['gformRedirect']) {gformRedirect();}}jQuery(document).trigger(\"gform_pre_post_render\", [{ formId: \"47\", currentPage: \"current_page\", abort: function() { this.preventDefault(); } }]);        if (event && event.defaultPrevented) {                return;        }        const gformWrapperDiv = document.getElementById( \"gform_wrapper_47\" );        if ( gformWrapperDiv ) {            const visibilitySpan = document.createElement( \"span\" );            visibilitySpan.id = \"gform_visibility_test_47\";            gformWrapperDiv.insertAdjacentElement( \"afterend\", visibilitySpan );        }        const visibilityTestDiv = document.getElementById( \"gform_visibility_test_47\" );        let postRenderFired = false;        function triggerPostRender() {            if ( postRenderFired ) {                return;            }            postRenderFired = true;            gform.core.triggerPostRenderEvents( 47, current_page );            if ( visibilityTestDiv ) {                visibilityTestDiv.parentNode.removeChild( visibilityTestDiv );            }        }        function debounce( func, wait, immediate ) {            var timeout;            return function() {                var context = this, args = arguments;                var later = function() {                    timeout = null;                    if ( !immediate ) func.apply( context, args );                };                var callNow = immediate && !timeout;                clearTimeout( timeout );                timeout = setTimeout( later, wait );                if ( callNow ) func.apply( context, args );            };        }        const debouncedTriggerPostRender = debounce( function() {            triggerPostRender();        }, 200 );        if ( visibilityTestDiv && visibilityTestDiv.offsetParent === null ) {            const observer = new MutationObserver( ( mutations ) => {                mutations.forEach( ( mutation ) => {                    if ( mutation.type === 'attributes' && visibilityTestDiv.offsetParent !== null ) {                        debouncedTriggerPostRender();                        observer.disconnect();                    }                });            });            observer.observe( document.body, {                attributes: true,                childList: false,                subtree: true,                attributeFilter: [ 'style', 'class' ],            });        } else {            triggerPostRender();        }    } );} ); \n\/* ]]> *\/\n<\/script>\n\n","protected":false},"excerpt":{"rendered":"","protected":false},"author":2,"featured_media":6001,"parent":0,"menu_order":0,"comment_status":"closed","ping_status":"closed","template":"page-templates\/page-feedback.php","meta":{"_acf_changed":false,"footnotes":""},"class_list":["post-6271","page","type-page","status-publish","has-post-thumbnail","hentry"],"acf":[],"yoast_head":"<!-- This site is optimized with the Yoast SEO plugin v24.2 - https:\/\/yoast.com\/wordpress\/plugins\/seo\/ -->\n<title>Visszajelz&eacute;s &ndash; Bels\u0151 &ndash; funkci&oacute;javaslat - Agco Connect<\/title>\n<meta name=\"robots\" content=\"noindex, nofollow\" \/>\n<meta property=\"og:locale\" content=\"hu_HU\" \/>\n<meta property=\"og:type\" content=\"article\" \/>\n<meta property=\"og:title\" content=\"Visszajelz&eacute;s &ndash; Bels\u0151 &ndash; funkci&oacute;javaslat - Agco Connect\" \/>\n<meta property=\"og:url\" content=\"https:\/\/get.agcoconnect.com\/hu\/visszajelzs-belso-funkcijavaslat\/\" \/>\n<meta property=\"og:site_name\" content=\"Agco Connect\" \/>\n<meta property=\"article:modified_time\" content=\"2021-01-19T07:25:02+00:00\" \/>\n<meta property=\"og:image\" content=\"https:\/\/get.agcoconnect.com\/assets\/files\/2019\/04\/AGCO-Connect-SC-hero-Fendt-1000-pixelation-red.jpg\" \/>\n\t<meta property=\"og:image:width\" content=\"1600\" \/>\n\t<meta property=\"og:image:height\" content=\"900\" \/>\n\t<meta property=\"og:image:type\" content=\"image\/jpeg\" \/>\n<meta name=\"twitter:card\" content=\"summary_large_image\" \/>\n<script type=\"application\/ld+json\" class=\"yoast-schema-graph\">{\"@context\":\"https:\/\/schema.org\",\"@graph\":[{\"@type\":\"WebPage\",\"@id\":\"https:\/\/get.agcoconnect.com\/hu\/visszajelzs-belso-funkcijavaslat\/\",\"url\":\"https:\/\/get.agcoconnect.com\/hu\/visszajelzs-belso-funkcijavaslat\/\",\"name\":\"Visszajelz&eacute;s &ndash; Bels\u0151 &ndash; funkci&oacute;javaslat - Agco Connect\",\"isPartOf\":{\"@id\":\"https:\/\/get.agcoconnect.com\/#website\"},\"primaryImageOfPage\":{\"@id\":\"https:\/\/get.agcoconnect.com\/hu\/visszajelzs-belso-funkcijavaslat\/#primaryimage\"},\"image\":{\"@id\":\"https:\/\/get.agcoconnect.com\/hu\/visszajelzs-belso-funkcijavaslat\/#primaryimage\"},\"thumbnailUrl\":\"https:\/\/get.agcoconnect.com\/assets\/files\/2019\/04\/AGCO-Connect-SC-hero-Fendt-1000-pixelation-red.jpg\",\"datePublished\":\"2019-04-16T07:27:28+00:00\",\"dateModified\":\"2021-01-19T07:25:02+00:00\",\"breadcrumb\":{\"@id\":\"https:\/\/get.agcoconnect.com\/hu\/visszajelzs-belso-funkcijavaslat\/#breadcrumb\"},\"inLanguage\":\"hu\",\"potentialAction\":[{\"@type\":\"ReadAction\",\"target\":[\"https:\/\/get.agcoconnect.com\/hu\/visszajelzs-belso-funkcijavaslat\/\"]}]},{\"@type\":\"ImageObject\",\"inLanguage\":\"hu\",\"@id\":\"https:\/\/get.agcoconnect.com\/hu\/visszajelzs-belso-funkcijavaslat\/#primaryimage\",\"url\":\"https:\/\/get.agcoconnect.com\/assets\/files\/2019\/04\/AGCO-Connect-SC-hero-Fendt-1000-pixelation-red.jpg\",\"contentUrl\":\"https:\/\/get.agcoconnect.com\/assets\/files\/2019\/04\/AGCO-Connect-SC-hero-Fendt-1000-pixelation-red.jpg\",\"width\":1600,\"height\":900},{\"@type\":\"BreadcrumbList\",\"@id\":\"https:\/\/get.agcoconnect.com\/hu\/visszajelzs-belso-funkcijavaslat\/#breadcrumb\",\"itemListElement\":[{\"@type\":\"ListItem\",\"position\":1,\"name\":\"Home\",\"item\":\"https:\/\/get.agcoconnect.com\/hu\/\"},{\"@type\":\"ListItem\",\"position\":2,\"name\":\"Visszajelz&eacute;s &ndash; Bels\u0151 &ndash; funkci&oacute;javaslat\"}]},{\"@type\":\"WebSite\",\"@id\":\"https:\/\/get.agcoconnect.com\/#website\",\"url\":\"https:\/\/get.agcoconnect.com\/\",\"name\":\"Agco Connect\",\"description\":\"\",\"potentialAction\":[{\"@type\":\"SearchAction\",\"target\":{\"@type\":\"EntryPoint\",\"urlTemplate\":\"https:\/\/get.agcoconnect.com\/?s={search_term_string}\"},\"query-input\":{\"@type\":\"PropertyValueSpecification\",\"valueRequired\":true,\"valueName\":\"search_term_string\"}}],\"inLanguage\":\"hu\"}]}<\/script>\n<!-- \/ Yoast SEO plugin. -->","yoast_head_json":{"title":"Visszajelz&eacute;s &ndash; Bels\u0151 &ndash; funkci&oacute;javaslat - Agco Connect","robots":{"index":"noindex","follow":"nofollow"},"og_locale":"hu_HU","og_type":"article","og_title":"Visszajelz&eacute;s &ndash; Bels\u0151 &ndash; funkci&oacute;javaslat - Agco Connect","og_url":"https:\/\/get.agcoconnect.com\/hu\/visszajelzs-belso-funkcijavaslat\/","og_site_name":"Agco Connect","article_modified_time":"2021-01-19T07:25:02+00:00","og_image":[{"width":1600,"height":900,"url":"https:\/\/get.agcoconnect.com\/assets\/files\/2019\/04\/AGCO-Connect-SC-hero-Fendt-1000-pixelation-red.jpg","type":"image\/jpeg"}],"twitter_card":"summary_large_image","schema":{"@context":"https:\/\/schema.org","@graph":[{"@type":"WebPage","@id":"https:\/\/get.agcoconnect.com\/hu\/visszajelzs-belso-funkcijavaslat\/","url":"https:\/\/get.agcoconnect.com\/hu\/visszajelzs-belso-funkcijavaslat\/","name":"Visszajelz&eacute;s &ndash; Bels\u0151 &ndash; funkci&oacute;javaslat - Agco Connect","isPartOf":{"@id":"https:\/\/get.agcoconnect.com\/#website"},"primaryImageOfPage":{"@id":"https:\/\/get.agcoconnect.com\/hu\/visszajelzs-belso-funkcijavaslat\/#primaryimage"},"image":{"@id":"https:\/\/get.agcoconnect.com\/hu\/visszajelzs-belso-funkcijavaslat\/#primaryimage"},"thumbnailUrl":"https:\/\/get.agcoconnect.com\/assets\/files\/2019\/04\/AGCO-Connect-SC-hero-Fendt-1000-pixelation-red.jpg","datePublished":"2019-04-16T07:27:28+00:00","dateModified":"2021-01-19T07:25:02+00:00","breadcrumb":{"@id":"https:\/\/get.agcoconnect.com\/hu\/visszajelzs-belso-funkcijavaslat\/#breadcrumb"},"inLanguage":"hu","potentialAction":[{"@type":"ReadAction","target":["https:\/\/get.agcoconnect.com\/hu\/visszajelzs-belso-funkcijavaslat\/"]}]},{"@type":"ImageObject","inLanguage":"hu","@id":"https:\/\/get.agcoconnect.com\/hu\/visszajelzs-belso-funkcijavaslat\/#primaryimage","url":"https:\/\/get.agcoconnect.com\/assets\/files\/2019\/04\/AGCO-Connect-SC-hero-Fendt-1000-pixelation-red.jpg","contentUrl":"https:\/\/get.agcoconnect.com\/assets\/files\/2019\/04\/AGCO-Connect-SC-hero-Fendt-1000-pixelation-red.jpg","width":1600,"height":900},{"@type":"BreadcrumbList","@id":"https:\/\/get.agcoconnect.com\/hu\/visszajelzs-belso-funkcijavaslat\/#breadcrumb","itemListElement":[{"@type":"ListItem","position":1,"name":"Home","item":"https:\/\/get.agcoconnect.com\/hu\/"},{"@type":"ListItem","position":2,"name":"Visszajelz&eacute;s &ndash; Bels\u0151 &ndash; funkci&oacute;javaslat"}]},{"@type":"WebSite","@id":"https:\/\/get.agcoconnect.com\/#website","url":"https:\/\/get.agcoconnect.com\/","name":"Agco Connect","description":"","potentialAction":[{"@type":"SearchAction","target":{"@type":"EntryPoint","urlTemplate":"https:\/\/get.agcoconnect.com\/?s={search_term_string}"},"query-input":{"@type":"PropertyValueSpecification","valueRequired":true,"valueName":"search_term_string"}}],"inLanguage":"hu"}]}},"_links":{"self":[{"href":"https:\/\/get.agcoconnect.com\/hu\/wp-json\/wp\/v2\/pages\/6271","targetHints":{"allow":["GET"]}}],"collection":[{"href":"https:\/\/get.agcoconnect.com\/hu\/wp-json\/wp\/v2\/pages"}],"about":[{"href":"https:\/\/get.agcoconnect.com\/hu\/wp-json\/wp\/v2\/types\/page"}],"author":[{"embeddable":true,"href":"https:\/\/get.agcoconnect.com\/hu\/wp-json\/wp\/v2\/users\/2"}],"replies":[{"embeddable":true,"href":"https:\/\/get.agcoconnect.com\/hu\/wp-json\/wp\/v2\/comments?post=6271"}],"version-history":[{"count":2,"href":"https:\/\/get.agcoconnect.com\/hu\/wp-json\/wp\/v2\/pages\/6271\/revisions"}],"predecessor-version":[{"id":6710,"href":"https:\/\/get.agcoconnect.com\/hu\/wp-json\/wp\/v2\/pages\/6271\/revisions\/6710"}],"wp:featuredmedia":[{"embeddable":true,"href":"https:\/\/get.agcoconnect.com\/hu\/wp-json\/wp\/v2\/media\/6001"}],"wp:attachment":[{"href":"https:\/\/get.agcoconnect.com\/hu\/wp-json\/wp\/v2\/media?parent=6271"}],"curies":[{"name":"wp","href":"https:\/\/api.w.org\/{rel}","templated":true}]}}