{"id":2424,"date":"2018-12-21T09:53:45","date_gmt":"2018-12-21T09:53:45","guid":{"rendered":"http:\/\/get.agcoconnect.com\/terms-of-use\/"},"modified":"2019-12-03T08:29:47","modified_gmt":"2019-12-03T08:29:47","slug":"terms-of-use","status":"publish","type":"page","link":"https:\/\/get.agcoconnect.com\/fr\/terms-of-use\/","title":{"rendered":"Conditions d&rsquo;utilisation"},"content":{"rendered":"<p>Ce site AGCO vous est propos\u00e9 dans les conditions \u00e9nonc\u00e9es ci-dessous. Pour pourvoir y avoir acc\u00e8s et l&rsquo;utiliser, vous devez accepter les pr\u00e9sentes conditions. Si vous n&rsquo;acceptez pas ces conditions, vous ne devez pas utiliser notre site Web. Notre D\u00e9claration de confidentialit\u00e9 peut \u00e9galement s&rsquo;appliquer \u00e0 votre utilisation de notre site Web. La D\u00e9claration de confidentialit\u00e9 d\u00e9finit les conditions dans lesquelles nous traitons les donn\u00e9es personnelles que nous recueillons aupr\u00e8s de vous, ou que vous nous fournissez. En utilisant notre site, vous acceptez ce traitement.<\/p>\n<p>Vous ne devez pas faire une utilisation abusive de notre site en introduisant sciemment des virus, des chevaux de Troie, des vers, des bombes logiques ou tout autre mat\u00e9riel malveillant ou technologiquement nuisible. Vous ne devez pas tenter d&rsquo;obtenir un acc\u00e8s non autoris\u00e9 \u00e0 notre site, au serveur sur lequel notre site est stock\u00e9 ou tout serveur, ordinateur ou base de donn\u00e9es connect\u00e9 \u00e0 notre site. Vous ne devez pas attaquer notre site via une attaque par d\u00e9ni de service ou une attaque par d\u00e9ni de service distribu\u00e9. En acc\u00e9dant \u00e0 ce site Web, vous consentez express\u00e9ment \u00e0 un contr\u00f4le administratif \u00e0 tout moment pertinent. Toute preuve d&rsquo;activit\u00e9 criminelle \u00e9ventuelle observ\u00e9e lors d&rsquo;un tel suivi peut \u00eatre remise aux autorit\u00e9s concern\u00e9es. Si vous ne consentez pas \u00e0 ce contr\u00f4le, veuillez quitter ce site imm\u00e9diatement.<\/p>\n<p>Les droits, le titre et l&rsquo;int\u00e9r\u00eat li\u00e9s \u00e0 l&rsquo;ensemble des droits d&rsquo;auteur relatifs \u00e0 n&rsquo;importe quel texte ou graphique pr\u00e9sent dans le site est la propri\u00e9t\u00e9 d&rsquo;AGCO ou fait l&rsquo;objet d&rsquo;une licence de la part de la soci\u00e9t\u00e9. Toute publication, copie ou distribution des documents contenus dans ce site est strictement interdite, sauf autorisation \u00e9crite d&rsquo;AGCO.<\/p>\n<p>Le nom d&rsquo;AGCO ou ses marques (y compris Challenger, Fella, Fendt, Fuse, Gleaner, GSI, Massey Ferguson et Valtra) ou les logos des marques d&rsquo;AGCO ne peuvent pas \u00eatre utilis\u00e9s \u00e0 des fins de publicit\u00e9 ou distribu\u00e9s, sauf autorisation \u00e9crite pr\u00e9alable de la part d&rsquo;AGCO, ou comme indiqu\u00e9 dans l&rsquo;accord conclu entre le concessionnaire ou le distributeur et une entreprise AGCO.<\/p>\n<p>Aucun \u00e9l\u00e9ment contenu de ce site ne doit \u00eatre interpr\u00e9t\u00e9 comme l&rsquo;octroi d&rsquo;une licence ou d&rsquo;un droit d&rsquo;utilisation de brevets ou de marques d&rsquo;AGCO, sans l&rsquo;autorisation pr\u00e9alable \u00e9crite d&rsquo;AGCO ou d&rsquo;un tiers propri\u00e9taire des brevets ou des marques affich\u00e9s. Toute question concernant l&rsquo;utilisation des brevets ou des marques d\u00e9pos\u00e9es, ainsi que toute requ\u00eate visant \u00e0 d\u00e9terminer si un nom est une marque commerciale ou non d&rsquo;AGCO, devra \u00eatre adress\u00e9e \u00e0 AGCO.<\/p>\n<p>Les renseignements disponibles sur notre site sont fournis \u00e0 titre d&rsquo;information g\u00e9n\u00e9rale uniquement. Ils ne constituent en aucun cas des conseils sur lesquels se fonder. Nous faisons tous les efforts raisonnables pour nous assurer que les informations contenues sur ce site soient, dans la mesure du possible, exactes, \u00e0 jour et compl\u00e8tes. Cependant, des inexactitudes, des erreurs ou des omissions peuvent appara\u00eetre sur le site, ce pour quoi AGCO d\u00e9cline toute responsabilit\u00e9. Les termes et informations du site peuvent \u00eatre modifi\u00e9s de temps \u00e0 autre. Chaque fois que vous souhaitez utiliser notre site, veuillez v\u00e9rifier ces conditions afin de vous assurer de bien comprendre les termes s&rsquo;appliquant \u00e0 ce moment. Les informations sur AGCO ou les produits d&rsquo;AGCO sont fournies \u00e0 titre indicatif uniquement et ne doivent pas \u00eatre consid\u00e9r\u00e9es comme fiables. Dans toute la mesure permise par la loi, en aucun cas, aucune entreprise AGCO ne peut \u00eatre tenue responsable de dommages sp\u00e9ciaux, indirects ou cons\u00e9cutifs (y compris la perte de profits ou de revenus), que ce soit dans le cadre d&rsquo;un contrat, d&rsquo;une n\u00e9gligence ou autre mauvais usage survenant de ou en relation avec l&rsquo;utilisation, la mauvaise utilisation ou l&rsquo;ex\u00e9cution du pr\u00e9sent site ou toute information, manque d&rsquo;information, document, logiciel ou autre mat\u00e9riel obtenus via n&rsquo;importe quelle page d&rsquo;AGCO.<\/p>\n<p>Sauf dans les cas express\u00e9ment autoris\u00e9s par AGCO, aucune information contenue dans les bases de donn\u00e9es de ce site ne peut \u00eatre reproduite ou distribu\u00e9e par vous sous quelque forme que ce soit\u00a0; et vous n&rsquo;\u00eates pas autoris\u00e9 \u00e0 extraire des renseignements personnels sur des particuliers pour votre usage personnel ou commercial.<\/p>\n<p>Ce site Web peut contenir des liens vers des sites de tiers. Ces liens vous sont fournis pour votre commodit\u00e9. Ces sites li\u00e9s ne sont pas sous le contr\u00f4le ou l&rsquo;influence d&rsquo;AGCO. AGCO d\u00e9cline toute responsabilit\u00e9 ou ne saurait \u00eatre tenu responsable du contenu provenant de sites tiers li\u00e9s ou de tout lien contenu dans un site li\u00e9. La pr\u00e9sence d&rsquo;un lien sur son site ne signifie pas pour autant qu&rsquo;AGCO approuve le contenu des entit\u00e9s li\u00e9es, du site li\u00e9, ou des produits ou services contenus sur tout site li\u00e9.<\/p>\n<p>Nous ne garantissons pas que notre site sera s\u00e9curis\u00e9 ou exempt de bogues ou de virus, ou qu&rsquo;il sera toujours disponible avec un acc\u00e8s ininterrompu. AGCO d\u00e9cline toute responsabilit\u00e9 et ne peut \u00eatre tenu responsable pour tout dommage ou virus affectant votre \u00e9quipement informatique, logiciel, donn\u00e9es ou autres biens, \u00e0 la suite de l&rsquo;acc\u00e8s \u00e0 ce site Web ou au t\u00e9l\u00e9chargement de tout mat\u00e9riel, donn\u00e9es, textes, images, fichier vid\u00e9o ou audio \u00e0 partir de ce site.<\/p>\n<p>Vous prendrez toutes les mesures n\u00e9cessaires pour garantir que les donn\u00e9es, d\u00e9tails financiers ou informations commercialement sensibles, originaires ou appartenant \u00e0 AGCO entrant en votre possession ou via l&rsquo;utilisation de ce site, sont prot\u00e9g\u00e9s et trait\u00e9s de mani\u00e8re confidentielle et, en particulier, vous ne pourrez pas\u00a0:<\/p>\n<p>utiliser les donn\u00e9es ou informations, ni reproduire les donn\u00e9es ou informations, dans leur totalit\u00e9 ou en partie, sous quelque forme que ce soit, sauf autorisation donn\u00e9e par AGCO, ou<\/p>\n<p>divulguer les donn\u00e9es ou informations \u00e0 un tiers ou \u00e0 des personnes non autoris\u00e9es par AGCO, sauf avec le consentement \u00e9crit pr\u00e9alable d&rsquo;AGCO.<\/p>\n<p>Veuillez vous familiariser avec les termes de notre <a href=\"https:\/\/www.agcocorp.com\/cookies.html\" target=\"_blank\" rel=\"noopener noreferrer\">politique en mati\u00e8re de cookies<\/a>, car celle-ci s&rsquo;applique \u00e0 votre utilisation du site et fournit des renseignements sur les cookies pr\u00e9sents sur notre site.<\/p>\n","protected":false},"excerpt":{"rendered":"<p>Ce site AGCO vous est propos\u00e9 dans les conditions \u00e9nonc\u00e9es ci-dessous. Pour pourvoir y avoir acc\u00e8s et l&rsquo;utiliser, vous devez accepter les pr\u00e9sentes conditions. Si vous n&rsquo;acceptez pas ces conditions, vous ne devez pas utiliser notre site Web. Notre D\u00e9claration de confidentialit\u00e9 peut \u00e9galement s&rsquo;appliquer \u00e0 votre utilisation de notre site Web. La D\u00e9claration de [&hellip;]<\/p>\n","protected":false},"author":2,"featured_media":2225,"parent":0,"menu_order":0,"comment_status":"closed","ping_status":"closed","template":"","meta":{"_acf_changed":false,"footnotes":""},"class_list":["post-2424","page","type-page","status-publish","has-post-thumbnail","hentry"],"acf":[],"yoast_head":"<!-- This site is optimized with the Yoast SEO plugin v24.2 - https:\/\/yoast.com\/wordpress\/plugins\/seo\/ -->\n<title>Conditions d&#039;utilisation - Agco Connect<\/title>\n<meta name=\"robots\" content=\"index, follow, max-snippet:-1, max-image-preview:large, max-video-preview:-1\" \/>\n<link rel=\"canonical\" href=\"https:\/\/get.agcoconnect.com\/fr\/terms-of-use\/\" \/>\n<meta property=\"og:locale\" content=\"fr_FR\" \/>\n<meta property=\"og:type\" content=\"article\" \/>\n<meta property=\"og:title\" content=\"Conditions d&#039;utilisation - Agco Connect\" \/>\n<meta property=\"og:description\" content=\"Ce site AGCO vous est propos\u00e9 dans les conditions \u00e9nonc\u00e9es ci-dessous. Pour pourvoir y avoir acc\u00e8s et l&rsquo;utiliser, vous devez accepter les pr\u00e9sentes conditions. Si vous n&rsquo;acceptez pas ces conditions, vous ne devez pas utiliser notre site Web. Notre D\u00e9claration de confidentialit\u00e9 peut \u00e9galement s&rsquo;appliquer \u00e0 votre utilisation de notre site Web. La D\u00e9claration de [&hellip;]\" \/>\n<meta property=\"og:url\" content=\"https:\/\/get.agcoconnect.com\/fr\/terms-of-use\/\" \/>\n<meta property=\"og:site_name\" content=\"Agco Connect\" \/>\n<meta property=\"article:modified_time\" content=\"2019-12-03T08:29:47+00:00\" \/>\n<meta property=\"og:image\" content=\"https:\/\/get.agcoconnect.com\/assets\/files\/2019\/01\/AGCO-Connect-SC-Valtra-hero-pixilation-red-3.jpg\" \/>\n\t<meta property=\"og:image:width\" content=\"1600\" \/>\n\t<meta property=\"og:image:height\" content=\"900\" \/>\n\t<meta property=\"og:image:type\" content=\"image\/jpeg\" \/>\n<meta name=\"twitter:card\" content=\"summary_large_image\" \/>\n<meta name=\"twitter:label1\" content=\"Dur\u00e9e de lecture estim\u00e9e\" \/>\n\t<meta name=\"twitter:data1\" content=\"5 minutes\" \/>\n<script type=\"application\/ld+json\" class=\"yoast-schema-graph\">{\"@context\":\"https:\/\/schema.org\",\"@graph\":[{\"@type\":\"WebPage\",\"@id\":\"https:\/\/get.agcoconnect.com\/fr\/terms-of-use\/\",\"url\":\"https:\/\/get.agcoconnect.com\/fr\/terms-of-use\/\",\"name\":\"Conditions d'utilisation - Agco Connect\",\"isPartOf\":{\"@id\":\"https:\/\/get.agcoconnect.com\/#website\"},\"primaryImageOfPage\":{\"@id\":\"https:\/\/get.agcoconnect.com\/fr\/terms-of-use\/#primaryimage\"},\"image\":{\"@id\":\"https:\/\/get.agcoconnect.com\/fr\/terms-of-use\/#primaryimage\"},\"thumbnailUrl\":\"https:\/\/get.agcoconnect.com\/assets\/files\/2019\/01\/AGCO-Connect-SC-Valtra-hero-pixilation-red-3.jpg\",\"datePublished\":\"2018-12-21T09:53:45+00:00\",\"dateModified\":\"2019-12-03T08:29:47+00:00\",\"breadcrumb\":{\"@id\":\"https:\/\/get.agcoconnect.com\/fr\/terms-of-use\/#breadcrumb\"},\"inLanguage\":\"fr-FR\",\"potentialAction\":[{\"@type\":\"ReadAction\",\"target\":[\"https:\/\/get.agcoconnect.com\/fr\/terms-of-use\/\"]}]},{\"@type\":\"ImageObject\",\"inLanguage\":\"fr-FR\",\"@id\":\"https:\/\/get.agcoconnect.com\/fr\/terms-of-use\/#primaryimage\",\"url\":\"https:\/\/get.agcoconnect.com\/assets\/files\/2019\/01\/AGCO-Connect-SC-Valtra-hero-pixilation-red-3.jpg\",\"contentUrl\":\"https:\/\/get.agcoconnect.com\/assets\/files\/2019\/01\/AGCO-Connect-SC-Valtra-hero-pixilation-red-3.jpg\",\"width\":1600,\"height\":900},{\"@type\":\"BreadcrumbList\",\"@id\":\"https:\/\/get.agcoconnect.com\/fr\/terms-of-use\/#breadcrumb\",\"itemListElement\":[{\"@type\":\"ListItem\",\"position\":1,\"name\":\"Home\",\"item\":\"https:\/\/get.agcoconnect.com\/fr\/\"},{\"@type\":\"ListItem\",\"position\":2,\"name\":\"Conditions d&rsquo;utilisation\"}]},{\"@type\":\"WebSite\",\"@id\":\"https:\/\/get.agcoconnect.com\/#website\",\"url\":\"https:\/\/get.agcoconnect.com\/\",\"name\":\"Agco Connect\",\"description\":\"\",\"potentialAction\":[{\"@type\":\"SearchAction\",\"target\":{\"@type\":\"EntryPoint\",\"urlTemplate\":\"https:\/\/get.agcoconnect.com\/?s={search_term_string}\"},\"query-input\":{\"@type\":\"PropertyValueSpecification\",\"valueRequired\":true,\"valueName\":\"search_term_string\"}}],\"inLanguage\":\"fr-FR\"}]}<\/script>\n<!-- \/ Yoast SEO plugin. -->","yoast_head_json":{"title":"Conditions d'utilisation - Agco Connect","robots":{"index":"index","follow":"follow","max-snippet":"max-snippet:-1","max-image-preview":"max-image-preview:large","max-video-preview":"max-video-preview:-1"},"canonical":"https:\/\/get.agcoconnect.com\/fr\/terms-of-use\/","og_locale":"fr_FR","og_type":"article","og_title":"Conditions d'utilisation - Agco Connect","og_description":"Ce site AGCO vous est propos\u00e9 dans les conditions \u00e9nonc\u00e9es ci-dessous. Pour pourvoir y avoir acc\u00e8s et l&rsquo;utiliser, vous devez accepter les pr\u00e9sentes conditions. Si vous n&rsquo;acceptez pas ces conditions, vous ne devez pas utiliser notre site Web. Notre D\u00e9claration de confidentialit\u00e9 peut \u00e9galement s&rsquo;appliquer \u00e0 votre utilisation de notre site Web. La D\u00e9claration de [&hellip;]","og_url":"https:\/\/get.agcoconnect.com\/fr\/terms-of-use\/","og_site_name":"Agco Connect","article_modified_time":"2019-12-03T08:29:47+00:00","og_image":[{"width":1600,"height":900,"url":"https:\/\/get.agcoconnect.com\/assets\/files\/2019\/01\/AGCO-Connect-SC-Valtra-hero-pixilation-red-3.jpg","type":"image\/jpeg"}],"twitter_card":"summary_large_image","twitter_misc":{"Dur\u00e9e de lecture estim\u00e9e":"5 minutes"},"schema":{"@context":"https:\/\/schema.org","@graph":[{"@type":"WebPage","@id":"https:\/\/get.agcoconnect.com\/fr\/terms-of-use\/","url":"https:\/\/get.agcoconnect.com\/fr\/terms-of-use\/","name":"Conditions d'utilisation - Agco Connect","isPartOf":{"@id":"https:\/\/get.agcoconnect.com\/#website"},"primaryImageOfPage":{"@id":"https:\/\/get.agcoconnect.com\/fr\/terms-of-use\/#primaryimage"},"image":{"@id":"https:\/\/get.agcoconnect.com\/fr\/terms-of-use\/#primaryimage"},"thumbnailUrl":"https:\/\/get.agcoconnect.com\/assets\/files\/2019\/01\/AGCO-Connect-SC-Valtra-hero-pixilation-red-3.jpg","datePublished":"2018-12-21T09:53:45+00:00","dateModified":"2019-12-03T08:29:47+00:00","breadcrumb":{"@id":"https:\/\/get.agcoconnect.com\/fr\/terms-of-use\/#breadcrumb"},"inLanguage":"fr-FR","potentialAction":[{"@type":"ReadAction","target":["https:\/\/get.agcoconnect.com\/fr\/terms-of-use\/"]}]},{"@type":"ImageObject","inLanguage":"fr-FR","@id":"https:\/\/get.agcoconnect.com\/fr\/terms-of-use\/#primaryimage","url":"https:\/\/get.agcoconnect.com\/assets\/files\/2019\/01\/AGCO-Connect-SC-Valtra-hero-pixilation-red-3.jpg","contentUrl":"https:\/\/get.agcoconnect.com\/assets\/files\/2019\/01\/AGCO-Connect-SC-Valtra-hero-pixilation-red-3.jpg","width":1600,"height":900},{"@type":"BreadcrumbList","@id":"https:\/\/get.agcoconnect.com\/fr\/terms-of-use\/#breadcrumb","itemListElement":[{"@type":"ListItem","position":1,"name":"Home","item":"https:\/\/get.agcoconnect.com\/fr\/"},{"@type":"ListItem","position":2,"name":"Conditions d&rsquo;utilisation"}]},{"@type":"WebSite","@id":"https:\/\/get.agcoconnect.com\/#website","url":"https:\/\/get.agcoconnect.com\/","name":"Agco Connect","description":"","potentialAction":[{"@type":"SearchAction","target":{"@type":"EntryPoint","urlTemplate":"https:\/\/get.agcoconnect.com\/?s={search_term_string}"},"query-input":{"@type":"PropertyValueSpecification","valueRequired":true,"valueName":"search_term_string"}}],"inLanguage":"fr-FR"}]}},"_links":{"self":[{"href":"https:\/\/get.agcoconnect.com\/fr\/wp-json\/wp\/v2\/pages\/2424","targetHints":{"allow":["GET"]}}],"collection":[{"href":"https:\/\/get.agcoconnect.com\/fr\/wp-json\/wp\/v2\/pages"}],"about":[{"href":"https:\/\/get.agcoconnect.com\/fr\/wp-json\/wp\/v2\/types\/page"}],"author":[{"embeddable":true,"href":"https:\/\/get.agcoconnect.com\/fr\/wp-json\/wp\/v2\/users\/2"}],"replies":[{"embeddable":true,"href":"https:\/\/get.agcoconnect.com\/fr\/wp-json\/wp\/v2\/comments?post=2424"}],"version-history":[{"count":1,"href":"https:\/\/get.agcoconnect.com\/fr\/wp-json\/wp\/v2\/pages\/2424\/revisions"}],"predecessor-version":[{"id":2542,"href":"https:\/\/get.agcoconnect.com\/fr\/wp-json\/wp\/v2\/pages\/2424\/revisions\/2542"}],"wp:featuredmedia":[{"embeddable":true,"href":"https:\/\/get.agcoconnect.com\/fr\/wp-json\/wp\/v2\/media\/2225"}],"wp:attachment":[{"href":"https:\/\/get.agcoconnect.com\/fr\/wp-json\/wp\/v2\/media?parent=2424"}],"curies":[{"name":"wp","href":"https:\/\/api.w.org\/{rel}","templated":true}]}}