{"id":3783,"date":"2018-12-21T09:53:45","date_gmt":"2018-12-21T09:53:45","guid":{"rendered":"http:\/\/get.agcoconnect.com\/terms-of-use\/"},"modified":"2020-01-28T19:17:46","modified_gmt":"2020-01-28T19:17:46","slug":"terms-of-use","status":"publish","type":"page","link":"https:\/\/get.agcoconnect.com\/fi\/terms-of-use\/","title":{"rendered":"K\u00e4ytt\u00f6ehdot"},"content":{"rendered":"<p>T\u00e4m\u00e4 AGCOn verkkosivusto tarjotaan k\u00e4ytt\u00f6\u00f6si alla olevin ehdoin. K\u00e4ytt\u00e4m\u00e4ll\u00e4 t\u00e4t\u00e4 verkkosivustoa hyv\u00e4ksyt n\u00e4m\u00e4 ehdot. Jos et hyv\u00e4ksy ehtoja, et voi k\u00e4ytt\u00e4\u00e4 verkkosivustoa. My\u00f6s\u00a0<a href=\"https:\/\/www.agcocorp.com\/privacy.html\" target=\"_blank\" rel=\"noopener noreferrer\">Tietosuojalausuntomme<\/a>\u00a0voi koskea verkkosivustomme k\u00e4ytt\u00f6\u00e4. Tietosuojalausunnossa m\u00e4\u00e4ritell\u00e4\u00e4n ne ehdot, joiden mukaan k\u00e4sittelemme mit\u00e4 tahansa sinulta ker\u00e4\u00e4mi\u00e4mme tai meille toimittamiasi henkil\u00f6tietoja. K\u00e4ytt\u00e4m\u00e4ll\u00e4 verkkosivustoamme hyv\u00e4ksyt kyseisen k\u00e4sittelyn.<\/p>\n<ol>\n<li>Et saa v\u00e4\u00e4rink\u00e4ytt\u00e4\u00e4 sivustoamme levitt\u00e4m\u00e4ll\u00e4 tietoisesti viruksia, haittaohjelmia, matoja, loogisia pommeja tai muuta tahallisesti vahinkoa aiheuttavaa tai teknologisesti haitallista materiaalia. Et saa yritt\u00e4\u00e4 p\u00e4\u00e4st\u00e4 sivustollemme, sivustomme k\u00e4ytt\u00e4m\u00e4lle palvelimelle tai mille tahansa muulle sivustoomme yhteydess\u00e4 olevalle palvelimelle, tietokoneelle tai tietokantaan valtuuttamattomasti. Et saa hy\u00f6k\u00e4t\u00e4 sivustoomme palvelunestohy\u00f6kk\u00e4yksell\u00e4 tai hajautetulla palvelunestohy\u00f6kk\u00e4yksell\u00e4. K\u00e4ytt\u00e4m\u00e4ll\u00e4 t\u00e4t\u00e4 verkkosivustoa annat nimenomaisen suostumuksesi kaikkina olennaisina aikoina tapahtuvaan hallinnolliseen seurantaan. Kyseisen seurannan aikana saatu n\u00e4ytt\u00f6 mahdollisesta rikollisesta toiminnasta voidaan saattaa asianmukaisten viranomaisten tietoon. Jos et hyv\u00e4ksy t\u00e4llaista seurantaa, poistu v\u00e4litt\u00f6m\u00e4sti verkkosivustolta.<\/li>\n<li>Kaikkien t\u00e4m\u00e4n verkkosivuston ohjelmistotekstien ja grafiikan k\u00e4ytt\u00f6oikeuksien omistaja ja lisenssinhaltija on AGCO. T\u00e4ll\u00e4 verkkosivustolla olevan materiaalin julkaiseminen, kopiointi tai jakelu ei ole sallittua ilman AGCOlta saatua kirjallista lupaa.<\/li>\n<li>AGCO-nime\u00e4 tai AGCOn tuotemerkkej\u00e4 (mukaan lukien Challenger, Fella, Fendt, Fuse, Gleaner, GSI, Massey Ferguson ja Valtra) tai AGCOn tuotemerkkien logoja ei saa k\u00e4ytt\u00e4\u00e4 mainonnassa tai tiedotustoiminnassa eik\u00e4 niit\u00e4 saa muutoin jakaa ilman erityist\u00e4 AGCO:n etuk\u00e4teen antamaa kirjallista lupaa tai luvan my\u00f6nt\u00e4v\u00e4\u00e4 asianmukaista j\u00e4lleenmyyj\u00e4- tai jakelijasopimusta, joka on tehty AGCO-yhti\u00f6n kanssa.<\/li>\n<li>Mit\u00e4\u00e4n t\u00e4m\u00e4n verkkosivuston sis\u00e4lt\u00f6\u00e4 ei voida pit\u00e4\u00e4 lisenssin\u00e4 tai oikeutena k\u00e4ytt\u00e4\u00e4 mit\u00e4\u00e4n AGCOn patentteja tai tuotemerkkej\u00e4 ilman AGCOn tai esill\u00e4 olevat patentit tai tuotemerkit mahdollisesti omistavan kolmannen osapuolen my\u00f6nt\u00e4m\u00e4\u00e4 kirjallista lupaa. Mahdolliset kysymykset patenttien tai tuotemerkkien k\u00e4yt\u00f6st\u00e4 tai siit\u00e4, onko jokin merkki AGCOn tavaramerkki, on osoitettava AGCOlle.<\/li>\n<li>Verkkosivustomme sis\u00e4lt\u00f6 on tarkoitettu vain yleiseksi tiedoksi. Sit\u00e4 ei ole tarkoitettu neuvoiksi, joihin voit luottaa. Pyrimme kohtuullisessa m\u00e4\u00e4rin varmistamaan, ett\u00e4 verkkosivustollamme oleva tieto on paikkansapit\u00e4v\u00e4\u00e4, kattavaa ja mahdollisimman ajantasaista. Verkkosivustolla voi kuitenkin olla paikkansa pit\u00e4m\u00e4t\u00f6nt\u00e4 tietoa, virheit\u00e4 tai puutteita, joista AGCO ei ota mit\u00e4\u00e4n vastuuta. N\u00e4it\u00e4 ehtoja ja verkkosivustolla olevaa tietoa voidaan aika ajoin muuttaa. Aina kun haluat k\u00e4ytt\u00e4\u00e4 verkkosivustoamme, tarkasta n\u00e4m\u00e4 k\u00e4ytt\u00f6ehdot, jotta varmasti ymm\u00e4rr\u00e4t sill\u00e4 hetkell\u00e4 sovellettavat ehdot. AGCOa tai AGCOn tuotteita koskevat tiedot ovat vain viitteellisi\u00e4 eik\u00e4 niihin pid\u00e4 luottaa. Lain sallimissa enimm\u00e4israjoissa mik\u00e4\u00e4n AGCO-yhti\u00f6 ei miss\u00e4\u00e4n tapauksessa vastaa mist\u00e4\u00e4n erityisist\u00e4, ep\u00e4suorista tai v\u00e4lillisist\u00e4 vahingoista (mukaan lukien tuoton tai liikevaihdon menetykset), olipa kyse sitten sopimustoimesta, huolimattomuudesta tai vahingosta, joita syntyy t\u00e4m\u00e4n sivuston k\u00e4yt\u00f6st\u00e4, v\u00e4\u00e4rink\u00e4yt\u00f6st\u00e4 tai toiminnasta tai niihin liittyen, tai mist\u00e4\u00e4n tiedoista, tietojen puutteesta, asiakirjoista, ohjelmistoista tai muista materiaaleista, jotka ovat per\u00e4isiin AGCOn verkkosivuilta.<\/li>\n<li>Ellei AGCO ole antanut t\u00e4h\u00e4n nimenomaista lupaansa, et saa j\u00e4ljent\u00e4\u00e4 tai jakaa miss\u00e4\u00e4n muodossa mit\u00e4\u00e4n t\u00e4m\u00e4n sivuston tietokannoissa olevaa tietoa eik\u00e4 sinulla ole oikeutta poimia yksitt\u00e4isten henkil\u00f6iden henkil\u00f6tietoja omaan tai kaupalliseen k\u00e4ytt\u00f6\u00f6si.<\/li>\n<li>T\u00e4m\u00e4 verkkosivusto voi sis\u00e4lt\u00e4\u00e4 linkkej\u00e4 kolmansien osapuolten verkkosivustoille. N\u00e4m\u00e4 linkit ovat sivustollamme ainoastaan k\u00e4ytt\u00f6mukavuuttasi ajatellen. AGCO ei pysty valvomaan sivustoja, joille linkit johtavat, tai vaikuttamaan niihin. AGCO ei vastaa mink\u00e4\u00e4n linkitetyn kolmannen osapuolen sivuston sis\u00e4ll\u00f6st\u00e4 tai mist\u00e4\u00e4n linkitetyn sivuston sis\u00e4lt\u00e4m\u00e4st\u00e4 linkist\u00e4. Mink\u00e4 tahansa linkin sis\u00e4llytt\u00e4minen verkkosivustolle ei v\u00e4ltt\u00e4m\u00e4tt\u00e4 tarkoita sit\u00e4, ett\u00e4 AGCO on antanut hyv\u00e4ksynt\u00e4ns\u00e4 linkitetylle taholle, linkitetylle sivustolle tai millek\u00e4\u00e4n tuotteelle tai palvelulle, joka sis\u00e4ltyy millek\u00e4\u00e4n linkitetylle sivustolle.<\/li>\n<li>Emme takaa, ett\u00e4 sivustomme on suojattu tai ett\u00e4 se ei sis\u00e4ll\u00e4 ohjelmointivirheit\u00e4 tai viruksia, tai ett\u00e4 se on aina k\u00e4ytett\u00e4viss\u00e4 ilman k\u00e4ytt\u00f6katkoja. AGCO ei vastaa eik\u00e4 sit\u00e4 voida pit\u00e4\u00e4 vastuullisena mist\u00e4\u00e4n vahingoista tai viruksista, jotka vaikuttavat tietokonelaitteistoosi, ohjelmistoihisi, dataasi tai muuhun omaisuuteesi, ja jotka ovat seurausta t\u00e4m\u00e4n verkkosivuston k\u00e4yt\u00f6st\u00e4 tai mink\u00e4\u00e4n materiaalien, datan, tekstin, kuvien, videoiden tai audiotiedostojen lataamisesta verkkosivustolta.<\/li>\n<li>Ryhdyt kaikkiin tarvittaviin toimiin sen varmistamiseksi, ett\u00e4 data, taloustiedot tai kaupallisesti arkaluonteiset tiedot, jotka ovat l\u00e4ht\u00f6isin AGCOlta tai kuuluvat AGCOlle, ja jotka olet saanut haltuusi tai hallintaasi t\u00e4t\u00e4 verkkosivustoa k\u00e4ytt\u00e4m\u00e4ll\u00e4, ovat suojassa ja niit\u00e4 k\u00e4sitell\u00e4\u00e4n luottamuksellisesti. Erityisesti et:\n<ol>\n<li>k\u00e4yt\u00e4 dataa tai tietoja etk\u00e4 j\u00e4ljenn\u00e4 dataa tai tietoja kokonaan tai osittain miss\u00e4\u00e4n muodossa lukuun ottamatta ACGOn valtuuttamia tilanteita; tai<\/li>\n<li>luovuta dataa tai tietoja millek\u00e4\u00e4n kolmannelle osapuolelle tai henkil\u00f6ille, joilla ei ole AGCOn lupaa niiden vastaanottamiseen lukuun ottamatta tilanteita, joissa t\u00e4h\u00e4n on AGCOn etuk\u00e4teen my\u00f6nt\u00e4m\u00e4 kirjallinen lupa.<\/li>\n<\/ol>\n<\/li>\n<li>Pyyd\u00e4mme sinua tutustumaan\u00a0<a href=\"https:\/\/www.agcocorp.com\/cookies.html\" target=\"_blank\" rel=\"noopener noreferrer\">Ev\u00e4stek\u00e4yt\u00e4nt\u00f6\u00f6mme<\/a>, sill\u00e4 t\u00e4t\u00e4 sovelletaan verkkosivustomme k\u00e4ytt\u00f6\u00f6n ja siin\u00e4 m\u00e4\u00e4ritell\u00e4\u00e4n sivustomme k\u00e4ytt\u00e4mi\u00e4 ev\u00e4steit\u00e4 koskevat tiedot.<\/li>\n<\/ol>\n","protected":false},"excerpt":{"rendered":"<p>T\u00e4m\u00e4 AGCOn verkkosivusto tarjotaan k\u00e4ytt\u00f6\u00f6si alla olevin ehdoin. K\u00e4ytt\u00e4m\u00e4ll\u00e4 t\u00e4t\u00e4 verkkosivustoa hyv\u00e4ksyt n\u00e4m\u00e4 ehdot. Jos et hyv\u00e4ksy ehtoja, et voi k\u00e4ytt\u00e4\u00e4 verkkosivustoa. My\u00f6s\u00a0Tietosuojalausuntomme\u00a0voi koskea verkkosivustomme k\u00e4ytt\u00f6\u00e4. Tietosuojalausunnossa m\u00e4\u00e4ritell\u00e4\u00e4n ne ehdot, joiden mukaan k\u00e4sittelemme mit\u00e4 tahansa sinulta ker\u00e4\u00e4mi\u00e4mme tai meille toimittamiasi henkil\u00f6tietoja. K\u00e4ytt\u00e4m\u00e4ll\u00e4 verkkosivustoamme hyv\u00e4ksyt kyseisen k\u00e4sittelyn. Et saa v\u00e4\u00e4rink\u00e4ytt\u00e4\u00e4 sivustoamme levitt\u00e4m\u00e4ll\u00e4 tietoisesti viruksia, haittaohjelmia, matoja, [&hellip;]<\/p>\n","protected":false},"author":2,"featured_media":3764,"parent":0,"menu_order":0,"comment_status":"closed","ping_status":"closed","template":"","meta":{"_acf_changed":false,"footnotes":""},"class_list":["post-3783","page","type-page","status-publish","has-post-thumbnail","hentry"],"acf":[],"yoast_head":"<!-- This site is optimized with the Yoast SEO plugin v24.2 - https:\/\/yoast.com\/wordpress\/plugins\/seo\/ -->\n<title>K\u00e4ytt\u00f6ehdot - Agco Connect<\/title>\n<meta name=\"robots\" content=\"index, follow, max-snippet:-1, max-image-preview:large, max-video-preview:-1\" \/>\n<link rel=\"canonical\" href=\"https:\/\/get.agcoconnect.com\/fi\/terms-of-use\/\" \/>\n<meta property=\"og:locale\" content=\"fi_FI\" \/>\n<meta property=\"og:type\" content=\"article\" \/>\n<meta property=\"og:title\" content=\"K\u00e4ytt\u00f6ehdot - Agco Connect\" \/>\n<meta property=\"og:description\" content=\"T\u00e4m\u00e4 AGCOn verkkosivusto tarjotaan k\u00e4ytt\u00f6\u00f6si alla olevin ehdoin. K\u00e4ytt\u00e4m\u00e4ll\u00e4 t\u00e4t\u00e4 verkkosivustoa hyv\u00e4ksyt n\u00e4m\u00e4 ehdot. Jos et hyv\u00e4ksy ehtoja, et voi k\u00e4ytt\u00e4\u00e4 verkkosivustoa. My\u00f6s\u00a0Tietosuojalausuntomme\u00a0voi koskea verkkosivustomme k\u00e4ytt\u00f6\u00e4. Tietosuojalausunnossa m\u00e4\u00e4ritell\u00e4\u00e4n ne ehdot, joiden mukaan k\u00e4sittelemme mit\u00e4 tahansa sinulta ker\u00e4\u00e4mi\u00e4mme tai meille toimittamiasi henkil\u00f6tietoja. K\u00e4ytt\u00e4m\u00e4ll\u00e4 verkkosivustoamme hyv\u00e4ksyt kyseisen k\u00e4sittelyn. Et saa v\u00e4\u00e4rink\u00e4ytt\u00e4\u00e4 sivustoamme levitt\u00e4m\u00e4ll\u00e4 tietoisesti viruksia, haittaohjelmia, matoja, [&hellip;]\" \/>\n<meta property=\"og:url\" content=\"https:\/\/get.agcoconnect.com\/fi\/terms-of-use\/\" \/>\n<meta property=\"og:site_name\" content=\"Agco Connect\" \/>\n<meta property=\"article:modified_time\" content=\"2020-01-28T19:17:46+00:00\" \/>\n<meta property=\"og:image\" content=\"https:\/\/get.agcoconnect.com\/assets\/files\/2019\/01\/AGCO-Connect-SC-Valtra-hero-pixilation-red-3.jpg\" \/>\n\t<meta property=\"og:image:width\" content=\"1600\" \/>\n\t<meta property=\"og:image:height\" content=\"900\" \/>\n\t<meta property=\"og:image:type\" content=\"image\/jpeg\" \/>\n<meta name=\"twitter:card\" content=\"summary_large_image\" \/>\n<meta name=\"twitter:label1\" content=\"Arvioitu lukuaika\" \/>\n\t<meta name=\"twitter:data1\" content=\"4 minuuttia\" \/>\n<script type=\"application\/ld+json\" class=\"yoast-schema-graph\">{\"@context\":\"https:\/\/schema.org\",\"@graph\":[{\"@type\":\"WebPage\",\"@id\":\"https:\/\/get.agcoconnect.com\/fi\/terms-of-use\/\",\"url\":\"https:\/\/get.agcoconnect.com\/fi\/terms-of-use\/\",\"name\":\"K\u00e4ytt\u00f6ehdot - Agco Connect\",\"isPartOf\":{\"@id\":\"https:\/\/get.agcoconnect.com\/#website\"},\"primaryImageOfPage\":{\"@id\":\"https:\/\/get.agcoconnect.com\/fi\/terms-of-use\/#primaryimage\"},\"image\":{\"@id\":\"https:\/\/get.agcoconnect.com\/fi\/terms-of-use\/#primaryimage\"},\"thumbnailUrl\":\"https:\/\/get.agcoconnect.com\/assets\/files\/2019\/01\/AGCO-Connect-SC-Valtra-hero-pixilation-red-3.jpg\",\"datePublished\":\"2018-12-21T09:53:45+00:00\",\"dateModified\":\"2020-01-28T19:17:46+00:00\",\"breadcrumb\":{\"@id\":\"https:\/\/get.agcoconnect.com\/fi\/terms-of-use\/#breadcrumb\"},\"inLanguage\":\"fi\",\"potentialAction\":[{\"@type\":\"ReadAction\",\"target\":[\"https:\/\/get.agcoconnect.com\/fi\/terms-of-use\/\"]}]},{\"@type\":\"ImageObject\",\"inLanguage\":\"fi\",\"@id\":\"https:\/\/get.agcoconnect.com\/fi\/terms-of-use\/#primaryimage\",\"url\":\"https:\/\/get.agcoconnect.com\/assets\/files\/2019\/01\/AGCO-Connect-SC-Valtra-hero-pixilation-red-3.jpg\",\"contentUrl\":\"https:\/\/get.agcoconnect.com\/assets\/files\/2019\/01\/AGCO-Connect-SC-Valtra-hero-pixilation-red-3.jpg\",\"width\":1600,\"height\":900},{\"@type\":\"BreadcrumbList\",\"@id\":\"https:\/\/get.agcoconnect.com\/fi\/terms-of-use\/#breadcrumb\",\"itemListElement\":[{\"@type\":\"ListItem\",\"position\":1,\"name\":\"Home\",\"item\":\"https:\/\/get.agcoconnect.com\/fi\/\"},{\"@type\":\"ListItem\",\"position\":2,\"name\":\"K\u00e4ytt\u00f6ehdot\"}]},{\"@type\":\"WebSite\",\"@id\":\"https:\/\/get.agcoconnect.com\/#website\",\"url\":\"https:\/\/get.agcoconnect.com\/\",\"name\":\"Agco Connect\",\"description\":\"\",\"potentialAction\":[{\"@type\":\"SearchAction\",\"target\":{\"@type\":\"EntryPoint\",\"urlTemplate\":\"https:\/\/get.agcoconnect.com\/?s={search_term_string}\"},\"query-input\":{\"@type\":\"PropertyValueSpecification\",\"valueRequired\":true,\"valueName\":\"search_term_string\"}}],\"inLanguage\":\"fi\"}]}<\/script>\n<!-- \/ Yoast SEO plugin. -->","yoast_head_json":{"title":"K\u00e4ytt\u00f6ehdot - Agco Connect","robots":{"index":"index","follow":"follow","max-snippet":"max-snippet:-1","max-image-preview":"max-image-preview:large","max-video-preview":"max-video-preview:-1"},"canonical":"https:\/\/get.agcoconnect.com\/fi\/terms-of-use\/","og_locale":"fi_FI","og_type":"article","og_title":"K\u00e4ytt\u00f6ehdot - Agco Connect","og_description":"T\u00e4m\u00e4 AGCOn verkkosivusto tarjotaan k\u00e4ytt\u00f6\u00f6si alla olevin ehdoin. K\u00e4ytt\u00e4m\u00e4ll\u00e4 t\u00e4t\u00e4 verkkosivustoa hyv\u00e4ksyt n\u00e4m\u00e4 ehdot. Jos et hyv\u00e4ksy ehtoja, et voi k\u00e4ytt\u00e4\u00e4 verkkosivustoa. My\u00f6s\u00a0Tietosuojalausuntomme\u00a0voi koskea verkkosivustomme k\u00e4ytt\u00f6\u00e4. Tietosuojalausunnossa m\u00e4\u00e4ritell\u00e4\u00e4n ne ehdot, joiden mukaan k\u00e4sittelemme mit\u00e4 tahansa sinulta ker\u00e4\u00e4mi\u00e4mme tai meille toimittamiasi henkil\u00f6tietoja. K\u00e4ytt\u00e4m\u00e4ll\u00e4 verkkosivustoamme hyv\u00e4ksyt kyseisen k\u00e4sittelyn. Et saa v\u00e4\u00e4rink\u00e4ytt\u00e4\u00e4 sivustoamme levitt\u00e4m\u00e4ll\u00e4 tietoisesti viruksia, haittaohjelmia, matoja, [&hellip;]","og_url":"https:\/\/get.agcoconnect.com\/fi\/terms-of-use\/","og_site_name":"Agco Connect","article_modified_time":"2020-01-28T19:17:46+00:00","og_image":[{"width":1600,"height":900,"url":"https:\/\/get.agcoconnect.com\/assets\/files\/2019\/01\/AGCO-Connect-SC-Valtra-hero-pixilation-red-3.jpg","type":"image\/jpeg"}],"twitter_card":"summary_large_image","twitter_misc":{"Arvioitu lukuaika":"4 minuuttia"},"schema":{"@context":"https:\/\/schema.org","@graph":[{"@type":"WebPage","@id":"https:\/\/get.agcoconnect.com\/fi\/terms-of-use\/","url":"https:\/\/get.agcoconnect.com\/fi\/terms-of-use\/","name":"K\u00e4ytt\u00f6ehdot - Agco Connect","isPartOf":{"@id":"https:\/\/get.agcoconnect.com\/#website"},"primaryImageOfPage":{"@id":"https:\/\/get.agcoconnect.com\/fi\/terms-of-use\/#primaryimage"},"image":{"@id":"https:\/\/get.agcoconnect.com\/fi\/terms-of-use\/#primaryimage"},"thumbnailUrl":"https:\/\/get.agcoconnect.com\/assets\/files\/2019\/01\/AGCO-Connect-SC-Valtra-hero-pixilation-red-3.jpg","datePublished":"2018-12-21T09:53:45+00:00","dateModified":"2020-01-28T19:17:46+00:00","breadcrumb":{"@id":"https:\/\/get.agcoconnect.com\/fi\/terms-of-use\/#breadcrumb"},"inLanguage":"fi","potentialAction":[{"@type":"ReadAction","target":["https:\/\/get.agcoconnect.com\/fi\/terms-of-use\/"]}]},{"@type":"ImageObject","inLanguage":"fi","@id":"https:\/\/get.agcoconnect.com\/fi\/terms-of-use\/#primaryimage","url":"https:\/\/get.agcoconnect.com\/assets\/files\/2019\/01\/AGCO-Connect-SC-Valtra-hero-pixilation-red-3.jpg","contentUrl":"https:\/\/get.agcoconnect.com\/assets\/files\/2019\/01\/AGCO-Connect-SC-Valtra-hero-pixilation-red-3.jpg","width":1600,"height":900},{"@type":"BreadcrumbList","@id":"https:\/\/get.agcoconnect.com\/fi\/terms-of-use\/#breadcrumb","itemListElement":[{"@type":"ListItem","position":1,"name":"Home","item":"https:\/\/get.agcoconnect.com\/fi\/"},{"@type":"ListItem","position":2,"name":"K\u00e4ytt\u00f6ehdot"}]},{"@type":"WebSite","@id":"https:\/\/get.agcoconnect.com\/#website","url":"https:\/\/get.agcoconnect.com\/","name":"Agco Connect","description":"","potentialAction":[{"@type":"SearchAction","target":{"@type":"EntryPoint","urlTemplate":"https:\/\/get.agcoconnect.com\/?s={search_term_string}"},"query-input":{"@type":"PropertyValueSpecification","valueRequired":true,"valueName":"search_term_string"}}],"inLanguage":"fi"}]}},"_links":{"self":[{"href":"https:\/\/get.agcoconnect.com\/fi\/wp-json\/wp\/v2\/pages\/3783","targetHints":{"allow":["GET"]}}],"collection":[{"href":"https:\/\/get.agcoconnect.com\/fi\/wp-json\/wp\/v2\/pages"}],"about":[{"href":"https:\/\/get.agcoconnect.com\/fi\/wp-json\/wp\/v2\/types\/page"}],"author":[{"embeddable":true,"href":"https:\/\/get.agcoconnect.com\/fi\/wp-json\/wp\/v2\/users\/2"}],"replies":[{"embeddable":true,"href":"https:\/\/get.agcoconnect.com\/fi\/wp-json\/wp\/v2\/comments?post=3783"}],"version-history":[{"count":2,"href":"https:\/\/get.agcoconnect.com\/fi\/wp-json\/wp\/v2\/pages\/3783\/revisions"}],"predecessor-version":[{"id":4016,"href":"https:\/\/get.agcoconnect.com\/fi\/wp-json\/wp\/v2\/pages\/3783\/revisions\/4016"}],"wp:featuredmedia":[{"embeddable":true,"href":"https:\/\/get.agcoconnect.com\/fi\/wp-json\/wp\/v2\/media\/3764"}],"wp:attachment":[{"href":"https:\/\/get.agcoconnect.com\/fi\/wp-json\/wp\/v2\/media?parent=3783"}],"curies":[{"name":"wp","href":"https:\/\/api.w.org\/{rel}","templated":true}]}}