{"id":2431,"date":"2018-12-21T09:53:45","date_gmt":"2018-12-21T09:53:45","guid":{"rendered":"http:\/\/get.agcoconnect.com\/terms-of-use\/"},"modified":"2019-12-05T06:22:17","modified_gmt":"2019-12-05T06:22:17","slug":"terminos-de-uso","status":"publish","type":"page","link":"https:\/\/get.agcoconnect.com\/es\/terminos-de-uso\/","title":{"rendered":"T\u00e9rminos de uso"},"content":{"rendered":"<p>Este sitio web de AGCO se le ofrece seg\u00fan los t\u00e9rminos que se indican a continuaci\u00f3n. Su acceso y uso de este sitio web constituye la aceptaci\u00f3n de estos t\u00e9rminos. Si no acepta estos t\u00e9rminos, no debe utilizar nuestro sitio web. Nuestra Declaraci\u00f3n de privacidad tambi\u00e9n puede aplicarse al uso que haga de nuestro sitio web. La Declaraci\u00f3n de privacidad establece los t\u00e9rminos en los que procesamos los datos personales que recopilamos de usted o que nos proporciona. Al utilizar nuestro sitio web, usted da su consentimiento a dicho procesamiento.<\/p>\n<p>No debe hacer un uso incorrecto de nuestro sitio introduciendo deliberadamente virus, troyanos, gusanos, bombas l\u00f3gicas u otro material malicioso o tecnol\u00f3gicamente da\u00f1ino. No debe intentar obtener acceso no autorizado a nuestro sitio, al servidor en el que se almacena nuestro sitio o a cualquier servidor, ordenador o base de datos conectado a nuestro sitio. No debe atacar nuestro sitio a trav\u00e9s de un ataque de denegaci\u00f3n de servicio o un ataque distribuido de denegaci\u00f3n de servicio. Al acceder a este sitio web, acepta expresamente la supervisi\u00f3n administrativa en todo momento. Se pueden proporcionar pruebas de cualquier posible actividad delictiva identificada durante dicha supervisi\u00f3n a las autoridades pertinentes. Si no da su consentimiento para realizar dicha supervisi\u00f3n, salga de este sitio web inmediatamente.<\/p>\n<p>Los derechos, t\u00edtulos e intereses de todos los derechos de autor de cualquier texto o gr\u00e1fico de software de este sitio web son propiedad o licencia de AGCO. No se permite la publicaci\u00f3n, copia ni distribuci\u00f3n del material incluido en este sitio web sin el consentimiento por escrito de AGCO.<\/p>\n<p>El nombre de AGCO o de las marcas de AGCO (incluidas Challenger, Fella, Fendt, Fuse, Gleaner, GSI, Massey Ferguson y Valtra) o los logotipos de las marcas de AGCO no se pueden utilizar en publicidad ni distribuir de otro modo sin ning\u00fan tipo espec\u00edfico, autorizaci\u00f3n previa por escrito de AGCO o seg\u00fan lo establecido en el acuerdo de distribuidor o concesionario correspondiente firmado con una empresa de AGCO.<\/p>\n<p>Nada de lo contenido en este sitio web se interpretar\u00e1 como la concesi\u00f3n de una licencia o derecho a utilizar patentes o marcas comerciales de AGCO sin el permiso por escrito de AGCO o de terceros que puedan poseer patentes o marcas comerciales mostradas. Cualquier pregunta relacionada con el uso de patentes o marcas comerciales o si un elemento es una marca comercial de AGCO debe remitirse a AGCO.<\/p>\n<p>El contenido de nuestro sitio web se proporciona \u00fanicamente con fines informativos. No se pretende dar consejos sobre los que deber\u00eda confiar. Hacemos todo lo posible para garantizar que la informaci\u00f3n contenida en este sitio web sea lo m\u00e1s precisa, completa y actualizada posible. No obstante, puede contener imprecisiones, errores u omisiones en el sitio web, por lo que AGCO declina cualquier responsabilidad. Estos t\u00e9rminos e informaci\u00f3n del sitio web pueden modificarse de vez en cuando. Cada vez que desee utilizar nuestro sitio, compruebe estos t\u00e9rminos para asegurarse de que comprende los t\u00e9rminos que se aplican en ese momento. La informaci\u00f3n sobre AGCO o los productos de AGCO tiene car\u00e1cter meramente ilustrativo y no debe confiarse en ella. En la medida en que lo permita la ley, ninguna empresa de AGCO ser\u00e1 responsable de ning\u00fan da\u00f1o especial, indirecto o consecuente (incluida la p\u00e9rdida de beneficios o ingresos), ya sea en un contrato, negligencia u otra acci\u00f3n de agravio, derivada o relacionada con el uso, uso incorrecto o rendimiento de este sitio web o de cualquier informaci\u00f3n, falta de informaci\u00f3n, documentos, software u otro material obtenido a trav\u00e9s de cualquier p\u00e1gina web de AGCO.<\/p>\n<p>Salvo en los casos expresamente permitidos por AGCO, el usuario no podr\u00e1 reproducir ni distribuir ninguna informaci\u00f3n contenida en las bases de datos de este sitio en modo alguno y no estar\u00e1 autorizado a extraer informaci\u00f3n personal sobre personas para su uso personal o comercial.<\/p>\n<p>Este sitio web puede contener enlaces a sitios web de terceros. Estos enlaces se proporcionan \u00fanicamente para su comodidad. Estos sitios vinculados no est\u00e1n bajo el control ni la influencia de AGCO. AGCO no asume responsabilidad alguna por el contenido de cualquier sitio vinculado a terceros o cualquier enlace incluido en un sitio vinculado. La inclusi\u00f3n de cualquier enlace no implica necesariamente la aprobaci\u00f3n por parte de AGCO de las entidades vinculadas, el sitio vinculado o cualquier producto o servicio contenido en cualquier sitio vinculado.<\/p>\n<p>No garantizamos que nuestro sitio sea seguro o est\u00e9 libre de errores o virus, o que siempre estar\u00e1 disponible con acceso ininterrumpido. AGCO no asume ninguna responsabilidad y no ser\u00e1 responsable de ning\u00fan da\u00f1o o virus que afecten a su equipo inform\u00e1tico, software, datos u otra propiedad, debido a su acceso a este sitio web o de la descarga de cualquier material, datos, texto, im\u00e1genes, v\u00eddeo o audio de este.<\/p>\n<p>Usted tomar\u00e1 todas las medidas necesarias para garantizar que los datos, detalles financieros o informaci\u00f3n comercial confidencial originada o perteneciente a AGCO que entra en su posesi\u00f3n o control a trav\u00e9s del uso de este sitio web est\u00e9n protegidos y tratados de forma confidencial y, en particular, usted no:<\/p>\n<p>utilizar\u00e1 los datos o la informaci\u00f3n, ni reproducir\u00e1 los datos o la informaci\u00f3n en su totalidad o en parte, de ninguna forma, excepto en la medida en que AGCO lo autorice; o<\/p>\n<p>revelar\u00e1 los datos o informaci\u00f3n a terceros o personas no autorizadas por AGCO para recibirlos, excepto con el consentimiento previo por escrito de AGCO.<\/p>\n<p>Familiar\u00edcese con los t\u00e9rminos de nuestra <a href=\"https:\/\/www.agcocorp.com\/cookies.html\" target=\"_blank\" rel=\"noopener noreferrer\">Pol\u00edtica de cookies<\/a>, ya que esto se aplica al uso que haga del sitio web y establece informaci\u00f3n sobre las cookies de nuestro sitio.<\/p>\n","protected":false},"excerpt":{"rendered":"<p>Este sitio web de AGCO se le ofrece seg\u00fan los t\u00e9rminos que se indican a continuaci\u00f3n. Su acceso y uso de este sitio web constituye la aceptaci\u00f3n de estos t\u00e9rminos. Si no acepta estos t\u00e9rminos, no debe utilizar nuestro sitio web. Nuestra Declaraci\u00f3n de privacidad tambi\u00e9n puede aplicarse al uso que haga de nuestro sitio [&hellip;]<\/p>\n","protected":false},"author":2,"featured_media":2239,"parent":0,"menu_order":0,"comment_status":"closed","ping_status":"closed","template":"","meta":{"_acf_changed":false,"footnotes":""},"class_list":["post-2431","page","type-page","status-publish","has-post-thumbnail","hentry"],"acf":[],"yoast_head":"<!-- This site is optimized with the Yoast SEO plugin v24.2 - https:\/\/yoast.com\/wordpress\/plugins\/seo\/ -->\n<title>T\u00e9rminos de uso - Agco Connect<\/title>\n<meta name=\"robots\" content=\"index, follow, max-snippet:-1, max-image-preview:large, max-video-preview:-1\" \/>\n<link rel=\"canonical\" href=\"https:\/\/get.agcoconnect.com\/es\/terminos-de-uso\/\" \/>\n<meta property=\"og:locale\" content=\"es_ES\" \/>\n<meta property=\"og:type\" content=\"article\" \/>\n<meta property=\"og:title\" content=\"T\u00e9rminos de uso - Agco Connect\" \/>\n<meta property=\"og:description\" content=\"Este sitio web de AGCO se le ofrece seg\u00fan los t\u00e9rminos que se indican a continuaci\u00f3n. Su acceso y uso de este sitio web constituye la aceptaci\u00f3n de estos t\u00e9rminos. Si no acepta estos t\u00e9rminos, no debe utilizar nuestro sitio web. Nuestra Declaraci\u00f3n de privacidad tambi\u00e9n puede aplicarse al uso que haga de nuestro sitio [&hellip;]\" \/>\n<meta property=\"og:url\" content=\"https:\/\/get.agcoconnect.com\/es\/terminos-de-uso\/\" \/>\n<meta property=\"og:site_name\" content=\"Agco Connect\" \/>\n<meta property=\"article:modified_time\" content=\"2019-12-05T06:22:17+00:00\" \/>\n<meta property=\"og:image\" content=\"https:\/\/get.agcoconnect.com\/assets\/files\/2019\/01\/AGCO-Connect-SC-Valtra-hero-pixilation-red-3.jpg\" \/>\n\t<meta property=\"og:image:width\" content=\"1600\" \/>\n\t<meta property=\"og:image:height\" content=\"900\" \/>\n\t<meta property=\"og:image:type\" content=\"image\/jpeg\" \/>\n<meta name=\"twitter:card\" content=\"summary_large_image\" \/>\n<meta name=\"twitter:label1\" content=\"Tiempo de lectura\" \/>\n\t<meta name=\"twitter:data1\" content=\"5 minutos\" \/>\n<script type=\"application\/ld+json\" class=\"yoast-schema-graph\">{\"@context\":\"https:\/\/schema.org\",\"@graph\":[{\"@type\":\"WebPage\",\"@id\":\"https:\/\/get.agcoconnect.com\/es\/terminos-de-uso\/\",\"url\":\"https:\/\/get.agcoconnect.com\/es\/terminos-de-uso\/\",\"name\":\"T\u00e9rminos de uso - Agco Connect\",\"isPartOf\":{\"@id\":\"https:\/\/get.agcoconnect.com\/#website\"},\"primaryImageOfPage\":{\"@id\":\"https:\/\/get.agcoconnect.com\/es\/terminos-de-uso\/#primaryimage\"},\"image\":{\"@id\":\"https:\/\/get.agcoconnect.com\/es\/terminos-de-uso\/#primaryimage\"},\"thumbnailUrl\":\"https:\/\/get.agcoconnect.com\/assets\/files\/2019\/01\/AGCO-Connect-SC-Valtra-hero-pixilation-red-3.jpg\",\"datePublished\":\"2018-12-21T09:53:45+00:00\",\"dateModified\":\"2019-12-05T06:22:17+00:00\",\"breadcrumb\":{\"@id\":\"https:\/\/get.agcoconnect.com\/es\/terminos-de-uso\/#breadcrumb\"},\"inLanguage\":\"es\",\"potentialAction\":[{\"@type\":\"ReadAction\",\"target\":[\"https:\/\/get.agcoconnect.com\/es\/terminos-de-uso\/\"]}]},{\"@type\":\"ImageObject\",\"inLanguage\":\"es\",\"@id\":\"https:\/\/get.agcoconnect.com\/es\/terminos-de-uso\/#primaryimage\",\"url\":\"https:\/\/get.agcoconnect.com\/assets\/files\/2019\/01\/AGCO-Connect-SC-Valtra-hero-pixilation-red-3.jpg\",\"contentUrl\":\"https:\/\/get.agcoconnect.com\/assets\/files\/2019\/01\/AGCO-Connect-SC-Valtra-hero-pixilation-red-3.jpg\",\"width\":1600,\"height\":900},{\"@type\":\"BreadcrumbList\",\"@id\":\"https:\/\/get.agcoconnect.com\/es\/terminos-de-uso\/#breadcrumb\",\"itemListElement\":[{\"@type\":\"ListItem\",\"position\":1,\"name\":\"Home\",\"item\":\"https:\/\/get.agcoconnect.com\/es\/\"},{\"@type\":\"ListItem\",\"position\":2,\"name\":\"T\u00e9rminos de uso\"}]},{\"@type\":\"WebSite\",\"@id\":\"https:\/\/get.agcoconnect.com\/#website\",\"url\":\"https:\/\/get.agcoconnect.com\/\",\"name\":\"Agco Connect\",\"description\":\"\",\"potentialAction\":[{\"@type\":\"SearchAction\",\"target\":{\"@type\":\"EntryPoint\",\"urlTemplate\":\"https:\/\/get.agcoconnect.com\/?s={search_term_string}\"},\"query-input\":{\"@type\":\"PropertyValueSpecification\",\"valueRequired\":true,\"valueName\":\"search_term_string\"}}],\"inLanguage\":\"es\"}]}<\/script>\n<!-- \/ Yoast SEO plugin. -->","yoast_head_json":{"title":"T\u00e9rminos de uso - Agco Connect","robots":{"index":"index","follow":"follow","max-snippet":"max-snippet:-1","max-image-preview":"max-image-preview:large","max-video-preview":"max-video-preview:-1"},"canonical":"https:\/\/get.agcoconnect.com\/es\/terminos-de-uso\/","og_locale":"es_ES","og_type":"article","og_title":"T\u00e9rminos de uso - Agco Connect","og_description":"Este sitio web de AGCO se le ofrece seg\u00fan los t\u00e9rminos que se indican a continuaci\u00f3n. Su acceso y uso de este sitio web constituye la aceptaci\u00f3n de estos t\u00e9rminos. Si no acepta estos t\u00e9rminos, no debe utilizar nuestro sitio web. Nuestra Declaraci\u00f3n de privacidad tambi\u00e9n puede aplicarse al uso que haga de nuestro sitio [&hellip;]","og_url":"https:\/\/get.agcoconnect.com\/es\/terminos-de-uso\/","og_site_name":"Agco Connect","article_modified_time":"2019-12-05T06:22:17+00:00","og_image":[{"width":1600,"height":900,"url":"https:\/\/get.agcoconnect.com\/assets\/files\/2019\/01\/AGCO-Connect-SC-Valtra-hero-pixilation-red-3.jpg","type":"image\/jpeg"}],"twitter_card":"summary_large_image","twitter_misc":{"Tiempo de lectura":"5 minutos"},"schema":{"@context":"https:\/\/schema.org","@graph":[{"@type":"WebPage","@id":"https:\/\/get.agcoconnect.com\/es\/terminos-de-uso\/","url":"https:\/\/get.agcoconnect.com\/es\/terminos-de-uso\/","name":"T\u00e9rminos de uso - Agco Connect","isPartOf":{"@id":"https:\/\/get.agcoconnect.com\/#website"},"primaryImageOfPage":{"@id":"https:\/\/get.agcoconnect.com\/es\/terminos-de-uso\/#primaryimage"},"image":{"@id":"https:\/\/get.agcoconnect.com\/es\/terminos-de-uso\/#primaryimage"},"thumbnailUrl":"https:\/\/get.agcoconnect.com\/assets\/files\/2019\/01\/AGCO-Connect-SC-Valtra-hero-pixilation-red-3.jpg","datePublished":"2018-12-21T09:53:45+00:00","dateModified":"2019-12-05T06:22:17+00:00","breadcrumb":{"@id":"https:\/\/get.agcoconnect.com\/es\/terminos-de-uso\/#breadcrumb"},"inLanguage":"es","potentialAction":[{"@type":"ReadAction","target":["https:\/\/get.agcoconnect.com\/es\/terminos-de-uso\/"]}]},{"@type":"ImageObject","inLanguage":"es","@id":"https:\/\/get.agcoconnect.com\/es\/terminos-de-uso\/#primaryimage","url":"https:\/\/get.agcoconnect.com\/assets\/files\/2019\/01\/AGCO-Connect-SC-Valtra-hero-pixilation-red-3.jpg","contentUrl":"https:\/\/get.agcoconnect.com\/assets\/files\/2019\/01\/AGCO-Connect-SC-Valtra-hero-pixilation-red-3.jpg","width":1600,"height":900},{"@type":"BreadcrumbList","@id":"https:\/\/get.agcoconnect.com\/es\/terminos-de-uso\/#breadcrumb","itemListElement":[{"@type":"ListItem","position":1,"name":"Home","item":"https:\/\/get.agcoconnect.com\/es\/"},{"@type":"ListItem","position":2,"name":"T\u00e9rminos de uso"}]},{"@type":"WebSite","@id":"https:\/\/get.agcoconnect.com\/#website","url":"https:\/\/get.agcoconnect.com\/","name":"Agco Connect","description":"","potentialAction":[{"@type":"SearchAction","target":{"@type":"EntryPoint","urlTemplate":"https:\/\/get.agcoconnect.com\/?s={search_term_string}"},"query-input":{"@type":"PropertyValueSpecification","valueRequired":true,"valueName":"search_term_string"}}],"inLanguage":"es"}]}},"_links":{"self":[{"href":"https:\/\/get.agcoconnect.com\/es\/wp-json\/wp\/v2\/pages\/2431","targetHints":{"allow":["GET"]}}],"collection":[{"href":"https:\/\/get.agcoconnect.com\/es\/wp-json\/wp\/v2\/pages"}],"about":[{"href":"https:\/\/get.agcoconnect.com\/es\/wp-json\/wp\/v2\/types\/page"}],"author":[{"embeddable":true,"href":"https:\/\/get.agcoconnect.com\/es\/wp-json\/wp\/v2\/users\/2"}],"replies":[{"embeddable":true,"href":"https:\/\/get.agcoconnect.com\/es\/wp-json\/wp\/v2\/comments?post=2431"}],"version-history":[{"count":1,"href":"https:\/\/get.agcoconnect.com\/es\/wp-json\/wp\/v2\/pages\/2431\/revisions"}],"predecessor-version":[{"id":2792,"href":"https:\/\/get.agcoconnect.com\/es\/wp-json\/wp\/v2\/pages\/2431\/revisions\/2792"}],"wp:featuredmedia":[{"embeddable":true,"href":"https:\/\/get.agcoconnect.com\/es\/wp-json\/wp\/v2\/media\/2239"}],"wp:attachment":[{"href":"https:\/\/get.agcoconnect.com\/es\/wp-json\/wp\/v2\/media?parent=2431"}],"curies":[{"name":"wp","href":"https:\/\/api.w.org\/{rel}","templated":true}]}}