{"id":2432,"date":"2018-12-21T09:53:45","date_gmt":"2018-12-21T09:53:45","guid":{"rendered":"http:\/\/get.agcoconnect.com\/terms-of-use\/"},"modified":"2019-12-09T07:18:33","modified_gmt":"2019-12-09T07:18:33","slug":"terms-of-use","status":"publish","type":"page","link":"https:\/\/get.agcoconnect.com\/es-xl\/terms-of-use\/","title":{"rendered":"Condiciones de uso"},"content":{"rendered":"<p>Este sitio web de AGCO se le ofrece en los t\u00e9rminos establecidos a continuaci\u00f3n. Su acceso y uso de este sitio web constituye la aceptaci\u00f3n de estos t\u00e9rminos. Si no est\u00e1 de acuerdo con estos t\u00e9rminos, no debe usar nuestro sitio web. Nuestra Declaraci\u00f3n de privacidad tambi\u00e9n puede aplicarse a su uso de nuestro sitio web. La Declaraci\u00f3n de privacidad establece los t\u00e9rminos en los que procesamos sus datos personales que recopilamos o que nos proporciona. Al utilizar nuestro sitio web, usted acepta dicho procesamiento.<\/p>\n<p>No debe hacer un mal uso de nuestro sitio al introducir a sabiendas virus, troyanos, gusanos, bombas l\u00f3gicas u otro material malicioso o tecnol\u00f3gicamente da\u00f1ino. No debe intentar obtener acceso no autorizado a nuestro sitio, al servidor en el que est\u00e1 almacenado nuestro sitio ni a ning\u00fan servidor, computadora o base de datos conectado a nuestro sitio. No debe atacar nuestro sitio a trav\u00e9s de un ataque de denegaci\u00f3n de servicio o un ataque distribuido de denegaci\u00f3n de servicio. Al acceder a este sitio web, usted acepta expresamente la supervisi\u00f3n administrativa en todos los momentos relevantes. La evidencia de cualquier posible actividad criminal identificada durante dicho monitoreo puede ser proporcionada a las autoridades apropiadas. Si no da su consentimiento para dicho monitoreo, salga de este sitio web de inmediato.<\/p>\n<p>Los derechos, t\u00edtulos e intereses de todos los derechos de autor en cualquier texto de software o gr\u00e1ficos dentro de este sitio web son propiedad o est\u00e1n bajo licencia de AGCO. No se permite la publicaci\u00f3n, copia o distribuci\u00f3n del material incluido en este sitio web sin el consentimiento por escrito de AGCO.<\/p>\n<p>El nombre de AGCO o las marcas de AGCO (incluidos Challenger, Fella, Fendt, Fuse, Gleaner, GSI, Massey Ferguson y Valtra) o los logotipos de las marcas de AGCO no se pueden usar en publicidad o aviso publicitario ni se pueden distribuir sin un permiso previo espec\u00edfico por escrito de AGCO o seg\u00fan lo dispuesto en el acuerdo de concesionario o distribuidor apropiado celebrado con una empresa AGCO.<\/p>\n<p>Nada de lo contenido en este sitio web se interpretar\u00e1 como el otorgamiento de una licencia o derecho de uso de ninguna patente o marca registrada de AGCO sin el permiso por escrito de AGCO o de un tercero que pueda poseer patentes o marcas registradas. Cualquier pregunta relacionada con el uso de patentes o marcas comerciales o si un art\u00edculo es una marca registrada de AGCO debe remitirse a AGCO.<\/p>\n<p>El contenido de nuestro sitio web se proporciona solo para informaci\u00f3n general. No pretende ser un consejo en el que debe confiar. Hacemos esfuerzos razonables para garantizar que la informaci\u00f3n contenida en este sitio web sea lo m\u00e1s precisa, completa y actualizada posible. Sin embargo, pueden existir imprecisiones, errores u omisiones en el sitio web por el cual AGCO renuncia a cualquier responsabilidad u obligaci\u00f3n. Estos t\u00e9rminos e informaci\u00f3n en el sitio web pueden modificarse ocasionalmente. Cada vez que desee utilizar nuestro sitio, verifique estos t\u00e9rminos para asegurarse de que comprende los t\u00e9rminos que se aplican en ese momento. La informaci\u00f3n sobre AGCO o los productos de AGCO es solo ilustrativa y no se debe confiar en ella. En la mayor medida permitida por la ley, en ning\u00fan caso ninguna empresa de AGCO ser\u00e1 responsable de ning\u00fan da\u00f1o especial, indirecto o consecuente (incluida la p\u00e9rdida de ganancias o ingresos), ya sea en un contrato, negligencia u otra acci\u00f3n tortuosa, que surja de o en conexi\u00f3n con el uso, mal uso o rendimiento de este sitio web o de cualquier informaci\u00f3n, falta de informaci\u00f3n, documentos, software u otro material obtenido a trav\u00e9s de las p\u00e1ginas web de AGCO.<\/p>\n<p>Salvo lo expresamente permitido por AGCO, ninguna informaci\u00f3n contenida en bases de datos dentro de este sitio puede ser reproducida o distribuida por usted de ninguna forma y no est\u00e1 autorizado a extraer informaci\u00f3n personal sobre individuos para su uso personal o comercial.<\/p>\n<p>Este sitio web puede contener enlaces a sitios web de terceros. Estos enlaces se proporcionan solo para su conveniencia. Dichos sitios vinculados no est\u00e1n bajo el control o influencia de AGCO. AGCO no asume ninguna responsabilidad u obligaci\u00f3n por el contenido de ning\u00fan sitio vinculado de terceros o cualquier enlace contenido en un sitio vinculado. La inclusi\u00f3n de cualquier enlace no implica necesariamente la aprobaci\u00f3n por parte de AGCO de las entidades vinculadas, el sitio vinculado o los productos o servicios contenidos en cualquier sitio vinculado.<\/p>\n<p>No garantizamos que nuestro sitio sea seguro o libre de errores o virus o que siempre estar\u00e1 disponible con acceso ininterrumpido. AGCO no asume ninguna responsabilidad y no ser\u00e1 responsable de ning\u00fan da\u00f1o o virus que afecten a su equipo inform\u00e1tico, software, datos u otra propiedad, a causa de su acceso a este sitio web o la descarga de cualquier material, datos, texto, im\u00e1genes, video o audio de \u00e9l.<\/p>\n<p>Tomar\u00e1 todas las medidas necesarias para garantizar que los datos, los detalles financieros o la informaci\u00f3n comercialmente sensible que se origine o pertenezca a AGCO que entre en su posesi\u00f3n o control a trav\u00e9s del uso de este sitio web est\u00e9n protegidos y tratados de forma confidencial y, en particular, no:<\/p>\n<p>utilizar\u00e1 los datos o la informaci\u00f3n ni reproducir\u00e1 los datos o la informaci\u00f3n en su totalidad o en parte de cualquier forma, excepto seg\u00fan lo autorice AGCO; o<\/p>\n<p>divulgar\u00e1 los datos o la informaci\u00f3n a terceros o personas no autorizadas por AGCO para recibirlos, excepto con el consentimiento previo por escrito de AGCO.<\/p>\n<p>Familiar\u00edcese con los t\u00e9rminos de nuestra <a href=\"https:\/\/www.agcocorp.com\/cookies.html\" target=\"_blank\" rel=\"noopener noreferrer\">Pol\u00edtica de cookies<\/a>, ya que esto se aplica a su uso del sitio web y establece informaci\u00f3n sobre las cookies en nuestro sitio.<\/p>\n","protected":false},"excerpt":{"rendered":"<p>Este sitio web de AGCO se le ofrece en los t\u00e9rminos establecidos a continuaci\u00f3n. Su acceso y uso de este sitio web constituye la aceptaci\u00f3n de estos t\u00e9rminos. Si no est\u00e1 de acuerdo con estos t\u00e9rminos, no debe usar nuestro sitio web. Nuestra Declaraci\u00f3n de privacidad tambi\u00e9n puede aplicarse a su uso de nuestro sitio [&hellip;]<\/p>\n","protected":false},"author":2,"featured_media":2241,"parent":0,"menu_order":0,"comment_status":"closed","ping_status":"closed","template":"","meta":{"_acf_changed":false,"footnotes":""},"class_list":["post-2432","page","type-page","status-publish","has-post-thumbnail","hentry"],"acf":[],"yoast_head":"<!-- This site is optimized with the Yoast SEO plugin v24.2 - https:\/\/yoast.com\/wordpress\/plugins\/seo\/ -->\n<title>Condiciones de uso - Agco Connect<\/title>\n<meta name=\"robots\" content=\"index, follow, max-snippet:-1, max-image-preview:large, max-video-preview:-1\" \/>\n<link rel=\"canonical\" href=\"https:\/\/get.agcoconnect.com\/es-xl\/terms-of-use\/\" \/>\n<meta property=\"og:locale\" content=\"es_ES\" \/>\n<meta property=\"og:type\" content=\"article\" \/>\n<meta property=\"og:title\" content=\"Condiciones de uso - Agco Connect\" \/>\n<meta property=\"og:description\" content=\"Este sitio web de AGCO se le ofrece en los t\u00e9rminos establecidos a continuaci\u00f3n. Su acceso y uso de este sitio web constituye la aceptaci\u00f3n de estos t\u00e9rminos. Si no est\u00e1 de acuerdo con estos t\u00e9rminos, no debe usar nuestro sitio web. Nuestra Declaraci\u00f3n de privacidad tambi\u00e9n puede aplicarse a su uso de nuestro sitio [&hellip;]\" \/>\n<meta property=\"og:url\" content=\"https:\/\/get.agcoconnect.com\/es-xl\/terms-of-use\/\" \/>\n<meta property=\"og:site_name\" content=\"Agco Connect\" \/>\n<meta property=\"article:modified_time\" content=\"2019-12-09T07:18:33+00:00\" \/>\n<meta property=\"og:image\" content=\"https:\/\/get.agcoconnect.com\/assets\/files\/2019\/01\/AGCO-Connect-SC-Valtra-hero-pixilation-red-3.jpg\" \/>\n\t<meta property=\"og:image:width\" content=\"1600\" \/>\n\t<meta property=\"og:image:height\" content=\"900\" \/>\n\t<meta property=\"og:image:type\" content=\"image\/jpeg\" \/>\n<meta name=\"twitter:card\" content=\"summary_large_image\" \/>\n<meta name=\"twitter:label1\" content=\"Est. reading time\" \/>\n\t<meta name=\"twitter:data1\" content=\"5 minutes\" \/>\n<script type=\"application\/ld+json\" class=\"yoast-schema-graph\">{\"@context\":\"https:\/\/schema.org\",\"@graph\":[{\"@type\":\"WebPage\",\"@id\":\"https:\/\/get.agcoconnect.com\/es-xl\/terms-of-use\/\",\"url\":\"https:\/\/get.agcoconnect.com\/es-xl\/terms-of-use\/\",\"name\":\"Condiciones de uso - Agco Connect\",\"isPartOf\":{\"@id\":\"https:\/\/get.agcoconnect.com\/#website\"},\"primaryImageOfPage\":{\"@id\":\"https:\/\/get.agcoconnect.com\/es-xl\/terms-of-use\/#primaryimage\"},\"image\":{\"@id\":\"https:\/\/get.agcoconnect.com\/es-xl\/terms-of-use\/#primaryimage\"},\"thumbnailUrl\":\"https:\/\/get.agcoconnect.com\/assets\/files\/2019\/01\/AGCO-Connect-SC-Valtra-hero-pixilation-red-3.jpg\",\"datePublished\":\"2018-12-21T09:53:45+00:00\",\"dateModified\":\"2019-12-09T07:18:33+00:00\",\"breadcrumb\":{\"@id\":\"https:\/\/get.agcoconnect.com\/es-xl\/terms-of-use\/#breadcrumb\"},\"inLanguage\":\"es-XL\",\"potentialAction\":[{\"@type\":\"ReadAction\",\"target\":[\"https:\/\/get.agcoconnect.com\/es-xl\/terms-of-use\/\"]}]},{\"@type\":\"ImageObject\",\"inLanguage\":\"es-XL\",\"@id\":\"https:\/\/get.agcoconnect.com\/es-xl\/terms-of-use\/#primaryimage\",\"url\":\"https:\/\/get.agcoconnect.com\/assets\/files\/2019\/01\/AGCO-Connect-SC-Valtra-hero-pixilation-red-3.jpg\",\"contentUrl\":\"https:\/\/get.agcoconnect.com\/assets\/files\/2019\/01\/AGCO-Connect-SC-Valtra-hero-pixilation-red-3.jpg\",\"width\":1600,\"height\":900},{\"@type\":\"BreadcrumbList\",\"@id\":\"https:\/\/get.agcoconnect.com\/es-xl\/terms-of-use\/#breadcrumb\",\"itemListElement\":[{\"@type\":\"ListItem\",\"position\":1,\"name\":\"Home\",\"item\":\"https:\/\/get.agcoconnect.com\/es-xl\/\"},{\"@type\":\"ListItem\",\"position\":2,\"name\":\"Condiciones de uso\"}]},{\"@type\":\"WebSite\",\"@id\":\"https:\/\/get.agcoconnect.com\/#website\",\"url\":\"https:\/\/get.agcoconnect.com\/\",\"name\":\"Agco Connect\",\"description\":\"\",\"potentialAction\":[{\"@type\":\"SearchAction\",\"target\":{\"@type\":\"EntryPoint\",\"urlTemplate\":\"https:\/\/get.agcoconnect.com\/?s={search_term_string}\"},\"query-input\":{\"@type\":\"PropertyValueSpecification\",\"valueRequired\":true,\"valueName\":\"search_term_string\"}}],\"inLanguage\":\"es-XL\"}]}<\/script>\n<!-- \/ Yoast SEO plugin. -->","yoast_head_json":{"title":"Condiciones de uso - Agco Connect","robots":{"index":"index","follow":"follow","max-snippet":"max-snippet:-1","max-image-preview":"max-image-preview:large","max-video-preview":"max-video-preview:-1"},"canonical":"https:\/\/get.agcoconnect.com\/es-xl\/terms-of-use\/","og_locale":"es_ES","og_type":"article","og_title":"Condiciones de uso - Agco Connect","og_description":"Este sitio web de AGCO se le ofrece en los t\u00e9rminos establecidos a continuaci\u00f3n. Su acceso y uso de este sitio web constituye la aceptaci\u00f3n de estos t\u00e9rminos. Si no est\u00e1 de acuerdo con estos t\u00e9rminos, no debe usar nuestro sitio web. Nuestra Declaraci\u00f3n de privacidad tambi\u00e9n puede aplicarse a su uso de nuestro sitio [&hellip;]","og_url":"https:\/\/get.agcoconnect.com\/es-xl\/terms-of-use\/","og_site_name":"Agco Connect","article_modified_time":"2019-12-09T07:18:33+00:00","og_image":[{"width":1600,"height":900,"url":"https:\/\/get.agcoconnect.com\/assets\/files\/2019\/01\/AGCO-Connect-SC-Valtra-hero-pixilation-red-3.jpg","type":"image\/jpeg"}],"twitter_card":"summary_large_image","twitter_misc":{"Est. reading time":"5 minutes"},"schema":{"@context":"https:\/\/schema.org","@graph":[{"@type":"WebPage","@id":"https:\/\/get.agcoconnect.com\/es-xl\/terms-of-use\/","url":"https:\/\/get.agcoconnect.com\/es-xl\/terms-of-use\/","name":"Condiciones de uso - Agco Connect","isPartOf":{"@id":"https:\/\/get.agcoconnect.com\/#website"},"primaryImageOfPage":{"@id":"https:\/\/get.agcoconnect.com\/es-xl\/terms-of-use\/#primaryimage"},"image":{"@id":"https:\/\/get.agcoconnect.com\/es-xl\/terms-of-use\/#primaryimage"},"thumbnailUrl":"https:\/\/get.agcoconnect.com\/assets\/files\/2019\/01\/AGCO-Connect-SC-Valtra-hero-pixilation-red-3.jpg","datePublished":"2018-12-21T09:53:45+00:00","dateModified":"2019-12-09T07:18:33+00:00","breadcrumb":{"@id":"https:\/\/get.agcoconnect.com\/es-xl\/terms-of-use\/#breadcrumb"},"inLanguage":"es-XL","potentialAction":[{"@type":"ReadAction","target":["https:\/\/get.agcoconnect.com\/es-xl\/terms-of-use\/"]}]},{"@type":"ImageObject","inLanguage":"es-XL","@id":"https:\/\/get.agcoconnect.com\/es-xl\/terms-of-use\/#primaryimage","url":"https:\/\/get.agcoconnect.com\/assets\/files\/2019\/01\/AGCO-Connect-SC-Valtra-hero-pixilation-red-3.jpg","contentUrl":"https:\/\/get.agcoconnect.com\/assets\/files\/2019\/01\/AGCO-Connect-SC-Valtra-hero-pixilation-red-3.jpg","width":1600,"height":900},{"@type":"BreadcrumbList","@id":"https:\/\/get.agcoconnect.com\/es-xl\/terms-of-use\/#breadcrumb","itemListElement":[{"@type":"ListItem","position":1,"name":"Home","item":"https:\/\/get.agcoconnect.com\/es-xl\/"},{"@type":"ListItem","position":2,"name":"Condiciones de uso"}]},{"@type":"WebSite","@id":"https:\/\/get.agcoconnect.com\/#website","url":"https:\/\/get.agcoconnect.com\/","name":"Agco Connect","description":"","potentialAction":[{"@type":"SearchAction","target":{"@type":"EntryPoint","urlTemplate":"https:\/\/get.agcoconnect.com\/?s={search_term_string}"},"query-input":{"@type":"PropertyValueSpecification","valueRequired":true,"valueName":"search_term_string"}}],"inLanguage":"es-XL"}]}},"_links":{"self":[{"href":"https:\/\/get.agcoconnect.com\/es-xl\/wp-json\/wp\/v2\/pages\/2432","targetHints":{"allow":["GET"]}}],"collection":[{"href":"https:\/\/get.agcoconnect.com\/es-xl\/wp-json\/wp\/v2\/pages"}],"about":[{"href":"https:\/\/get.agcoconnect.com\/es-xl\/wp-json\/wp\/v2\/types\/page"}],"author":[{"embeddable":true,"href":"https:\/\/get.agcoconnect.com\/es-xl\/wp-json\/wp\/v2\/users\/2"}],"replies":[{"embeddable":true,"href":"https:\/\/get.agcoconnect.com\/es-xl\/wp-json\/wp\/v2\/comments?post=2432"}],"version-history":[{"count":1,"href":"https:\/\/get.agcoconnect.com\/es-xl\/wp-json\/wp\/v2\/pages\/2432\/revisions"}],"predecessor-version":[{"id":3262,"href":"https:\/\/get.agcoconnect.com\/es-xl\/wp-json\/wp\/v2\/pages\/2432\/revisions\/3262"}],"wp:featuredmedia":[{"embeddable":true,"href":"https:\/\/get.agcoconnect.com\/es-xl\/wp-json\/wp\/v2\/media\/2241"}],"wp:attachment":[{"href":"https:\/\/get.agcoconnect.com\/es-xl\/wp-json\/wp\/v2\/media?parent=2432"}],"curies":[{"name":"wp","href":"https:\/\/api.w.org\/{rel}","templated":true}]}}