{"id":1948,"date":"2019-11-11T06:33:33","date_gmt":"2019-11-11T06:33:33","guid":{"rendered":"http:\/\/get.agcoconnect.com\/nutzungsbedingungen\/"},"modified":"2019-11-11T11:28:35","modified_gmt":"2019-11-11T11:28:35","slug":"nutzungsbedingungen","status":"publish","type":"page","link":"https:\/\/get.agcoconnect.com\/de\/nutzungsbedingungen\/","title":{"rendered":"Nutzungsbedingungen"},"content":{"rendered":"<p>Diese AGCO Website wird Ihnen zu den unten aufgef\u00fchrten Bedingungen angeboten. Durch Ihren Zugriff auf diese Website und Ihre Nutzung dieser Website erkl\u00e4ren Sie sich mit diesen Bedingungen einverstanden. Wenn Sie diesen Bedingungen nicht zustimmen, d\u00fcrfen Sie unsere Website nicht nutzen. Unsere Datenschutzerkl\u00e4rung kann auch f\u00fcr Ihre Nutzung unserer Website gelten. In der Datenschutzerkl\u00e4rung sind die Bedingungen festgelegt, zu denen wir personenbezogene Daten verarbeiten, die wir von Ihnen erfassen oder die Sie uns zur Verf\u00fcgung stellen. Durch die Nutzung unserer Website stimmen Sie dieser Verarbeitung zu.<\/p>\n<p>Sie d\u00fcrfen unsere Website nicht missbr\u00e4uchlich verwenden, indem Sie wissentlich Viren, Trojaner, W\u00fcrmer, Logikbomben oder anderes Material einf\u00fchren, das b\u00f6swillig oder technisch sch\u00e4dlich ist. Sie d\u00fcrfen nicht versuchen, unberechtigt auf unsere Website, den Server, auf dem unsere Website gespeichert ist, oder einen Server, Computer oder eine Datenbank zuzugreifen, der\/die mit unserer Website verbunden ist. Sie d\u00fcrfen unsere Website nicht durch einen Denial-of-Service-Angriff oder einen verteilten Denial-of-Service-Angriff angreifen. Durch den Zugriff auf diese Website erkl\u00e4ren Sie sich ausdr\u00fccklich mit der administrativen \u00dcberwachung zu allen relevanten Zeiten einverstanden. Nachweise \u00fcber m\u00f6gliche kriminelle Aktivit\u00e4ten, die w\u00e4hrend einer solchen \u00dcberwachung identifiziert wurden, k\u00f6nnen den entsprechenden Beh\u00f6rden vorgelegt werden. Wenn Sie dieser \u00dcberwachung nicht zustimmen, verlassen Sie diese Website bitte umgehend.<\/p>\n<p>Die Rechte, Eigentumsrechte und Anspr\u00fcche an allen Urheberrechten an Softwaretext oder -grafiken auf dieser Website sind Eigentum von AGCO oder werden von AGCO lizenziert. Ohne schriftliche Zustimmung von AGCO sind Ver\u00f6ffentlichung, Kopieren und Verteilung des auf dieser Website enthaltenen Materials nicht gestattet.<\/p>\n<p>Der Name AGCO oder die Namen von AGCO Marken (einschlie\u00dflich Challenger, Fella, Fendt, Fuse, Gleaner, GSI, Massey Ferguson und Valtra) oder die Logos der AGCO Marken d\u00fcrfen ohne eine spezifische, vorherige schriftliche Genehmigung von AGCO oder gem\u00e4\u00df dem entsprechenden H\u00e4ndler- oder Vertriebsvertrag, der mit einem AGCO Unternehmen abgeschlossen wurde, nicht in Werbung oder \u00d6ffentlichkeitsarbeit verwendet oder anderweitig verteilt werden.<\/p>\n<p>Nichts auf dieser Website ist so auszulegen, dass ohne schriftliche Genehmigung von AGCO oder einer Drittpartei, die Inhaber von Patenten oder Marken ist, eine Lizenz oder ein Recht zur Nutzung von Patenten oder Marken von AGCO gew\u00e4hrt wird. Alle Fragen zur Verwendung von Patenten oder Marken oder ob ein Gegenstand eine Marke von AGCO ist, sind an AGCO zu richten.<\/p>\n<p>Die Inhalte unserer Website sind lediglich als allgemeine Informationen vorgesehen. Sie sind nicht darauf ausgelegt, Ratschl\u00e4ge zu geben, auf die Sie sich verlassen sollten. Wir unternehmen angemessene Anstrengungen, um sicherzustellen, dass die auf dieser Website enthaltenen Informationen so genau, vollst\u00e4ndig und so aktuell wie m\u00f6glich sind. Ungenauigkeiten, Fehler oder Auslassungen k\u00f6nnen jedoch auf der Website enthalten sein, f\u00fcr die AGCO keinerlei Verantwortung oder Haftung \u00fcbernimmt. Diese Nutzungsbedingungen und Informationen auf der Website k\u00f6nnen von Zeit zu Zeit ge\u00e4ndert werden. \u00dcberpr\u00fcfen Sie bei jeder Nutzung unserer Website diese Bedingungen, um sicherzustellen, dass Sie die zu diesem Zeitpunkt geltenden Bedingungen verstehen. Informationen \u00fcber AGCO oder AGCO Produkte dienen nur der Veranschaulichung und sollten nicht als verl\u00e4ssliche Informationen herangezogen werden. Soweit gesetzlich zul\u00e4ssig, haftet kein AGCO Unternehmen f\u00fcr besondere, indirekte oder Folgesch\u00e4den (einschlie\u00dflich entgangener Gewinne oder Einnahmen), unabh\u00e4ngig davon, ob es sich um einen Vertrag, eine Fahrl\u00e4ssigkeit oder eine andere unerlaubte Handlung handelt, die sich aus oder in Verbindung mit Nutzung, Missbrauch oder Leistung dieser Website oder aus Informationen, fehlenden Informationen, Dokumenten, Software oder anderem Material ergeben, das \u00fcber AGCO Webseiten bezogen wird.<\/p>\n<p>Soweit von AGCO nicht ausdr\u00fccklich gestattet, d\u00fcrfen keine Informationen, die sich in Datenbanken auf dieser Website befinden, von Ihnen in irgendeiner Form vervielf\u00e4ltigt oder verteilt werden, und Sie sind nicht berechtigt, personenbezogene Daten \u00fcber Einzelpersonen f\u00fcr Ihre eigene private oder kommerzielle Nutzung zu extrahieren.<\/p>\n<p>Diese Website enth\u00e4lt m\u00f6glicherweise Links zu Websites von Drittanbietern. Diese Links werden Ihnen nur aus Zweckm\u00e4\u00dfigkeitsgr\u00fcnden zur Verf\u00fcgung gestellt. Diese verkn\u00fcpften Websites unterliegen nicht der Kontrolle oder dem Einfluss von AGCO. AGCO \u00fcbernimmt keine Verantwortung oder Haftung f\u00fcr den Inhalt von verkn\u00fcpften Websites Dritter oder f\u00fcr Links auf verkn\u00fcpften Websites. Die Einbeziehung eines Links bedeutet nicht unbedingt, dass AGCO die verkn\u00fcpften Entit\u00e4ten, verkn\u00fcpften Websites oder Produkte oder Dienstleistungen auf verkn\u00fcpften Websites bef\u00fcrwortet.<\/p>\n<p>Wir k\u00f6nnen nicht garantieren, dass unsere Website sicher oder frei von Bugs oder Viren ist oder dass sie immer mit ununterbrochenem Zugriff verf\u00fcgbar ist. AGCO \u00fcbernimmt keine Verantwortung und haftet nicht f\u00fcr Sch\u00e4den oder Viren, die Ihre Computerausr\u00fcstung, Software, Daten oder anderes Eigentum aufgrund Ihres Zugriffs auf diese Website oder des Herunterladens von Materialien, Daten, Text, Bildern, Video oder Audio von ihr betreffen.<\/p>\n<p>Sie werden alle notwendigen Schritte unternehmen, um sicherzustellen, dass Daten, finanzielle Details oder vertrauliche Informationen, die von AGCO stammen oder AGCO geh\u00f6ren, die durch die Nutzung dieser Website in Ihren Besitz gelangen oder von Ihnen kontrolliert werden, gesch\u00fctzt und vertraulich behandelt werden. Insbesondere d\u00fcrfen Sie nicht:<\/p>\n<p>Die Daten oder Informationen verwenden oder die Daten bzw. Informationen ganz oder teilweise in irgendeiner Form zu reproduzieren, es sei denn, dies wird von AGCO genehmigt; oder<\/p>\n<p>die Daten oder Informationen an Dritte oder Personen weitergeben, die nicht von AGCO dazu autorisiert wurden, sie zu erhalten, au\u00dfer mit vorheriger schriftlicher Zustimmung von AGCO.<\/p>\n<p>Bitte machen Sie sich mit den Bedingungen unserer <a href=\"https:\/\/www.agcocorp.com\/cookies.html\" target=\"_blank\" rel=\"noopener noreferrer\">Cookie-Richtlinie vertraut<\/a>, da diese f\u00fcr Ihre Nutzung der Website gilt und Informationen zu den Cookies auf unserer Website enth\u00e4lt.<\/p>\n","protected":false},"excerpt":{"rendered":"<p>Diese AGCO Website wird Ihnen zu den unten aufgef\u00fchrten Bedingungen angeboten. Durch Ihren Zugriff auf diese Website und Ihre Nutzung dieser Website erkl\u00e4ren Sie sich mit diesen Bedingungen einverstanden. Wenn Sie diesen Bedingungen nicht zustimmen, d\u00fcrfen Sie unsere Website nicht nutzen. Unsere Datenschutzerkl\u00e4rung kann auch f\u00fcr Ihre Nutzung unserer Website gelten. In der Datenschutzerkl\u00e4rung sind [&hellip;]<\/p>\n","protected":false},"author":2,"featured_media":1725,"parent":0,"menu_order":0,"comment_status":"closed","ping_status":"closed","template":"","meta":{"_acf_changed":false,"footnotes":""},"class_list":["post-1948","page","type-page","status-publish","has-post-thumbnail","hentry"],"acf":[],"yoast_head":"<!-- This site is optimized with the Yoast SEO plugin v24.2 - https:\/\/yoast.com\/wordpress\/plugins\/seo\/ -->\n<title>Nutzungsbedingungen - Agco Connect<\/title>\n<meta name=\"robots\" content=\"index, follow, max-snippet:-1, max-image-preview:large, max-video-preview:-1\" \/>\n<link rel=\"canonical\" href=\"https:\/\/get.agcoconnect.com\/de\/nutzungsbedingungen\/\" \/>\n<meta property=\"og:locale\" content=\"de_DE\" \/>\n<meta property=\"og:type\" content=\"article\" \/>\n<meta property=\"og:title\" content=\"Nutzungsbedingungen - Agco Connect\" \/>\n<meta property=\"og:description\" content=\"Diese AGCO Website wird Ihnen zu den unten aufgef\u00fchrten Bedingungen angeboten. Durch Ihren Zugriff auf diese Website und Ihre Nutzung dieser Website erkl\u00e4ren Sie sich mit diesen Bedingungen einverstanden. Wenn Sie diesen Bedingungen nicht zustimmen, d\u00fcrfen Sie unsere Website nicht nutzen. Unsere Datenschutzerkl\u00e4rung kann auch f\u00fcr Ihre Nutzung unserer Website gelten. In der Datenschutzerkl\u00e4rung sind [&hellip;]\" \/>\n<meta property=\"og:url\" content=\"https:\/\/get.agcoconnect.com\/de\/nutzungsbedingungen\/\" \/>\n<meta property=\"og:site_name\" content=\"Agco Connect\" \/>\n<meta property=\"article:modified_time\" content=\"2019-11-11T11:28:35+00:00\" \/>\n<meta property=\"og:image\" content=\"https:\/\/get.agcoconnect.com\/assets\/files\/2019\/01\/AGCO-Connect-SC-Valtra-hero-pixilation-red-3.jpg\" \/>\n\t<meta property=\"og:image:width\" content=\"1600\" \/>\n\t<meta property=\"og:image:height\" content=\"900\" \/>\n\t<meta property=\"og:image:type\" content=\"image\/jpeg\" \/>\n<meta name=\"twitter:card\" content=\"summary_large_image\" \/>\n<meta name=\"twitter:label1\" content=\"Gesch\u00e4tzte Lesezeit\" \/>\n\t<meta name=\"twitter:data1\" content=\"5\u00a0Minuten\" \/>\n<script type=\"application\/ld+json\" class=\"yoast-schema-graph\">{\"@context\":\"https:\/\/schema.org\",\"@graph\":[{\"@type\":\"WebPage\",\"@id\":\"https:\/\/get.agcoconnect.com\/de\/nutzungsbedingungen\/\",\"url\":\"https:\/\/get.agcoconnect.com\/de\/nutzungsbedingungen\/\",\"name\":\"Nutzungsbedingungen - Agco Connect\",\"isPartOf\":{\"@id\":\"https:\/\/get.agcoconnect.com\/#website\"},\"primaryImageOfPage\":{\"@id\":\"https:\/\/get.agcoconnect.com\/de\/nutzungsbedingungen\/#primaryimage\"},\"image\":{\"@id\":\"https:\/\/get.agcoconnect.com\/de\/nutzungsbedingungen\/#primaryimage\"},\"thumbnailUrl\":\"https:\/\/get.agcoconnect.com\/assets\/files\/2019\/01\/AGCO-Connect-SC-Valtra-hero-pixilation-red-3.jpg\",\"datePublished\":\"2019-11-11T06:33:33+00:00\",\"dateModified\":\"2019-11-11T11:28:35+00:00\",\"breadcrumb\":{\"@id\":\"https:\/\/get.agcoconnect.com\/de\/nutzungsbedingungen\/#breadcrumb\"},\"inLanguage\":\"de\",\"potentialAction\":[{\"@type\":\"ReadAction\",\"target\":[\"https:\/\/get.agcoconnect.com\/de\/nutzungsbedingungen\/\"]}]},{\"@type\":\"ImageObject\",\"inLanguage\":\"de\",\"@id\":\"https:\/\/get.agcoconnect.com\/de\/nutzungsbedingungen\/#primaryimage\",\"url\":\"https:\/\/get.agcoconnect.com\/assets\/files\/2019\/01\/AGCO-Connect-SC-Valtra-hero-pixilation-red-3.jpg\",\"contentUrl\":\"https:\/\/get.agcoconnect.com\/assets\/files\/2019\/01\/AGCO-Connect-SC-Valtra-hero-pixilation-red-3.jpg\",\"width\":1600,\"height\":900},{\"@type\":\"BreadcrumbList\",\"@id\":\"https:\/\/get.agcoconnect.com\/de\/nutzungsbedingungen\/#breadcrumb\",\"itemListElement\":[{\"@type\":\"ListItem\",\"position\":1,\"name\":\"Home\",\"item\":\"https:\/\/get.agcoconnect.com\/de\/\"},{\"@type\":\"ListItem\",\"position\":2,\"name\":\"Nutzungsbedingungen\"}]},{\"@type\":\"WebSite\",\"@id\":\"https:\/\/get.agcoconnect.com\/#website\",\"url\":\"https:\/\/get.agcoconnect.com\/\",\"name\":\"Agco Connect\",\"description\":\"\",\"potentialAction\":[{\"@type\":\"SearchAction\",\"target\":{\"@type\":\"EntryPoint\",\"urlTemplate\":\"https:\/\/get.agcoconnect.com\/?s={search_term_string}\"},\"query-input\":{\"@type\":\"PropertyValueSpecification\",\"valueRequired\":true,\"valueName\":\"search_term_string\"}}],\"inLanguage\":\"de\"}]}<\/script>\n<!-- \/ Yoast SEO plugin. -->","yoast_head_json":{"title":"Nutzungsbedingungen - Agco Connect","robots":{"index":"index","follow":"follow","max-snippet":"max-snippet:-1","max-image-preview":"max-image-preview:large","max-video-preview":"max-video-preview:-1"},"canonical":"https:\/\/get.agcoconnect.com\/de\/nutzungsbedingungen\/","og_locale":"de_DE","og_type":"article","og_title":"Nutzungsbedingungen - Agco Connect","og_description":"Diese AGCO Website wird Ihnen zu den unten aufgef\u00fchrten Bedingungen angeboten. Durch Ihren Zugriff auf diese Website und Ihre Nutzung dieser Website erkl\u00e4ren Sie sich mit diesen Bedingungen einverstanden. Wenn Sie diesen Bedingungen nicht zustimmen, d\u00fcrfen Sie unsere Website nicht nutzen. Unsere Datenschutzerkl\u00e4rung kann auch f\u00fcr Ihre Nutzung unserer Website gelten. In der Datenschutzerkl\u00e4rung sind [&hellip;]","og_url":"https:\/\/get.agcoconnect.com\/de\/nutzungsbedingungen\/","og_site_name":"Agco Connect","article_modified_time":"2019-11-11T11:28:35+00:00","og_image":[{"width":1600,"height":900,"url":"https:\/\/get.agcoconnect.com\/assets\/files\/2019\/01\/AGCO-Connect-SC-Valtra-hero-pixilation-red-3.jpg","type":"image\/jpeg"}],"twitter_card":"summary_large_image","twitter_misc":{"Gesch\u00e4tzte Lesezeit":"5\u00a0Minuten"},"schema":{"@context":"https:\/\/schema.org","@graph":[{"@type":"WebPage","@id":"https:\/\/get.agcoconnect.com\/de\/nutzungsbedingungen\/","url":"https:\/\/get.agcoconnect.com\/de\/nutzungsbedingungen\/","name":"Nutzungsbedingungen - Agco Connect","isPartOf":{"@id":"https:\/\/get.agcoconnect.com\/#website"},"primaryImageOfPage":{"@id":"https:\/\/get.agcoconnect.com\/de\/nutzungsbedingungen\/#primaryimage"},"image":{"@id":"https:\/\/get.agcoconnect.com\/de\/nutzungsbedingungen\/#primaryimage"},"thumbnailUrl":"https:\/\/get.agcoconnect.com\/assets\/files\/2019\/01\/AGCO-Connect-SC-Valtra-hero-pixilation-red-3.jpg","datePublished":"2019-11-11T06:33:33+00:00","dateModified":"2019-11-11T11:28:35+00:00","breadcrumb":{"@id":"https:\/\/get.agcoconnect.com\/de\/nutzungsbedingungen\/#breadcrumb"},"inLanguage":"de","potentialAction":[{"@type":"ReadAction","target":["https:\/\/get.agcoconnect.com\/de\/nutzungsbedingungen\/"]}]},{"@type":"ImageObject","inLanguage":"de","@id":"https:\/\/get.agcoconnect.com\/de\/nutzungsbedingungen\/#primaryimage","url":"https:\/\/get.agcoconnect.com\/assets\/files\/2019\/01\/AGCO-Connect-SC-Valtra-hero-pixilation-red-3.jpg","contentUrl":"https:\/\/get.agcoconnect.com\/assets\/files\/2019\/01\/AGCO-Connect-SC-Valtra-hero-pixilation-red-3.jpg","width":1600,"height":900},{"@type":"BreadcrumbList","@id":"https:\/\/get.agcoconnect.com\/de\/nutzungsbedingungen\/#breadcrumb","itemListElement":[{"@type":"ListItem","position":1,"name":"Home","item":"https:\/\/get.agcoconnect.com\/de\/"},{"@type":"ListItem","position":2,"name":"Nutzungsbedingungen"}]},{"@type":"WebSite","@id":"https:\/\/get.agcoconnect.com\/#website","url":"https:\/\/get.agcoconnect.com\/","name":"Agco Connect","description":"","potentialAction":[{"@type":"SearchAction","target":{"@type":"EntryPoint","urlTemplate":"https:\/\/get.agcoconnect.com\/?s={search_term_string}"},"query-input":{"@type":"PropertyValueSpecification","valueRequired":true,"valueName":"search_term_string"}}],"inLanguage":"de"}]}},"_links":{"self":[{"href":"https:\/\/get.agcoconnect.com\/de\/wp-json\/wp\/v2\/pages\/1948","targetHints":{"allow":["GET"]}}],"collection":[{"href":"https:\/\/get.agcoconnect.com\/de\/wp-json\/wp\/v2\/pages"}],"about":[{"href":"https:\/\/get.agcoconnect.com\/de\/wp-json\/wp\/v2\/types\/page"}],"author":[{"embeddable":true,"href":"https:\/\/get.agcoconnect.com\/de\/wp-json\/wp\/v2\/users\/2"}],"replies":[{"embeddable":true,"href":"https:\/\/get.agcoconnect.com\/de\/wp-json\/wp\/v2\/comments?post=1948"}],"version-history":[{"count":1,"href":"https:\/\/get.agcoconnect.com\/de\/wp-json\/wp\/v2\/pages\/1948\/revisions"}],"predecessor-version":[{"id":1985,"href":"https:\/\/get.agcoconnect.com\/de\/wp-json\/wp\/v2\/pages\/1948\/revisions\/1985"}],"wp:featuredmedia":[{"embeddable":true,"href":"https:\/\/get.agcoconnect.com\/de\/wp-json\/wp\/v2\/media\/1725"}],"wp:attachment":[{"href":"https:\/\/get.agcoconnect.com\/de\/wp-json\/wp\/v2\/media?parent=1948"}],"curies":[{"name":"wp","href":"https:\/\/api.w.org\/{rel}","templated":true}]}}