{"id":6350,"date":"2021-01-14T07:30:08","date_gmt":"2021-01-14T07:30:08","guid":{"rendered":"http:\/\/get.agcoconnect.com\/anvendelsesvilkr\/"},"modified":"2021-01-15T07:38:00","modified_gmt":"2021-01-15T07:38:00","slug":"anvendelsesvilkr","status":"publish","type":"page","link":"https:\/\/get.agcoconnect.com\/da\/anvendelsesvilkr\/","title":{"rendered":"Anvendelsesvilk&aring;r"},"content":{"rendered":"<p>Dette AGCO-websted stilles til r\u00e5dighed for dig p\u00e5 de vilk\u00e5r, der er angivet nedenfor. Din adgang til og brug af dette websted udg\u00f8r accept af disse vilk\u00e5r. Hvis du ikke accepterer disse vilk\u00e5r, m\u00e5 du ikke bruge vores websted. Vores erkl\u00e6ring om beskyttelse af personlige oplysninger kan ogs\u00e5 g\u00e6lde for din brug af vores websted. Erkl\u00e6ringen om beskyttelse af personlige oplysninger indeholder de vilk\u00e5r, i henhold til hvilke vi behandler eventuelle personlige oplysninger, som vi indsamler fra dig, eller som du giver os.<\/p>\n<p>Hvis du bruger vores websted, giver samtidig du dit samtykke til en s\u00e5dan behandling. Du m\u00e5 ikke misbruge vores websted ved bevidst at introducere vira, trojanske heste, orme, logiske bomber eller andet materiale, der er ondsindet eller teknologisk skadeligt. Du m\u00e5 ikke fors\u00f8ge at opn\u00e5 uautoriseret adgang til vores websted, den server, som websted befinder sig p\u00e5, eller nogen server, computer eller database, der er forbundet med vores websted. Du m\u00e5 ikke angribe vores websted via et denial-of-service-angreb eller et distribueret denial-of-service-angreb. Ved at bes\u00f8ge dette websted giver du udtrykkeligt samtykke til administrativ overv\u00e5gning p\u00e5 alle relevante tidspunkter. Beviser for eventuelle kriminelle aktiviteter, der m\u00e5tte blive identificeret under en s\u00e5dan overv\u00e5gning, kan blive udleveret til kompetente myndigheder. Hvis du ikke giver dit samtykke til en s\u00e5dan overv\u00e5gning, skal du straks forlade dette websted. Rettigheder, ejendomsret og interesser i forbindelse med al ophavsret til software, tekst og grafik p\u00e5 dette websted ejes eller haves i licens af AGCO. Offentligg\u00f8relse, kopiering eller distribution af materialet p\u00e5 dette websted er ikke tilladt uden skriftligt samtykke fra AGCO. Navnet p\u00e5 AGCO eller AGCO&#8217;s m\u00e6rker (herunder Challenger, Fella, Fendt, Fuse, Gleaner, GSI, Massey Ferguson og Valtra) og logoerne tilh\u00f8rende AGCO&#8217;s m\u00e6rker m\u00e5 ikke anvendes i annonce- eller reklamemateriale eller p\u00e5 anden m\u00e5de distribueres uden specifik, skriftlig forudg\u00e5ende tilladelse fra AGCO eller som angivet i den relevante forhandler- eller distribut\u00f8raftale, der er indg\u00e5et med et AGCO-firma.<\/p>\n<p>Intet p\u00e5 dette websted skal fortolkes som tildeling af licens eller ret til at bruge patenter eller varem\u00e6rker tilh\u00f8rende AGCO uden skriftlig tilladelse fra AGCO eller en tredjepart, der m\u00e5tte eje viste patenter eller varem\u00e6rker. Alle sp\u00f8rgsm\u00e5l vedr\u00f8rende brug af patenter og varem\u00e6rker, eller hvorvidt et element er et varem\u00e6rke tilh\u00f8rende AGCO skal henvendes til AGCO. Indholdet p\u00e5 vores websted er kun til generel information. Det er ikke meningen, at det skal udg\u00f8re r\u00e5dgivning, som du b\u00f8r stole blindt p\u00e5. Vi g\u00f8r en rimelig indsats for at sikre, at oplysningerne p\u00e5 dette websted er s\u00e5 n\u00f8jagtige, fuldst\u00e6ndige og opdaterede som muligt. Der kan dog forekomme un\u00f8jagtigheder, fejl eller udeladelser p\u00e5 webstedet, for hvilke AGCO fral\u00e6gger sig enhver form for ansvar og h\u00e6ftelse. Disse vilk\u00e5r og oplysningerne p\u00e5 webstedet kan \u00e6ndres fra tid til anden. Hver gang du \u00f8nsker at bruge vores websted, skal du kontrollere disse vilk\u00e5r for at sikre, at du forst\u00e5r de vilk\u00e5r, der g\u00e6lder p\u00e5 det p\u00e5g\u00e6ldende tidspunkt. Oplysninger om AGCO og AGCO&#8217;s produkter er kun vejledende og kan ikke p\u00e5ber\u00e5bes. I det videst mulige omfang, det er tilladt ved lov, h\u00e6fter AGCO under ingen omst\u00e6ndigheder for s\u00e6rlige tab, indirekte tab eller f\u00f8lgetab (herunder tab af fortjeneste eller indt\u00e6gter), det v\u00e6re sig iht. kontrakt, som f\u00f8lge af fors\u00f8mmelighed eller andre erstatningsretlige handlinger, der opst\u00e5r som f\u00f8lge af eller i forbindelse med brug af, misbrug af eller ydeevnen p\u00e5 dette websted eller p\u00e5 grund af oplysninger, manglende oplysninger, dokumenter, software eller andet materiale, der er indhentet via AGCO&#8217;s websider.<\/p>\n<p>Medmindre AGCO udtrykkeligt tillader det, m\u00e5 du ikke gengive eller distribuere oplysninger fra databaser p\u00e5 dette websted i nogen form, og du har ikke tilladelse til at udtr\u00e6kke personlige oplysninger om enkeltpersoner til din egen personlige eller kommercielle brug. Dette websted kan indeholde links til tredjepartswebsteder. Disse links stilles til r\u00e5dighed for dig af praktiske hensyn.<\/p>\n<p>S\u00e5danne websteder, der m\u00e5tte v\u00e6re linket til, har AGCO ikke nogen kontrol over eller indflydelse p\u00e5. AGCO p\u00e5tager sig intet ansvar for indholdet p\u00e5 tredjepartswebsteder, der linkes til, eller links, der findes p\u00e5 et websted, der er linket til. Medtagelsen af et link betyder ikke n\u00f8dvendigvis, at AGCO godkender de juridiske personer, der linkes til; webstedet, der linkes til; eller produkter eller serviceydelser, der m\u00e5tte v\u00e6re indeholdt p\u00e5 et websted, der linkes til. Vi garanterer ikke, at vores websted vil v\u00e6re sikkert eller fri for fejl eller vira, eller at det altid vil v\u00e6re tilg\u00e6ngeligt med uafbrudt adgang.<\/p>\n<p>AGCO p\u00e5tager sig intet ansvar for og h\u00e6fter ikke for eventuelle skader p\u00e5 eller vira, der p\u00e5virker dit computerudstyr, din software, dine data eller anden ejendom p\u00e5 grund af din adgang til dette websted eller download af materialer, data, tekst, billeder, video eller lyd fra det. Du skal tr\u00e6ffe alle n\u00f8dvendige foranstaltninger for at sikre, at data, \u00f8konomiske oplysninger og kommercielt f\u00f8lsomme oplysninger, der stammer fra eller tilh\u00f8rer AGCO, og som du kommer i besiddelse af eller kontrollerer ved brug af dette websted, beskyttes og behandles fortroligt, og i s\u00e6rdeleshed m\u00e5 du ikke:<\/p>\n<p>Bruge dataene eller oplysningerne eller gengive dataene eller oplysningerne helt eller delvist i nogen som helst form ud over i det omfang, det m\u00e5tte v\u00e6re tilladt af AGCO; eller videregive dataene eller oplysningerne til nogen tredjeparter eller personer, der ikke er autoriseret af AGCO til at modtage dem, medmindre dette sker med forudg\u00e5ende skriftlig tilladelse fra AGCO.<\/p>\n<p>G\u00f8r dig bekendt med vilk\u00e5rene i vores<a href=\"https:\/\/www.agcocorp.com\/cookies.html\" target=\"_blank\" rel=\"noopener noreferrer\">cookiepolitik<\/a>, da denne g\u00e6lder for din brug af webstedet og indeholder oplysninger om de cookies, der bruges p\u00e5 vores websted.<\/p>\n","protected":false},"excerpt":{"rendered":"<p>Dette AGCO-websted stilles til r\u00e5dighed for dig p\u00e5 de vilk\u00e5r, der er angivet nedenfor. Din adgang til og brug af dette websted udg\u00f8r accept af disse vilk\u00e5r. Hvis du ikke accepterer disse vilk\u00e5r, m\u00e5 du ikke bruge vores websted. Vores erkl\u00e6ring om beskyttelse af personlige oplysninger kan ogs\u00e5 g\u00e6lde for din brug af vores websted. [&hellip;]<\/p>\n","protected":false},"author":2,"featured_media":5926,"parent":0,"menu_order":0,"comment_status":"closed","ping_status":"closed","template":"","meta":{"_acf_changed":false,"footnotes":""},"class_list":["post-6350","page","type-page","status-publish","has-post-thumbnail","hentry"],"acf":[],"yoast_head":"<!-- This site is optimized with the Yoast SEO plugin v24.2 - https:\/\/yoast.com\/wordpress\/plugins\/seo\/ -->\n<title>Anvendelsesvilk&aring;r - Agco Connect<\/title>\n<meta name=\"robots\" content=\"index, follow, max-snippet:-1, max-image-preview:large, max-video-preview:-1\" \/>\n<link rel=\"canonical\" href=\"https:\/\/get.agcoconnect.com\/da\/anvendelsesvilkr\/\" \/>\n<meta property=\"og:locale\" content=\"da_DK\" \/>\n<meta property=\"og:type\" content=\"article\" \/>\n<meta property=\"og:title\" content=\"Anvendelsesvilk&aring;r - Agco Connect\" \/>\n<meta property=\"og:description\" content=\"Dette AGCO-websted stilles til r\u00e5dighed for dig p\u00e5 de vilk\u00e5r, der er angivet nedenfor. Din adgang til og brug af dette websted udg\u00f8r accept af disse vilk\u00e5r. Hvis du ikke accepterer disse vilk\u00e5r, m\u00e5 du ikke bruge vores websted. Vores erkl\u00e6ring om beskyttelse af personlige oplysninger kan ogs\u00e5 g\u00e6lde for din brug af vores websted. [&hellip;]\" \/>\n<meta property=\"og:url\" content=\"https:\/\/get.agcoconnect.com\/da\/anvendelsesvilkr\/\" \/>\n<meta property=\"og:site_name\" content=\"Agco Connect\" \/>\n<meta property=\"article:modified_time\" content=\"2021-01-15T07:38:00+00:00\" \/>\n<meta property=\"og:image\" content=\"https:\/\/get.agcoconnect.com\/assets\/files\/2019\/01\/AGCO-Connect-SC-Valtra-hero-pixilation-red-3.jpg\" \/>\n\t<meta property=\"og:image:width\" content=\"1600\" \/>\n\t<meta property=\"og:image:height\" content=\"900\" \/>\n\t<meta property=\"og:image:type\" content=\"image\/jpeg\" \/>\n<meta name=\"twitter:card\" content=\"summary_large_image\" \/>\n<meta name=\"twitter:label1\" content=\"Estimeret l\u00e6setid\" \/>\n\t<meta name=\"twitter:data1\" content=\"5 minutter\" \/>\n<script type=\"application\/ld+json\" class=\"yoast-schema-graph\">{\"@context\":\"https:\/\/schema.org\",\"@graph\":[{\"@type\":\"WebPage\",\"@id\":\"https:\/\/get.agcoconnect.com\/da\/anvendelsesvilkr\/\",\"url\":\"https:\/\/get.agcoconnect.com\/da\/anvendelsesvilkr\/\",\"name\":\"Anvendelsesvilk&aring;r - Agco Connect\",\"isPartOf\":{\"@id\":\"https:\/\/get.agcoconnect.com\/#website\"},\"primaryImageOfPage\":{\"@id\":\"https:\/\/get.agcoconnect.com\/da\/anvendelsesvilkr\/#primaryimage\"},\"image\":{\"@id\":\"https:\/\/get.agcoconnect.com\/da\/anvendelsesvilkr\/#primaryimage\"},\"thumbnailUrl\":\"https:\/\/get.agcoconnect.com\/assets\/files\/2019\/01\/AGCO-Connect-SC-Valtra-hero-pixilation-red-3.jpg\",\"datePublished\":\"2021-01-14T07:30:08+00:00\",\"dateModified\":\"2021-01-15T07:38:00+00:00\",\"breadcrumb\":{\"@id\":\"https:\/\/get.agcoconnect.com\/da\/anvendelsesvilkr\/#breadcrumb\"},\"inLanguage\":\"da-DK\",\"potentialAction\":[{\"@type\":\"ReadAction\",\"target\":[\"https:\/\/get.agcoconnect.com\/da\/anvendelsesvilkr\/\"]}]},{\"@type\":\"ImageObject\",\"inLanguage\":\"da-DK\",\"@id\":\"https:\/\/get.agcoconnect.com\/da\/anvendelsesvilkr\/#primaryimage\",\"url\":\"https:\/\/get.agcoconnect.com\/assets\/files\/2019\/01\/AGCO-Connect-SC-Valtra-hero-pixilation-red-3.jpg\",\"contentUrl\":\"https:\/\/get.agcoconnect.com\/assets\/files\/2019\/01\/AGCO-Connect-SC-Valtra-hero-pixilation-red-3.jpg\",\"width\":1600,\"height\":900},{\"@type\":\"BreadcrumbList\",\"@id\":\"https:\/\/get.agcoconnect.com\/da\/anvendelsesvilkr\/#breadcrumb\",\"itemListElement\":[{\"@type\":\"ListItem\",\"position\":1,\"name\":\"Home\",\"item\":\"https:\/\/get.agcoconnect.com\/da\/\"},{\"@type\":\"ListItem\",\"position\":2,\"name\":\"Anvendelsesvilk&aring;r\"}]},{\"@type\":\"WebSite\",\"@id\":\"https:\/\/get.agcoconnect.com\/#website\",\"url\":\"https:\/\/get.agcoconnect.com\/\",\"name\":\"Agco Connect\",\"description\":\"\",\"potentialAction\":[{\"@type\":\"SearchAction\",\"target\":{\"@type\":\"EntryPoint\",\"urlTemplate\":\"https:\/\/get.agcoconnect.com\/?s={search_term_string}\"},\"query-input\":{\"@type\":\"PropertyValueSpecification\",\"valueRequired\":true,\"valueName\":\"search_term_string\"}}],\"inLanguage\":\"da-DK\"}]}<\/script>\n<!-- \/ Yoast SEO plugin. -->","yoast_head_json":{"title":"Anvendelsesvilk&aring;r - Agco Connect","robots":{"index":"index","follow":"follow","max-snippet":"max-snippet:-1","max-image-preview":"max-image-preview:large","max-video-preview":"max-video-preview:-1"},"canonical":"https:\/\/get.agcoconnect.com\/da\/anvendelsesvilkr\/","og_locale":"da_DK","og_type":"article","og_title":"Anvendelsesvilk&aring;r - Agco Connect","og_description":"Dette AGCO-websted stilles til r\u00e5dighed for dig p\u00e5 de vilk\u00e5r, der er angivet nedenfor. Din adgang til og brug af dette websted udg\u00f8r accept af disse vilk\u00e5r. Hvis du ikke accepterer disse vilk\u00e5r, m\u00e5 du ikke bruge vores websted. Vores erkl\u00e6ring om beskyttelse af personlige oplysninger kan ogs\u00e5 g\u00e6lde for din brug af vores websted. [&hellip;]","og_url":"https:\/\/get.agcoconnect.com\/da\/anvendelsesvilkr\/","og_site_name":"Agco Connect","article_modified_time":"2021-01-15T07:38:00+00:00","og_image":[{"width":1600,"height":900,"url":"https:\/\/get.agcoconnect.com\/assets\/files\/2019\/01\/AGCO-Connect-SC-Valtra-hero-pixilation-red-3.jpg","type":"image\/jpeg"}],"twitter_card":"summary_large_image","twitter_misc":{"Estimeret l\u00e6setid":"5 minutter"},"schema":{"@context":"https:\/\/schema.org","@graph":[{"@type":"WebPage","@id":"https:\/\/get.agcoconnect.com\/da\/anvendelsesvilkr\/","url":"https:\/\/get.agcoconnect.com\/da\/anvendelsesvilkr\/","name":"Anvendelsesvilk&aring;r - Agco Connect","isPartOf":{"@id":"https:\/\/get.agcoconnect.com\/#website"},"primaryImageOfPage":{"@id":"https:\/\/get.agcoconnect.com\/da\/anvendelsesvilkr\/#primaryimage"},"image":{"@id":"https:\/\/get.agcoconnect.com\/da\/anvendelsesvilkr\/#primaryimage"},"thumbnailUrl":"https:\/\/get.agcoconnect.com\/assets\/files\/2019\/01\/AGCO-Connect-SC-Valtra-hero-pixilation-red-3.jpg","datePublished":"2021-01-14T07:30:08+00:00","dateModified":"2021-01-15T07:38:00+00:00","breadcrumb":{"@id":"https:\/\/get.agcoconnect.com\/da\/anvendelsesvilkr\/#breadcrumb"},"inLanguage":"da-DK","potentialAction":[{"@type":"ReadAction","target":["https:\/\/get.agcoconnect.com\/da\/anvendelsesvilkr\/"]}]},{"@type":"ImageObject","inLanguage":"da-DK","@id":"https:\/\/get.agcoconnect.com\/da\/anvendelsesvilkr\/#primaryimage","url":"https:\/\/get.agcoconnect.com\/assets\/files\/2019\/01\/AGCO-Connect-SC-Valtra-hero-pixilation-red-3.jpg","contentUrl":"https:\/\/get.agcoconnect.com\/assets\/files\/2019\/01\/AGCO-Connect-SC-Valtra-hero-pixilation-red-3.jpg","width":1600,"height":900},{"@type":"BreadcrumbList","@id":"https:\/\/get.agcoconnect.com\/da\/anvendelsesvilkr\/#breadcrumb","itemListElement":[{"@type":"ListItem","position":1,"name":"Home","item":"https:\/\/get.agcoconnect.com\/da\/"},{"@type":"ListItem","position":2,"name":"Anvendelsesvilk&aring;r"}]},{"@type":"WebSite","@id":"https:\/\/get.agcoconnect.com\/#website","url":"https:\/\/get.agcoconnect.com\/","name":"Agco Connect","description":"","potentialAction":[{"@type":"SearchAction","target":{"@type":"EntryPoint","urlTemplate":"https:\/\/get.agcoconnect.com\/?s={search_term_string}"},"query-input":{"@type":"PropertyValueSpecification","valueRequired":true,"valueName":"search_term_string"}}],"inLanguage":"da-DK"}]}},"_links":{"self":[{"href":"https:\/\/get.agcoconnect.com\/da\/wp-json\/wp\/v2\/pages\/6350","targetHints":{"allow":["GET"]}}],"collection":[{"href":"https:\/\/get.agcoconnect.com\/da\/wp-json\/wp\/v2\/pages"}],"about":[{"href":"https:\/\/get.agcoconnect.com\/da\/wp-json\/wp\/v2\/types\/page"}],"author":[{"embeddable":true,"href":"https:\/\/get.agcoconnect.com\/da\/wp-json\/wp\/v2\/users\/2"}],"replies":[{"embeddable":true,"href":"https:\/\/get.agcoconnect.com\/da\/wp-json\/wp\/v2\/comments?post=6350"}],"version-history":[{"count":2,"href":"https:\/\/get.agcoconnect.com\/da\/wp-json\/wp\/v2\/pages\/6350\/revisions"}],"predecessor-version":[{"id":6548,"href":"https:\/\/get.agcoconnect.com\/da\/wp-json\/wp\/v2\/pages\/6350\/revisions\/6548"}],"wp:featuredmedia":[{"embeddable":true,"href":"https:\/\/get.agcoconnect.com\/da\/wp-json\/wp\/v2\/media\/5926"}],"wp:attachment":[{"href":"https:\/\/get.agcoconnect.com\/da\/wp-json\/wp\/v2\/media?parent=6350"}],"curies":[{"name":"wp","href":"https:\/\/api.w.org\/{rel}","templated":true}]}}